{"id":18925,"date":"2025-03-31T10:45:39","date_gmt":"2025-03-31T08:45:39","guid":{"rendered":"https:\/\/comixburo.com\/?post_type=product&#038;p=18925"},"modified":"2025-10-26T15:33:26","modified_gmt":"2025-10-26T14:33:26","slug":"figurine-tetram-trolls-troy-dessin-mourier","status":"publish","type":"product","link":"https:\/\/comixburo.com\/en\/product\/figurine-tetram-trolls-troy-dessin-mourier\/","title":{"rendered":"Figurine Tetr\u00e4m Trolls Troy"},"content":{"rendered":"<h1>Figurine collection Attakus.<\/h1>\n<h3><strong>Figurine Tetr\u00e4m Trolls Troy<\/strong><\/h3>\n<h3><strong>BD Trolls de Troy.<\/strong><\/h3>\n<p>R\u00e9f : C778.<br \/>\nTirage : 1500 ex.<br \/>\nTaille : 14 cm.<\/p>\n<p>Tetr\u00e4m est l\u2019un des principaux personnages de la s\u00e9rie Trolls de Troy s\u00e9rie (23 tomes parus). Au sc\u00e9nario, Christophe Arleston et aux crayons Jean-Louis Mourier.<br \/>\nStatue collector en r\u00e9sine num\u00e9rot\u00e9e et limit\u00e9e \u00e0 1500 exemplaires dans le monde. Sculpt\u00e9e en France, et peinte \u00e0 la main. Livr\u00e9e avec son certificat d\u2019authenticit\u00e9 Attakus Collection.<\/p>\n<h4>Tetr\u00e4m est un troll comme les autres, et oui : braillard, plein de poils et de mouches vertes.<\/h4>\n<p>Il aime le vin de Klostope et le paysan farci. Ce bon p\u00e8re de famille n&rsquo;a peur de rien, sauf, bien entendu, de l&rsquo;eau, comme tous ses cong\u00e9n\u00e8res.<\/p>\n<p>Figurine Tetr\u00e4m Trolls Troy. Vous connaissez d\u00e9j\u00e0 <strong>H\u00e9bus<\/strong>, le troll de grande renomm\u00e9e de la s\u00e9rie <a href=\"https:\/\/www.editions-soleil.fr\/bd\/series\/serie-lanfeust-de-troy\"><em><strong>Lanfeust de Troy<\/strong><\/em><\/a>&#8230; Faites la connaissance de son grand-p\u00e8re, le troll Tetr\u00e4m, dont les aventures se d\u00e9roulent plusieurs g\u00e9n\u00e9rations avant celles de Lanfeust.<\/p>\n<div class=\"page-details__text field-sep-top\">\n<div class=\"field field-taxonomy-term--field-serie-glossary-desc field-name-field-serie-glossary-desc field-type-text-long field-label-hidden\">\n<p>Toujours accompagn\u00e9 d&rsquo;une jeune et splendide humaine \u00e9lev\u00e9e par les trolls, Tetr\u00e4m d\u00e9fend les siens contre les humains, qui tentent, gr\u00e2ce \u00e0 leurs pouvoirs magiques, d&rsquo;exterminer les trolls. Aventures fantastiques, humour d\u00e9brid\u00e9, cette s\u00e9rie va s\u00e9duire les amoureux du monde de Troy, servie par le talent extraordinaire de Jean-Louis Mourier.<\/p>\n<\/div>\n<\/div>\n<p><a href=\"https:\/\/comixburo.com\/en\/product-category\/attakus\/\">D\u00e9couvrez d&rsquo;autres produits Trolls de Troy<\/a><\/p>\n<p><a href=\"https:\/\/www.editions-soleil.fr\/bd\/series\/serie-trolls-de-troy\">Site de l&rsquo;\u00e9diteur Soleil.<\/a><\/p>","protected":false},"excerpt":{"rendered":"<div class=\"woocommerce-product-details__short-description\">\n<p>Plongez dans l\u2019univers de la s\u00e9rie BD Trolls de Troy et d\u00e9couvrez Tetr\u00e4m !<\/p>\n<p>Figurine Tetr\u00e4m Trolls Troy<\/p>\n<\/div>","protected":false},"featured_media":18926,"comment_status":"open","ping_status":"closed","template":"","meta":[],"product_brand":[109,108],"product_cat":[111,106,93],"product_tag":[],"class_list":{"0":"post-18925","1":"product","2":"type-product","3":"status-publish","4":"has-post-thumbnail","6":"product_brand-attakus","7":"product_brand-comix-buro","8":"product_cat-attakus","9":"product_cat-statues","10":"product_cat-tous","12":"first","13":"outofstock","14":"taxable","15":"shipping-taxable","16":"purchasable","17":"product-type-simple"},"yoast_head":"<!-- This site is optimized with the Yoast SEO plugin v26.9 - https:\/\/yoast.com\/product\/yoast-seo-wordpress\/ -->\n<title>Figurine Tetr\u00e4m Trolls Troy - comixburo.com<\/title>\n<meta name=\"description\" content=\"Statuette Tetram Trolls de Troy, sc\u00e9naris\u00e9e par Christophe Arleston &amp;Jean-Louis Mourier. Statue collector en r\u00e9sine num\u00e9rot\u00e9e. Figurine Tetr\u00e4m Trolls Troy\" \/>\n<meta name=\"robots\" content=\"index, follow, max-snippet:-1, max-image-preview:large, max-video-preview:-1\" \/>\n<link rel=\"canonical\" href=\"https:\/\/comixburo.com\/en\/product\/figurine-tetram-trolls-troy-dessin-mourier\/\" \/>\n<meta property=\"og:locale\" content=\"en_GB\" \/>\n<meta property=\"og:type\" content=\"article\" \/>\n<meta property=\"og:title\" content=\"Figurine Tetr\u00e4m Trolls Troy - comixburo.com\" \/>\n<meta property=\"og:description\" content=\"Statuette Tetram Trolls de Troy, sc\u00e9naris\u00e9e par Christophe Arleston &amp;Jean-Louis Mourier. Statue collector en r\u00e9sine num\u00e9rot\u00e9e. Figurine Tetr\u00e4m Trolls Troy\" \/>\n<meta property=\"og:url\" content=\"https:\/\/comixburo.com\/en\/product\/figurine-tetram-trolls-troy-dessin-mourier\/\" \/>\n<meta property=\"og:site_name\" content=\"comixburo.com\" \/>\n<meta property=\"article:publisher\" content=\"https:\/\/www.facebook.com\/comixburo\" \/>\n<meta property=\"article:modified_time\" content=\"2025-10-26T14:33:26+00:00\" \/>\n<meta property=\"og:image\" content=\"https:\/\/comixburo.com\/wp-content\/uploads\/2025\/03\/C778-tetram-troll-de-troy-mourier-attakus-01.webp\" \/>\n\t<meta property=\"og:image:width\" content=\"674\" \/>\n\t<meta property=\"og:image:height\" content=\"1000\" \/>\n\t<meta property=\"og:image:type\" content=\"image\/webp\" \/>\n<meta name=\"twitter:card\" content=\"summary_large_image\" \/>\n<meta name=\"twitter:label1\" content=\"Estimated reading time\" \/>\n\t<meta name=\"twitter:data1\" content=\"2 minutes\" \/>\n<script type=\"application\/ld+json\" class=\"yoast-schema-graph\">{\"@context\":\"https:\/\/schema.org\",\"@graph\":[{\"@type\":\"WebPage\",\"@id\":\"https:\/\/comixburo.com\/produit\/figurine-tetram-trolls-troy-dessin-mourier\/\",\"url\":\"https:\/\/comixburo.com\/produit\/figurine-tetram-trolls-troy-dessin-mourier\/\",\"name\":\"Figurine Tetr\u00e4m Trolls Troy - comixburo.com\",\"isPartOf\":{\"@id\":\"https:\/\/comixburo.com\/#website\"},\"primaryImageOfPage\":{\"@id\":\"https:\/\/comixburo.com\/produit\/figurine-tetram-trolls-troy-dessin-mourier\/#primaryimage\"},\"image\":{\"@id\":\"https:\/\/comixburo.com\/produit\/figurine-tetram-trolls-troy-dessin-mourier\/#primaryimage\"},\"thumbnailUrl\":\"https:\/\/comixburo.com\/wp-content\/uploads\/2025\/03\/C778-tetram-troll-de-troy-mourier-attakus-01.webp\",\"datePublished\":\"2025-03-31T08:45:39+00:00\",\"dateModified\":\"2025-10-26T14:33:26+00:00\",\"description\":\"Statuette Tetram Trolls de Troy, sc\u00e9naris\u00e9e par Christophe Arleston &Jean-Louis Mourier. Statue collector en r\u00e9sine num\u00e9rot\u00e9e. Figurine Tetr\u00e4m Trolls Troy\",\"breadcrumb\":{\"@id\":\"https:\/\/comixburo.com\/produit\/figurine-tetram-trolls-troy-dessin-mourier\/#breadcrumb\"},\"inLanguage\":\"en-GB\",\"potentialAction\":[{\"@type\":\"ReadAction\",\"target\":[\"https:\/\/comixburo.com\/produit\/figurine-tetram-trolls-troy-dessin-mourier\/\"]}]},{\"@type\":\"ImageObject\",\"inLanguage\":\"en-GB\",\"@id\":\"https:\/\/comixburo.com\/produit\/figurine-tetram-trolls-troy-dessin-mourier\/#primaryimage\",\"url\":\"https:\/\/comixburo.com\/wp-content\/uploads\/2025\/03\/C778-tetram-troll-de-troy-mourier-attakus-01.webp\",\"contentUrl\":\"https:\/\/comixburo.com\/wp-content\/uploads\/2025\/03\/C778-tetram-troll-de-troy-mourier-attakus-01.webp\",\"width\":674,\"height\":1000,\"caption\":\"Figurine Tetr\u00e4m Trolls Troy\"},{\"@type\":\"BreadcrumbList\",\"@id\":\"https:\/\/comixburo.com\/produit\/figurine-tetram-trolls-troy-dessin-mourier\/#breadcrumb\",\"itemListElement\":[{\"@type\":\"ListItem\",\"position\":1,\"name\":\"Home\",\"item\":\"https:\/\/comixburo.com\/\"},{\"@type\":\"ListItem\",\"position\":2,\"name\":\"La boutique Comix Buro\",\"item\":\"https:\/\/comixburo.com\/la-boutique-comix-buro\/\"},{\"@type\":\"ListItem\",\"position\":3,\"name\":\"Figurine Tetr\u00e4m Trolls Troy\"}]},{\"@type\":\"WebSite\",\"@id\":\"https:\/\/comixburo.com\/#website\",\"url\":\"https:\/\/comixburo.com\/\",\"name\":\"comixburo.com\",\"description\":\"Cr\u00e9ateur de projets : Sketchbook d&#039;artistes !\",\"publisher\":{\"@id\":\"https:\/\/comixburo.com\/#organization\"},\"alternateName\":\"Comix Buro\",\"potentialAction\":[{\"@type\":\"SearchAction\",\"target\":{\"@type\":\"EntryPoint\",\"urlTemplate\":\"https:\/\/comixburo.com\/?s={search_term_string}\"},\"query-input\":{\"@type\":\"PropertyValueSpecification\",\"valueRequired\":true,\"valueName\":\"search_term_string\"}}],\"inLanguage\":\"en-GB\"},{\"@type\":\"Organization\",\"@id\":\"https:\/\/comixburo.com\/#organization\",\"name\":\"comixburo.com\",\"url\":\"https:\/\/comixburo.com\/\",\"logo\":{\"@type\":\"ImageObject\",\"inLanguage\":\"en-GB\",\"@id\":\"https:\/\/comixburo.com\/#\/schema\/logo\/image\/\",\"url\":\"https:\/\/comixburo.com\/wp-content\/uploads\/2025\/04\/logo-cxb-ROND.webp\",\"contentUrl\":\"https:\/\/comixburo.com\/wp-content\/uploads\/2025\/04\/logo-cxb-ROND.webp\",\"width\":200,\"height\":200,\"caption\":\"comixburo.com\"},\"image\":{\"@id\":\"https:\/\/comixburo.com\/#\/schema\/logo\/image\/\"},\"sameAs\":[\"https:\/\/www.facebook.com\/comixburo\",\"https:\/\/www.instagram.com\/comixburo\/\"]}]}<\/script>\n<!-- \/ Yoast SEO plugin. -->","yoast_head_json":{"title":"Figurine Tetr\u00e4m Trolls Troy - comixburo.com","description":"Statuette Tetram Trolls de Troy, sc\u00e9naris\u00e9e par Christophe Arleston &Jean-Louis Mourier. Statue collector en r\u00e9sine num\u00e9rot\u00e9e. Figurine Tetr\u00e4m Trolls Troy","robots":{"index":"index","follow":"follow","max-snippet":"max-snippet:-1","max-image-preview":"max-image-preview:large","max-video-preview":"max-video-preview:-1"},"canonical":"https:\/\/comixburo.com\/en\/product\/figurine-tetram-trolls-troy-dessin-mourier\/","og_locale":"en_GB","og_type":"article","og_title":"Figurine Tetr\u00e4m Trolls Troy - comixburo.com","og_description":"Statuette Tetram Trolls de Troy, sc\u00e9naris\u00e9e par Christophe Arleston &Jean-Louis Mourier. Statue collector en r\u00e9sine num\u00e9rot\u00e9e. Figurine Tetr\u00e4m Trolls Troy","og_url":"https:\/\/comixburo.com\/en\/product\/figurine-tetram-trolls-troy-dessin-mourier\/","og_site_name":"comixburo.com","article_publisher":"https:\/\/www.facebook.com\/comixburo","article_modified_time":"2025-10-26T14:33:26+00:00","og_image":[{"width":674,"height":1000,"url":"https:\/\/comixburo.com\/wp-content\/uploads\/2025\/03\/C778-tetram-troll-de-troy-mourier-attakus-01.webp","type":"image\/webp"}],"twitter_card":"summary_large_image","twitter_misc":{"Estimated reading time":"2 minutes"},"schema":{"@context":"https:\/\/schema.org","@graph":[{"@type":"WebPage","@id":"https:\/\/comixburo.com\/produit\/figurine-tetram-trolls-troy-dessin-mourier\/","url":"https:\/\/comixburo.com\/produit\/figurine-tetram-trolls-troy-dessin-mourier\/","name":"Figurine Tetr\u00e4m Trolls Troy - comixburo.com","isPartOf":{"@id":"https:\/\/comixburo.com\/#website"},"primaryImageOfPage":{"@id":"https:\/\/comixburo.com\/produit\/figurine-tetram-trolls-troy-dessin-mourier\/#primaryimage"},"image":{"@id":"https:\/\/comixburo.com\/produit\/figurine-tetram-trolls-troy-dessin-mourier\/#primaryimage"},"thumbnailUrl":"https:\/\/comixburo.com\/wp-content\/uploads\/2025\/03\/C778-tetram-troll-de-troy-mourier-attakus-01.webp","datePublished":"2025-03-31T08:45:39+00:00","dateModified":"2025-10-26T14:33:26+00:00","description":"Statuette Tetram Trolls de Troy, sc\u00e9naris\u00e9e par Christophe Arleston &Jean-Louis Mourier. Statue collector en r\u00e9sine num\u00e9rot\u00e9e. Figurine Tetr\u00e4m Trolls Troy","breadcrumb":{"@id":"https:\/\/comixburo.com\/produit\/figurine-tetram-trolls-troy-dessin-mourier\/#breadcrumb"},"inLanguage":"en-GB","potentialAction":[{"@type":"ReadAction","target":["https:\/\/comixburo.com\/produit\/figurine-tetram-trolls-troy-dessin-mourier\/"]}]},{"@type":"ImageObject","inLanguage":"en-GB","@id":"https:\/\/comixburo.com\/produit\/figurine-tetram-trolls-troy-dessin-mourier\/#primaryimage","url":"https:\/\/comixburo.com\/wp-content\/uploads\/2025\/03\/C778-tetram-troll-de-troy-mourier-attakus-01.webp","contentUrl":"https:\/\/comixburo.com\/wp-content\/uploads\/2025\/03\/C778-tetram-troll-de-troy-mourier-attakus-01.webp","width":674,"height":1000,"caption":"Figurine Tetr\u00e4m Trolls Troy"},{"@type":"BreadcrumbList","@id":"https:\/\/comixburo.com\/produit\/figurine-tetram-trolls-troy-dessin-mourier\/#breadcrumb","itemListElement":[{"@type":"ListItem","position":1,"name":"Home","item":"https:\/\/comixburo.com\/"},{"@type":"ListItem","position":2,"name":"La boutique Comix Buro","item":"https:\/\/comixburo.com\/la-boutique-comix-buro\/"},{"@type":"ListItem","position":3,"name":"Figurine Tetr\u00e4m Trolls Troy"}]},{"@type":"WebSite","@id":"https:\/\/comixburo.com\/#website","url":"https:\/\/comixburo.com\/","name":"comixburo.com","description":"Cr\u00e9ateur de projets : Sketchbook d&#039;artistes !","publisher":{"@id":"https:\/\/comixburo.com\/#organization"},"alternateName":"Comix Buro","potentialAction":[{"@type":"SearchAction","target":{"@type":"EntryPoint","urlTemplate":"https:\/\/comixburo.com\/?s={search_term_string}"},"query-input":{"@type":"PropertyValueSpecification","valueRequired":true,"valueName":"search_term_string"}}],"inLanguage":"en-GB"},{"@type":"Organization","@id":"https:\/\/comixburo.com\/#organization","name":"comixburo.com","url":"https:\/\/comixburo.com\/","logo":{"@type":"ImageObject","inLanguage":"en-GB","@id":"https:\/\/comixburo.com\/#\/schema\/logo\/image\/","url":"https:\/\/comixburo.com\/wp-content\/uploads\/2025\/04\/logo-cxb-ROND.webp","contentUrl":"https:\/\/comixburo.com\/wp-content\/uploads\/2025\/04\/logo-cxb-ROND.webp","width":200,"height":200,"caption":"comixburo.com"},"image":{"@id":"https:\/\/comixburo.com\/#\/schema\/logo\/image\/"},"sameAs":["https:\/\/www.facebook.com\/comixburo","https:\/\/www.instagram.com\/comixburo\/"]}]}},"jetpack_sharing_enabled":true,"_links":{"self":[{"href":"https:\/\/comixburo.com\/en\/wp-json\/wp\/v2\/product\/18925","targetHints":{"allow":["GET"]}}],"collection":[{"href":"https:\/\/comixburo.com\/en\/wp-json\/wp\/v2\/product"}],"about":[{"href":"https:\/\/comixburo.com\/en\/wp-json\/wp\/v2\/types\/product"}],"replies":[{"embeddable":true,"href":"https:\/\/comixburo.com\/en\/wp-json\/wp\/v2\/comments?post=18925"}],"version-history":[{"count":18,"href":"https:\/\/comixburo.com\/en\/wp-json\/wp\/v2\/product\/18925\/revisions"}],"predecessor-version":[{"id":19567,"href":"https:\/\/comixburo.com\/en\/wp-json\/wp\/v2\/product\/18925\/revisions\/19567"}],"wp:featuredmedia":[{"embeddable":true,"href":"https:\/\/comixburo.com\/en\/wp-json\/wp\/v2\/media\/18926"}],"wp:attachment":[{"href":"https:\/\/comixburo.com\/en\/wp-json\/wp\/v2\/media?parent=18925"}],"wp:term":[{"taxonomy":"product_brand","embeddable":true,"href":"https:\/\/comixburo.com\/en\/wp-json\/wp\/v2\/product_brand?post=18925"},{"taxonomy":"product_cat","embeddable":true,"href":"https:\/\/comixburo.com\/en\/wp-json\/wp\/v2\/product_cat?post=18925"},{"taxonomy":"product_tag","embeddable":true,"href":"https:\/\/comixburo.com\/en\/wp-json\/wp\/v2\/product_tag?post=18925"}],"curies":[{"name":"wp","href":"https:\/\/api.w.org\/{rel}","templated":true}]}}