{"id":19932,"date":"2025-04-30T14:36:34","date_gmt":"2025-04-30T12:36:34","guid":{"rendered":"https:\/\/comixburo.com\/?post_type=product&#038;p=19932"},"modified":"2025-04-30T14:40:28","modified_gmt":"2025-04-30T12:40:28","slug":"little-hero-blackcat-et-son-chien-varanda","status":"publish","type":"product","link":"https:\/\/comixburo.com\/en\/product\/little-hero-blackcat-et-son-chien-varanda\/","title":{"rendered":"Little Hero BLACKCAT ET SON CHIEN &#8211; Varanda"},"content":{"rendered":"<h1>Little Hero BLACK CAT ET SON CHIEN &#8211; Varanda<\/h1>\n<h2>Original sur calque A4. Croquis de recherche et ex\u00e9cution crayonn\u00e9.<\/h2>\n<p>&nbsp;<\/p>","protected":false},"excerpt":{"rendered":"<h1>Little Hero BLACK CAT ET SON CHIEN &#8211; Varanda<\/h1>\n<p>Crayonn\u00e9s originaux sur calque : Recherche et dessin final.<\/p>","protected":false},"featured_media":18501,"comment_status":"open","ping_status":"closed","template":"","meta":[],"product_brand":[],"product_cat":[98,93],"product_tag":[],"class_list":{"0":"post-19932","1":"product","2":"type-product","3":"status-publish","4":"has-post-thumbnail","6":"product_cat-originaux","7":"product_cat-tous","9":"first","10":"instock","11":"sold-individually","12":"taxable","13":"shipping-taxable","14":"purchasable","15":"product-type-simple"},"yoast_head":"<!-- This site is optimized with the Yoast SEO plugin v26.9 - https:\/\/yoast.com\/product\/yoast-seo-wordpress\/ -->\n<title>Little Hero BLACKCAT ET SON CHIEN - Varanda - comixburo.com<\/title>\n<meta name=\"description\" content=\"Offrez-vous un original d&#039;Alberto Varanda de super-h\u00e9ro,, Little Hero BLACKCAT ET SON CHIEN - Varanda croquis de recherche et ex\u00e9cution du crayonn\u00e9.\" \/>\n<meta name=\"robots\" content=\"index, follow, max-snippet:-1, max-image-preview:large, max-video-preview:-1\" \/>\n<link rel=\"canonical\" href=\"https:\/\/comixburo.com\/en\/product\/little-hero-blackcat-et-son-chien-varanda\/\" \/>\n<meta property=\"og:locale\" content=\"en_GB\" \/>\n<meta property=\"og:type\" content=\"article\" \/>\n<meta property=\"og:title\" content=\"Little Hero BLACKCAT ET SON CHIEN - Varanda - comixburo.com\" \/>\n<meta property=\"og:description\" content=\"Offrez-vous un original d&#039;Alberto Varanda de super-h\u00e9ro,, Little Hero BLACKCAT ET SON CHIEN - Varanda croquis de recherche et ex\u00e9cution du crayonn\u00e9.\" \/>\n<meta property=\"og:url\" content=\"https:\/\/comixburo.com\/en\/product\/little-hero-blackcat-et-son-chien-varanda\/\" \/>\n<meta property=\"og:site_name\" content=\"comixburo.com\" \/>\n<meta property=\"article:publisher\" content=\"https:\/\/www.facebook.com\/comixburo\" \/>\n<meta property=\"article:modified_time\" content=\"2025-04-30T12:40:28+00:00\" \/>\n<meta property=\"og:image\" content=\"https:\/\/comixburo.com\/wp-content\/uploads\/2025\/03\/alberto-varanda-chaton-noire-original-bd-croquis-dessin.webp\" \/>\n\t<meta property=\"og:image:width\" content=\"1146\" \/>\n\t<meta property=\"og:image:height\" content=\"1500\" \/>\n\t<meta property=\"og:image:type\" content=\"image\/webp\" \/>\n<meta name=\"twitter:card\" content=\"summary_large_image\" \/>\n<meta name=\"twitter:label1\" content=\"Estimated reading time\" \/>\n\t<meta name=\"twitter:data1\" content=\"1 minute\" \/>\n<script type=\"application\/ld+json\" class=\"yoast-schema-graph\">{\"@context\":\"https:\/\/schema.org\",\"@graph\":[{\"@type\":\"WebPage\",\"@id\":\"https:\/\/comixburo.com\/produit\/little-hero-blackcat-et-son-chien-varanda\/\",\"url\":\"https:\/\/comixburo.com\/produit\/little-hero-blackcat-et-son-chien-varanda\/\",\"name\":\"Little Hero BLACKCAT ET SON CHIEN - Varanda - comixburo.com\",\"isPartOf\":{\"@id\":\"https:\/\/comixburo.com\/#website\"},\"primaryImageOfPage\":{\"@id\":\"https:\/\/comixburo.com\/produit\/little-hero-blackcat-et-son-chien-varanda\/#primaryimage\"},\"image\":{\"@id\":\"https:\/\/comixburo.com\/produit\/little-hero-blackcat-et-son-chien-varanda\/#primaryimage\"},\"thumbnailUrl\":\"https:\/\/comixburo.com\/wp-content\/uploads\/2025\/03\/alberto-varanda-chaton-noire-original-bd-croquis-dessin.webp\",\"datePublished\":\"2025-04-30T12:36:34+00:00\",\"dateModified\":\"2025-04-30T12:40:28+00:00\",\"description\":\"Offrez-vous un original d'Alberto Varanda de super-h\u00e9ro,, Little Hero BLACKCAT ET SON CHIEN - Varanda croquis de recherche et ex\u00e9cution du crayonn\u00e9.\",\"breadcrumb\":{\"@id\":\"https:\/\/comixburo.com\/produit\/little-hero-blackcat-et-son-chien-varanda\/#breadcrumb\"},\"inLanguage\":\"en-GB\",\"potentialAction\":[{\"@type\":\"ReadAction\",\"target\":[\"https:\/\/comixburo.com\/produit\/little-hero-blackcat-et-son-chien-varanda\/\"]}]},{\"@type\":\"ImageObject\",\"inLanguage\":\"en-GB\",\"@id\":\"https:\/\/comixburo.com\/produit\/little-hero-blackcat-et-son-chien-varanda\/#primaryimage\",\"url\":\"https:\/\/comixburo.com\/wp-content\/uploads\/2025\/03\/alberto-varanda-chaton-noire-original-bd-croquis-dessin.webp\",\"contentUrl\":\"https:\/\/comixburo.com\/wp-content\/uploads\/2025\/03\/alberto-varanda-chaton-noire-original-bd-croquis-dessin.webp\",\"width\":1146,\"height\":1500,\"caption\":\"Little Hero BLACKCAT ET SON CHIEN - Varanda\"},{\"@type\":\"BreadcrumbList\",\"@id\":\"https:\/\/comixburo.com\/produit\/little-hero-blackcat-et-son-chien-varanda\/#breadcrumb\",\"itemListElement\":[{\"@type\":\"ListItem\",\"position\":1,\"name\":\"Home\",\"item\":\"https:\/\/comixburo.com\/\"},{\"@type\":\"ListItem\",\"position\":2,\"name\":\"La boutique Comix Buro\",\"item\":\"https:\/\/comixburo.com\/la-boutique-comix-buro\/\"},{\"@type\":\"ListItem\",\"position\":3,\"name\":\"Little Hero BLACKCAT ET SON CHIEN &#8211; Varanda\"}]},{\"@type\":\"WebSite\",\"@id\":\"https:\/\/comixburo.com\/#website\",\"url\":\"https:\/\/comixburo.com\/\",\"name\":\"comixburo.com\",\"description\":\"Cr\u00e9ateur de projets : Sketchbook d&#039;artistes !\",\"publisher\":{\"@id\":\"https:\/\/comixburo.com\/#organization\"},\"alternateName\":\"Comix Buro\",\"potentialAction\":[{\"@type\":\"SearchAction\",\"target\":{\"@type\":\"EntryPoint\",\"urlTemplate\":\"https:\/\/comixburo.com\/?s={search_term_string}\"},\"query-input\":{\"@type\":\"PropertyValueSpecification\",\"valueRequired\":true,\"valueName\":\"search_term_string\"}}],\"inLanguage\":\"en-GB\"},{\"@type\":\"Organization\",\"@id\":\"https:\/\/comixburo.com\/#organization\",\"name\":\"comixburo.com\",\"url\":\"https:\/\/comixburo.com\/\",\"logo\":{\"@type\":\"ImageObject\",\"inLanguage\":\"en-GB\",\"@id\":\"https:\/\/comixburo.com\/#\/schema\/logo\/image\/\",\"url\":\"https:\/\/comixburo.com\/wp-content\/uploads\/2025\/04\/logo-cxb-ROND.webp\",\"contentUrl\":\"https:\/\/comixburo.com\/wp-content\/uploads\/2025\/04\/logo-cxb-ROND.webp\",\"width\":200,\"height\":200,\"caption\":\"comixburo.com\"},\"image\":{\"@id\":\"https:\/\/comixburo.com\/#\/schema\/logo\/image\/\"},\"sameAs\":[\"https:\/\/www.facebook.com\/comixburo\",\"https:\/\/www.instagram.com\/comixburo\/\"]}]}<\/script>\n<!-- \/ Yoast SEO plugin. -->","yoast_head_json":{"title":"Little Hero BLACKCAT ET SON CHIEN - Varanda - comixburo.com","description":"Offrez-vous un original d'Alberto Varanda de super-h\u00e9ro,, Little Hero BLACKCAT ET SON CHIEN - Varanda croquis de recherche et ex\u00e9cution du crayonn\u00e9.","robots":{"index":"index","follow":"follow","max-snippet":"max-snippet:-1","max-image-preview":"max-image-preview:large","max-video-preview":"max-video-preview:-1"},"canonical":"https:\/\/comixburo.com\/en\/product\/little-hero-blackcat-et-son-chien-varanda\/","og_locale":"en_GB","og_type":"article","og_title":"Little Hero BLACKCAT ET SON CHIEN - Varanda - comixburo.com","og_description":"Offrez-vous un original d'Alberto Varanda de super-h\u00e9ro,, Little Hero BLACKCAT ET SON CHIEN - Varanda croquis de recherche et ex\u00e9cution du crayonn\u00e9.","og_url":"https:\/\/comixburo.com\/en\/product\/little-hero-blackcat-et-son-chien-varanda\/","og_site_name":"comixburo.com","article_publisher":"https:\/\/www.facebook.com\/comixburo","article_modified_time":"2025-04-30T12:40:28+00:00","og_image":[{"width":1146,"height":1500,"url":"https:\/\/comixburo.com\/wp-content\/uploads\/2025\/03\/alberto-varanda-chaton-noire-original-bd-croquis-dessin.webp","type":"image\/webp"}],"twitter_card":"summary_large_image","twitter_misc":{"Estimated reading time":"1 minute"},"schema":{"@context":"https:\/\/schema.org","@graph":[{"@type":"WebPage","@id":"https:\/\/comixburo.com\/produit\/little-hero-blackcat-et-son-chien-varanda\/","url":"https:\/\/comixburo.com\/produit\/little-hero-blackcat-et-son-chien-varanda\/","name":"Little Hero BLACKCAT ET SON CHIEN - Varanda - comixburo.com","isPartOf":{"@id":"https:\/\/comixburo.com\/#website"},"primaryImageOfPage":{"@id":"https:\/\/comixburo.com\/produit\/little-hero-blackcat-et-son-chien-varanda\/#primaryimage"},"image":{"@id":"https:\/\/comixburo.com\/produit\/little-hero-blackcat-et-son-chien-varanda\/#primaryimage"},"thumbnailUrl":"https:\/\/comixburo.com\/wp-content\/uploads\/2025\/03\/alberto-varanda-chaton-noire-original-bd-croquis-dessin.webp","datePublished":"2025-04-30T12:36:34+00:00","dateModified":"2025-04-30T12:40:28+00:00","description":"Offrez-vous un original d'Alberto Varanda de super-h\u00e9ro,, Little Hero BLACKCAT ET SON CHIEN - Varanda croquis de recherche et ex\u00e9cution du crayonn\u00e9.","breadcrumb":{"@id":"https:\/\/comixburo.com\/produit\/little-hero-blackcat-et-son-chien-varanda\/#breadcrumb"},"inLanguage":"en-GB","potentialAction":[{"@type":"ReadAction","target":["https:\/\/comixburo.com\/produit\/little-hero-blackcat-et-son-chien-varanda\/"]}]},{"@type":"ImageObject","inLanguage":"en-GB","@id":"https:\/\/comixburo.com\/produit\/little-hero-blackcat-et-son-chien-varanda\/#primaryimage","url":"https:\/\/comixburo.com\/wp-content\/uploads\/2025\/03\/alberto-varanda-chaton-noire-original-bd-croquis-dessin.webp","contentUrl":"https:\/\/comixburo.com\/wp-content\/uploads\/2025\/03\/alberto-varanda-chaton-noire-original-bd-croquis-dessin.webp","width":1146,"height":1500,"caption":"Little Hero BLACKCAT ET SON CHIEN - Varanda"},{"@type":"BreadcrumbList","@id":"https:\/\/comixburo.com\/produit\/little-hero-blackcat-et-son-chien-varanda\/#breadcrumb","itemListElement":[{"@type":"ListItem","position":1,"name":"Home","item":"https:\/\/comixburo.com\/"},{"@type":"ListItem","position":2,"name":"La boutique Comix Buro","item":"https:\/\/comixburo.com\/la-boutique-comix-buro\/"},{"@type":"ListItem","position":3,"name":"Little Hero BLACKCAT ET SON CHIEN &#8211; Varanda"}]},{"@type":"WebSite","@id":"https:\/\/comixburo.com\/#website","url":"https:\/\/comixburo.com\/","name":"comixburo.com","description":"Cr\u00e9ateur de projets : Sketchbook d&#039;artistes !","publisher":{"@id":"https:\/\/comixburo.com\/#organization"},"alternateName":"Comix Buro","potentialAction":[{"@type":"SearchAction","target":{"@type":"EntryPoint","urlTemplate":"https:\/\/comixburo.com\/?s={search_term_string}"},"query-input":{"@type":"PropertyValueSpecification","valueRequired":true,"valueName":"search_term_string"}}],"inLanguage":"en-GB"},{"@type":"Organization","@id":"https:\/\/comixburo.com\/#organization","name":"comixburo.com","url":"https:\/\/comixburo.com\/","logo":{"@type":"ImageObject","inLanguage":"en-GB","@id":"https:\/\/comixburo.com\/#\/schema\/logo\/image\/","url":"https:\/\/comixburo.com\/wp-content\/uploads\/2025\/04\/logo-cxb-ROND.webp","contentUrl":"https:\/\/comixburo.com\/wp-content\/uploads\/2025\/04\/logo-cxb-ROND.webp","width":200,"height":200,"caption":"comixburo.com"},"image":{"@id":"https:\/\/comixburo.com\/#\/schema\/logo\/image\/"},"sameAs":["https:\/\/www.facebook.com\/comixburo","https:\/\/www.instagram.com\/comixburo\/"]}]}},"jetpack_sharing_enabled":true,"_links":{"self":[{"href":"https:\/\/comixburo.com\/en\/wp-json\/wp\/v2\/product\/19932","targetHints":{"allow":["GET"]}}],"collection":[{"href":"https:\/\/comixburo.com\/en\/wp-json\/wp\/v2\/product"}],"about":[{"href":"https:\/\/comixburo.com\/en\/wp-json\/wp\/v2\/types\/product"}],"replies":[{"embeddable":true,"href":"https:\/\/comixburo.com\/en\/wp-json\/wp\/v2\/comments?post=19932"}],"version-history":[{"count":1,"href":"https:\/\/comixburo.com\/en\/wp-json\/wp\/v2\/product\/19932\/revisions"}],"predecessor-version":[{"id":19933,"href":"https:\/\/comixburo.com\/en\/wp-json\/wp\/v2\/product\/19932\/revisions\/19933"}],"wp:featuredmedia":[{"embeddable":true,"href":"https:\/\/comixburo.com\/en\/wp-json\/wp\/v2\/media\/18501"}],"wp:attachment":[{"href":"https:\/\/comixburo.com\/en\/wp-json\/wp\/v2\/media?parent=19932"}],"wp:term":[{"taxonomy":"product_brand","embeddable":true,"href":"https:\/\/comixburo.com\/en\/wp-json\/wp\/v2\/product_brand?post=19932"},{"taxonomy":"product_cat","embeddable":true,"href":"https:\/\/comixburo.com\/en\/wp-json\/wp\/v2\/product_cat?post=19932"},{"taxonomy":"product_tag","embeddable":true,"href":"https:\/\/comixburo.com\/en\/wp-json\/wp\/v2\/product_tag?post=19932"}],"curies":[{"name":"wp","href":"https:\/\/api.w.org\/{rel}","templated":true}]}}