{"id":20333,"date":"2025-05-22T15:33:22","date_gmt":"2025-05-22T13:33:22","guid":{"rendered":"https:\/\/comixburo.com\/?post_type=product&#038;p=20333"},"modified":"2026-01-14T17:54:47","modified_gmt":"2026-01-14T16:54:47","slug":"pack-manchu","status":"publish","type":"product","link":"https:\/\/comixburo.com\/en\/product\/pack-manchu\/","title":{"rendered":"Pack Manchu"},"content":{"rendered":"<div data-elementor-type=\"wp-post\" data-elementor-id=\"20333\" class=\"elementor elementor-20333\">\n\t\t\t\t<div class=\"wd-negative-gap elementor-element elementor-element-38b3dd83 e-flex e-con-boxed e-con e-parent\" data-id=\"38b3dd83\" data-element_type=\"container\" data-e-type=\"container\">\n\t\t\t\t\t<div class=\"e-con-inner\">\n\t\t\t\t<div class=\"elementor-element elementor-element-6a0d168b color-scheme-inherit text-left elementor-widget elementor-widget-text-editor\" data-id=\"6a0d168b\" data-element_type=\"widget\" data-e-type=\"widget\" data-widget_type=\"text-editor.default\">\n\t\t\t\t<div class=\"elementor-widget-container\">\n\t\t\t\t\t\t\t\t\t<h3 class=\"\" data-start=\"138\" data-end=\"203\">Pack Manchu : L&rsquo;univers graphique de Manchu : Sketchbook + Affiche.<\/h3><p class=\"\" data-start=\"205\" data-end=\"317\"><span class=\"relative -mx-px my-[-0.2rem] rounded px-px py-[0.2rem] transition-colors duration-100 ease-in-out\">Plongez dans l&rsquo;univers unique de <a href=\"https:\/\/fr.wikipedia.org\/wiki\/Manchu\">Manchu<\/a> avec ce duo exclusif r\u00e9unissant son <a href=\"https:\/\/comixburo.com\/en\/les-sketchbooks\/\"><em data-start=\"76\" data-end=\"88\">Sketchbook<\/em><\/a> et une <a href=\"https:\/\/comixburo.com\/en\/les-affiches\/\"><em data-start=\"96\" data-end=\"105\">Affiche<\/em><\/a> num\u00e9rot\u00e9e et sign\u00e9e.<\/span> <span class=\"relative -mx-px my-[-0.2rem] rounded px-px py-[0.2rem] transition-colors duration-100 ease-in-out\">Id\u00e9al pour les passionn\u00e9s de science-fiction, de design et d&rsquo;illustration contemporaine.<\/span><\/p><h4 class=\"\" data-start=\"319\" data-end=\"353\"><em data-start=\"327\" data-end=\"346\">Sketchbook Manchu<\/em>\u00a0<\/h4><p class=\"\" data-start=\"355\" data-end=\"471\"><span class=\"relative -mx-px my-[-0.2rem] rounded px-px py-[0.2rem] transition-colors duration-100 ease-in-out\">Ce carnet de croquis de 48 pages invite \u00e0 d\u00e9couvrir les esquisses et illustrations de Manchu, c\u00e9l\u00e8bre pour ses couvertures de science-fiction.<\/span> <span class=\"relative -mx-px my-[-0.2rem] rounded px-px py-[0.2rem] transition-colors duration-100 ease-in-out\">Chaque exemplaire est num\u00e9rot\u00e9 et sign\u00e9, offrant un aper\u00e7u intime de son processus cr\u00e9atif.<\/span><\/p><h4 class=\"\" data-start=\"473\" data-end=\"511\"><em data-start=\"482\" data-end=\"498\">Affiche Manchu<\/em> (50 x 70 cm)<\/h4><p class=\"\" data-start=\"513\" data-end=\"631\"><span class=\"relative -mx-px my-[-0.2rem] rounded px-px py-[0.2rem] transition-colors duration-100 ease-in-out\">Impression offset de haute qualit\u00e9, cette affiche pr\u00e9sente une illustration embl\u00e9matique de Manchu.<\/span> <span class=\"relative -mx-px my-[-0.2rem] rounded px-px py-[0.2rem] transition-colors duration-100 ease-in-out\">Les 300 premiers exemplaires sont num\u00e9rot\u00e9s et sign\u00e9s par l&rsquo;artiste, garantissant leur authenticit\u00e9.<\/span><\/p><p class=\"\" data-start=\"638\" data-end=\"716\"><span class=\"relative -mx-px my-[-0.2rem] rounded px-px py-[0.2rem] transition-colors duration-100 ease-in-out\">Ce pack est une occasion rare d&rsquo;acqu\u00e9rir deux \u0153uvres originales de Manchu, parfaites pour enrichir votre collection ou offrir un cadeau unique \u00e0 un amateur d&rsquo;art.<\/span><\/p>\t\t\t\t\t\t\t\t<\/div>\n\t\t\t\t<\/div>\n\t\t\t\t\t<\/div>\n\t\t\t\t<\/div>\n\t\t\t\t<\/div>","protected":false},"excerpt":{"rendered":"<p><strong>Pack exclusif Manchu<\/strong> : un sketchbook de 48 pages de croquis, accompagn\u00e9 d\u2019une affiche exclusive : 50&#215;70 cm (sign\u00e9e et num\u00e9rot\u00e9e).<br \/>\nUn duo collector incontournable pour les fans d\u2019illustration et de science-fiction.<\/p>","protected":false},"featured_media":20413,"comment_status":"open","ping_status":"closed","template":"","meta":[],"product_brand":[],"product_cat":[96,115,75,93],"product_tag":[],"class_list":{"0":"post-20333","1":"product","2":"type-product","3":"status-publish","4":"has-post-thumbnail","6":"product_cat-affiches","7":"product_cat-promo","8":"product_cat-sketchbook","9":"product_cat-tous","11":"first","12":"instock","13":"sale","14":"taxable","15":"shipping-taxable","16":"purchasable","17":"product-type-woosb"},"yoast_head":"<!-- This site is optimized with the Yoast SEO plugin v26.9 - https:\/\/yoast.com\/product\/yoast-seo-wordpress\/ -->\n<title>Pack Manchu - comixburo.com<\/title>\n<meta name=\"description\" content=\"Pack exclusif Manchu : sketchbook + affiche sign\u00e9e. Plongez dans l\u2019univers SF de l\u2019artiste avec ces deux pi\u00e8ces collector.\" \/>\n<meta name=\"robots\" content=\"index, follow, max-snippet:-1, max-image-preview:large, max-video-preview:-1\" \/>\n<link rel=\"canonical\" href=\"https:\/\/comixburo.com\/en\/product\/pack-manchu\/\" \/>\n<meta property=\"og:locale\" content=\"en_GB\" \/>\n<meta property=\"og:type\" content=\"article\" \/>\n<meta property=\"og:title\" content=\"Pack Manchu - comixburo.com\" \/>\n<meta property=\"og:description\" content=\"Pack exclusif Manchu : sketchbook + affiche sign\u00e9e. Plongez dans l\u2019univers SF de l\u2019artiste avec ces deux pi\u00e8ces collector.\" \/>\n<meta property=\"og:url\" content=\"https:\/\/comixburo.com\/en\/product\/pack-manchu\/\" \/>\n<meta property=\"og:site_name\" content=\"comixburo.com\" \/>\n<meta property=\"article:publisher\" content=\"https:\/\/www.facebook.com\/comixburo\" \/>\n<meta property=\"article:modified_time\" content=\"2026-01-14T16:54:47+00:00\" \/>\n<meta property=\"og:image\" content=\"https:\/\/comixburo.com\/wp-content\/uploads\/2025\/05\/pack-manchu-affiche-sketchbook-comix-buro.webp\" \/>\n\t<meta property=\"og:image:width\" content=\"586\" \/>\n\t<meta property=\"og:image:height\" content=\"820\" \/>\n\t<meta property=\"og:image:type\" content=\"image\/webp\" \/>\n<meta name=\"twitter:card\" content=\"summary_large_image\" \/>\n<meta name=\"twitter:label1\" content=\"Estimated reading time\" \/>\n\t<meta name=\"twitter:data1\" content=\"1 minute\" \/>\n<script type=\"application\/ld+json\" class=\"yoast-schema-graph\">{\"@context\":\"https:\/\/schema.org\",\"@graph\":[{\"@type\":\"WebPage\",\"@id\":\"https:\/\/comixburo.com\/produit\/pack-manchu\/\",\"url\":\"https:\/\/comixburo.com\/produit\/pack-manchu\/\",\"name\":\"Pack Manchu - comixburo.com\",\"isPartOf\":{\"@id\":\"https:\/\/comixburo.com\/#website\"},\"primaryImageOfPage\":{\"@id\":\"https:\/\/comixburo.com\/produit\/pack-manchu\/#primaryimage\"},\"image\":{\"@id\":\"https:\/\/comixburo.com\/produit\/pack-manchu\/#primaryimage\"},\"thumbnailUrl\":\"https:\/\/comixburo.com\/wp-content\/uploads\/2025\/05\/pack-manchu-affiche-sketchbook-comix-buro.webp\",\"datePublished\":\"2025-05-22T13:33:22+00:00\",\"dateModified\":\"2026-01-14T16:54:47+00:00\",\"description\":\"Pack exclusif Manchu : sketchbook + affiche sign\u00e9e. Plongez dans l\u2019univers SF de l\u2019artiste avec ces deux pi\u00e8ces collector.\",\"breadcrumb\":{\"@id\":\"https:\/\/comixburo.com\/produit\/pack-manchu\/#breadcrumb\"},\"inLanguage\":\"en-GB\",\"potentialAction\":[{\"@type\":\"ReadAction\",\"target\":[\"https:\/\/comixburo.com\/produit\/pack-manchu\/\"]}]},{\"@type\":\"ImageObject\",\"inLanguage\":\"en-GB\",\"@id\":\"https:\/\/comixburo.com\/produit\/pack-manchu\/#primaryimage\",\"url\":\"https:\/\/comixburo.com\/wp-content\/uploads\/2025\/05\/pack-manchu-affiche-sketchbook-comix-buro.webp\",\"contentUrl\":\"https:\/\/comixburo.com\/wp-content\/uploads\/2025\/05\/pack-manchu-affiche-sketchbook-comix-buro.webp\",\"width\":586,\"height\":820,\"caption\":\"image du pack manchu comprenant le sketchbook et une affiche\"},{\"@type\":\"BreadcrumbList\",\"@id\":\"https:\/\/comixburo.com\/produit\/pack-manchu\/#breadcrumb\",\"itemListElement\":[{\"@type\":\"ListItem\",\"position\":1,\"name\":\"Home\",\"item\":\"https:\/\/comixburo.com\/\"},{\"@type\":\"ListItem\",\"position\":2,\"name\":\"La boutique Comix Buro\",\"item\":\"https:\/\/comixburo.com\/la-boutique-comix-buro\/\"},{\"@type\":\"ListItem\",\"position\":3,\"name\":\"Pack Manchu\"}]},{\"@type\":\"WebSite\",\"@id\":\"https:\/\/comixburo.com\/#website\",\"url\":\"https:\/\/comixburo.com\/\",\"name\":\"comixburo.com\",\"description\":\"Cr\u00e9ateur de projets : Sketchbook d&#039;artistes !\",\"publisher\":{\"@id\":\"https:\/\/comixburo.com\/#organization\"},\"alternateName\":\"Comix Buro\",\"potentialAction\":[{\"@type\":\"SearchAction\",\"target\":{\"@type\":\"EntryPoint\",\"urlTemplate\":\"https:\/\/comixburo.com\/?s={search_term_string}\"},\"query-input\":{\"@type\":\"PropertyValueSpecification\",\"valueRequired\":true,\"valueName\":\"search_term_string\"}}],\"inLanguage\":\"en-GB\"},{\"@type\":\"Organization\",\"@id\":\"https:\/\/comixburo.com\/#organization\",\"name\":\"comixburo.com\",\"url\":\"https:\/\/comixburo.com\/\",\"logo\":{\"@type\":\"ImageObject\",\"inLanguage\":\"en-GB\",\"@id\":\"https:\/\/comixburo.com\/#\/schema\/logo\/image\/\",\"url\":\"https:\/\/comixburo.com\/wp-content\/uploads\/2025\/04\/logo-cxb-ROND.webp\",\"contentUrl\":\"https:\/\/comixburo.com\/wp-content\/uploads\/2025\/04\/logo-cxb-ROND.webp\",\"width\":200,\"height\":200,\"caption\":\"comixburo.com\"},\"image\":{\"@id\":\"https:\/\/comixburo.com\/#\/schema\/logo\/image\/\"},\"sameAs\":[\"https:\/\/www.facebook.com\/comixburo\",\"https:\/\/www.instagram.com\/comixburo\/\"]}]}<\/script>\n<!-- \/ Yoast SEO plugin. -->","yoast_head_json":{"title":"Pack Manchu - comixburo.com","description":"Pack exclusif Manchu : sketchbook + affiche sign\u00e9e. Plongez dans l\u2019univers SF de l\u2019artiste avec ces deux pi\u00e8ces collector.","robots":{"index":"index","follow":"follow","max-snippet":"max-snippet:-1","max-image-preview":"max-image-preview:large","max-video-preview":"max-video-preview:-1"},"canonical":"https:\/\/comixburo.com\/en\/product\/pack-manchu\/","og_locale":"en_GB","og_type":"article","og_title":"Pack Manchu - comixburo.com","og_description":"Pack exclusif Manchu : sketchbook + affiche sign\u00e9e. Plongez dans l\u2019univers SF de l\u2019artiste avec ces deux pi\u00e8ces collector.","og_url":"https:\/\/comixburo.com\/en\/product\/pack-manchu\/","og_site_name":"comixburo.com","article_publisher":"https:\/\/www.facebook.com\/comixburo","article_modified_time":"2026-01-14T16:54:47+00:00","og_image":[{"width":586,"height":820,"url":"https:\/\/comixburo.com\/wp-content\/uploads\/2025\/05\/pack-manchu-affiche-sketchbook-comix-buro.webp","type":"image\/webp"}],"twitter_card":"summary_large_image","twitter_misc":{"Estimated reading time":"1 minute"},"schema":{"@context":"https:\/\/schema.org","@graph":[{"@type":"WebPage","@id":"https:\/\/comixburo.com\/produit\/pack-manchu\/","url":"https:\/\/comixburo.com\/produit\/pack-manchu\/","name":"Pack Manchu - comixburo.com","isPartOf":{"@id":"https:\/\/comixburo.com\/#website"},"primaryImageOfPage":{"@id":"https:\/\/comixburo.com\/produit\/pack-manchu\/#primaryimage"},"image":{"@id":"https:\/\/comixburo.com\/produit\/pack-manchu\/#primaryimage"},"thumbnailUrl":"https:\/\/comixburo.com\/wp-content\/uploads\/2025\/05\/pack-manchu-affiche-sketchbook-comix-buro.webp","datePublished":"2025-05-22T13:33:22+00:00","dateModified":"2026-01-14T16:54:47+00:00","description":"Pack exclusif Manchu : sketchbook + affiche sign\u00e9e. Plongez dans l\u2019univers SF de l\u2019artiste avec ces deux pi\u00e8ces collector.","breadcrumb":{"@id":"https:\/\/comixburo.com\/produit\/pack-manchu\/#breadcrumb"},"inLanguage":"en-GB","potentialAction":[{"@type":"ReadAction","target":["https:\/\/comixburo.com\/produit\/pack-manchu\/"]}]},{"@type":"ImageObject","inLanguage":"en-GB","@id":"https:\/\/comixburo.com\/produit\/pack-manchu\/#primaryimage","url":"https:\/\/comixburo.com\/wp-content\/uploads\/2025\/05\/pack-manchu-affiche-sketchbook-comix-buro.webp","contentUrl":"https:\/\/comixburo.com\/wp-content\/uploads\/2025\/05\/pack-manchu-affiche-sketchbook-comix-buro.webp","width":586,"height":820,"caption":"image du pack manchu comprenant le sketchbook et une affiche"},{"@type":"BreadcrumbList","@id":"https:\/\/comixburo.com\/produit\/pack-manchu\/#breadcrumb","itemListElement":[{"@type":"ListItem","position":1,"name":"Home","item":"https:\/\/comixburo.com\/"},{"@type":"ListItem","position":2,"name":"La boutique Comix Buro","item":"https:\/\/comixburo.com\/la-boutique-comix-buro\/"},{"@type":"ListItem","position":3,"name":"Pack Manchu"}]},{"@type":"WebSite","@id":"https:\/\/comixburo.com\/#website","url":"https:\/\/comixburo.com\/","name":"comixburo.com","description":"Cr\u00e9ateur de projets : Sketchbook d&#039;artistes !","publisher":{"@id":"https:\/\/comixburo.com\/#organization"},"alternateName":"Comix Buro","potentialAction":[{"@type":"SearchAction","target":{"@type":"EntryPoint","urlTemplate":"https:\/\/comixburo.com\/?s={search_term_string}"},"query-input":{"@type":"PropertyValueSpecification","valueRequired":true,"valueName":"search_term_string"}}],"inLanguage":"en-GB"},{"@type":"Organization","@id":"https:\/\/comixburo.com\/#organization","name":"comixburo.com","url":"https:\/\/comixburo.com\/","logo":{"@type":"ImageObject","inLanguage":"en-GB","@id":"https:\/\/comixburo.com\/#\/schema\/logo\/image\/","url":"https:\/\/comixburo.com\/wp-content\/uploads\/2025\/04\/logo-cxb-ROND.webp","contentUrl":"https:\/\/comixburo.com\/wp-content\/uploads\/2025\/04\/logo-cxb-ROND.webp","width":200,"height":200,"caption":"comixburo.com"},"image":{"@id":"https:\/\/comixburo.com\/#\/schema\/logo\/image\/"},"sameAs":["https:\/\/www.facebook.com\/comixburo","https:\/\/www.instagram.com\/comixburo\/"]}]}},"jetpack_sharing_enabled":true,"_links":{"self":[{"href":"https:\/\/comixburo.com\/en\/wp-json\/wp\/v2\/product\/20333","targetHints":{"allow":["GET"]}}],"collection":[{"href":"https:\/\/comixburo.com\/en\/wp-json\/wp\/v2\/product"}],"about":[{"href":"https:\/\/comixburo.com\/en\/wp-json\/wp\/v2\/types\/product"}],"replies":[{"embeddable":true,"href":"https:\/\/comixburo.com\/en\/wp-json\/wp\/v2\/comments?post=20333"}],"version-history":[{"count":14,"href":"https:\/\/comixburo.com\/en\/wp-json\/wp\/v2\/product\/20333\/revisions"}],"predecessor-version":[{"id":20463,"href":"https:\/\/comixburo.com\/en\/wp-json\/wp\/v2\/product\/20333\/revisions\/20463"}],"wp:featuredmedia":[{"embeddable":true,"href":"https:\/\/comixburo.com\/en\/wp-json\/wp\/v2\/media\/20413"}],"wp:attachment":[{"href":"https:\/\/comixburo.com\/en\/wp-json\/wp\/v2\/media?parent=20333"}],"wp:term":[{"taxonomy":"product_brand","embeddable":true,"href":"https:\/\/comixburo.com\/en\/wp-json\/wp\/v2\/product_brand?post=20333"},{"taxonomy":"product_cat","embeddable":true,"href":"https:\/\/comixburo.com\/en\/wp-json\/wp\/v2\/product_cat?post=20333"},{"taxonomy":"product_tag","embeddable":true,"href":"https:\/\/comixburo.com\/en\/wp-json\/wp\/v2\/product_tag?post=20333"}],"curies":[{"name":"wp","href":"https:\/\/api.w.org\/{rel}","templated":true}]}}