{"id":20464,"date":"2025-05-23T14:27:51","date_gmt":"2025-05-23T12:27:51","guid":{"rendered":"https:\/\/comixburo.com\/?post_type=product&#038;p=20464"},"modified":"2026-02-20T14:52:02","modified_gmt":"2026-02-20T13:52:02","slug":"pack-vatine3","status":"publish","type":"product","link":"https:\/\/comixburo.com\/en\/product\/pack-vatine3\/","title":{"rendered":"Pack Vatine SKETCHBOOK 3 + 2 affiches offertes"},"content":{"rendered":"<div data-elementor-type=\"wp-post\" data-elementor-id=\"20464\" class=\"elementor elementor-20464\">\n\t\t\t\t<div class=\"wd-negative-gap elementor-element elementor-element-38b3dd83 e-flex e-con-boxed e-con e-parent\" data-id=\"38b3dd83\" data-element_type=\"container\" data-e-type=\"container\">\n\t\t\t\t\t<div class=\"e-con-inner\">\n\t\t\t\t<div class=\"elementor-element elementor-element-6a0d168b color-scheme-inherit text-left elementor-widget elementor-widget-text-editor\" data-id=\"6a0d168b\" data-element_type=\"widget\" data-e-type=\"widget\" data-widget_type=\"text-editor.default\">\n\t\t\t\t<div class=\"elementor-widget-container\">\n\t\t\t\t\t\t\t\t\t<h3 class=\"\" data-start=\"138\" data-end=\"203\">Pack Vatine #3 : L&rsquo;univers graphique d&rsquo;Olivier Vatine : Sketchbook + 2 affiches 24 x 18.<\/h3><ul><li>Auteur :\u00a0<a href=\"https:\/\/www.instagram.com\/oliviervatine\/\">Olivier Vatine<\/a><\/li><li>\u00c9diteur :\u00a0<a href=\"https:\/\/comixburo.com\/en\/\">Comix Buro<\/a><\/li><li>ISBN : 9782916518411<\/li><li>48 pages couleur \u2014 Format : 18 x 22 cm \u2014 Broch\u00e9<\/li><li>Les 900 premiers exemplaires sont num\u00e9rot\u00e9s et sign\u00e9s par l\u2019auteur.<\/li><\/ul><p>Voici le 3\u1d49 opus, tant attendu, des\u00a0<a href=\"https:\/\/attakus.art\/?s=sketchboo&amp;post_type=product\" target=\"_blank\" rel=\"noopener\">sketchbooks<\/a>\u00a0Vatine #3.<br \/>Ce nouveau volet, sensiblement diff\u00e9rent des deux pr\u00e9c\u00e9dents, concentre plus d\u2019illustrations couleur. Mais \u00e9galement des d\u00e9cors de films d\u2019animation, du d\u00e9veloppement pour le cin\u00e9ma et des illustrations r\u00e9alis\u00e9es \u00e0 quatre mains avec Manchu. L\u2019esprit, lui, reste le m\u00eame : des pin-up sexy, de la SF.<\/p><p>Ainsi que de l\u2019heroic fantasy, des croquis jet\u00e9s sur des coins de table, du mouvement, de l\u2019\u00e9l\u00e9gance !<br \/>Les fans de Vatine, tout comme les n\u00e9ophytes, vont adorer !<\/p><p>With the collection\u00a0<a href=\"https:\/\/comixburo.com\/en\/\" target=\"_blank\" rel=\"noopener\">Sketchbooks,<\/a>\u00a0Comix Buro vous invite \u00e0 feuilleter les carnets des meilleurs artistes de la bande dessin\u00e9e et de l\u2019illustration. Vous y trouverez au d\u00e9tour des pages des cr\u00e9atures \u00e9tranges, des mod\u00e8les vivants captur\u00e9s sur papier. Ainsi que des croquis ramen\u00e9s de pays lointains, des vaisseaux spatiaux sur leur pas de tir, des story-boards, et bien d\u2019autres choses encore.<\/p>\t\t\t\t\t\t\t\t<\/div>\n\t\t\t\t<\/div>\n\t\t\t\t\t<\/div>\n\t\t\t\t<\/div>\n\t\t\t\t<\/div>","protected":false},"excerpt":{"rendered":"<p><strong>Pack exclusif <\/strong>Sketchbook Vatine #3 + 2 affiches !<\/p>\n<p>Un Sketchbook de 48 pages de croquis, accompagn\u00e9 de 2 affiches : 18 x 24 cm .<br \/>\nTrio incontournable pour les fans d\u2019illustration et de Pin-up.<\/p>","protected":false},"featured_media":20470,"comment_status":"open","ping_status":"closed","template":"","meta":[],"product_brand":[],"product_cat":[96,115,75,93],"product_tag":[],"class_list":{"0":"post-20464","1":"product","2":"type-product","3":"status-publish","4":"has-post-thumbnail","6":"product_cat-affiches","7":"product_cat-promo","8":"product_cat-sketchbook","9":"product_cat-tous","11":"first","12":"instock","13":"sale","14":"taxable","15":"shipping-taxable","16":"purchasable","17":"product-type-woosb"},"yoast_head":"<!-- This site is optimized with the Yoast SEO plugin v26.9 - https:\/\/yoast.com\/product\/yoast-seo-wordpress\/ -->\n<title>Pack Vatine SKETCHBOOK 3 + 2 affiches offertes - comixburo.com<\/title>\n<meta name=\"description\" content=\"Voici le 3\u1d49 opus, des sketchbooks Vatine #3. Ce volet, diff\u00e9rent des deux pr\u00e9c\u00e9dents, concentre plus d\u2019illustrations couleur. Mais \u00e9galement des d\u00e9cors de films d\u2019animation, du d\u00e9veloppement pour le cin\u00e9ma: des pin-up sexy, de la SF...\" \/>\n<meta name=\"robots\" content=\"index, follow, max-snippet:-1, max-image-preview:large, max-video-preview:-1\" \/>\n<link rel=\"canonical\" href=\"https:\/\/comixburo.com\/en\/product\/pack-vatine3\/\" \/>\n<meta property=\"og:locale\" content=\"en_GB\" \/>\n<meta property=\"og:type\" content=\"article\" \/>\n<meta property=\"og:title\" content=\"Pack Vatine SKETCHBOOK 3 + 2 affiches offertes - comixburo.com\" \/>\n<meta property=\"og:description\" content=\"Voici le 3\u1d49 opus, des sketchbooks Vatine #3. Ce volet, diff\u00e9rent des deux pr\u00e9c\u00e9dents, concentre plus d\u2019illustrations couleur. Mais \u00e9galement des d\u00e9cors de films d\u2019animation, du d\u00e9veloppement pour le cin\u00e9ma: des pin-up sexy, de la SF...\" \/>\n<meta property=\"og:url\" content=\"https:\/\/comixburo.com\/en\/product\/pack-vatine3\/\" \/>\n<meta property=\"og:site_name\" content=\"comixburo.com\" \/>\n<meta property=\"article:publisher\" content=\"https:\/\/www.facebook.com\/comixburo\" \/>\n<meta property=\"article:modified_time\" content=\"2026-02-20T13:52:02+00:00\" \/>\n<meta property=\"og:image\" content=\"https:\/\/comixburo.com\/wp-content\/uploads\/2025\/05\/pack-comix-buro-vatine3.jpg\" \/>\n\t<meta property=\"og:image:width\" content=\"586\" \/>\n\t<meta property=\"og:image:height\" content=\"820\" \/>\n\t<meta property=\"og:image:type\" content=\"image\/jpeg\" \/>\n<meta name=\"twitter:card\" content=\"summary_large_image\" \/>\n<meta name=\"twitter:label1\" content=\"Estimated reading time\" \/>\n\t<meta name=\"twitter:data1\" content=\"2 minutes\" \/>\n<script type=\"application\/ld+json\" class=\"yoast-schema-graph\">{\"@context\":\"https:\/\/schema.org\",\"@graph\":[{\"@type\":\"WebPage\",\"@id\":\"https:\/\/comixburo.com\/produit\/pack-vatine3\/\",\"url\":\"https:\/\/comixburo.com\/produit\/pack-vatine3\/\",\"name\":\"Pack Vatine SKETCHBOOK 3 + 2 affiches offertes - comixburo.com\",\"isPartOf\":{\"@id\":\"https:\/\/comixburo.com\/#website\"},\"primaryImageOfPage\":{\"@id\":\"https:\/\/comixburo.com\/produit\/pack-vatine3\/#primaryimage\"},\"image\":{\"@id\":\"https:\/\/comixburo.com\/produit\/pack-vatine3\/#primaryimage\"},\"thumbnailUrl\":\"https:\/\/comixburo.com\/wp-content\/uploads\/2025\/05\/pack-comix-buro-vatine3.jpg\",\"datePublished\":\"2025-05-23T12:27:51+00:00\",\"dateModified\":\"2026-02-20T13:52:02+00:00\",\"description\":\"Voici le 3\u1d49 opus, des sketchbooks Vatine #3. Ce volet, diff\u00e9rent des deux pr\u00e9c\u00e9dents, concentre plus d\u2019illustrations couleur. Mais \u00e9galement des d\u00e9cors de films d\u2019animation, du d\u00e9veloppement pour le cin\u00e9ma: des pin-up sexy, de la SF...\",\"breadcrumb\":{\"@id\":\"https:\/\/comixburo.com\/produit\/pack-vatine3\/#breadcrumb\"},\"inLanguage\":\"en-GB\",\"potentialAction\":[{\"@type\":\"ReadAction\",\"target\":[\"https:\/\/comixburo.com\/produit\/pack-vatine3\/\"]}]},{\"@type\":\"ImageObject\",\"inLanguage\":\"en-GB\",\"@id\":\"https:\/\/comixburo.com\/produit\/pack-vatine3\/#primaryimage\",\"url\":\"https:\/\/comixburo.com\/wp-content\/uploads\/2025\/05\/pack-comix-buro-vatine3.jpg\",\"contentUrl\":\"https:\/\/comixburo.com\/wp-content\/uploads\/2025\/05\/pack-comix-buro-vatine3.jpg\",\"width\":586,\"height\":820},{\"@type\":\"BreadcrumbList\",\"@id\":\"https:\/\/comixburo.com\/produit\/pack-vatine3\/#breadcrumb\",\"itemListElement\":[{\"@type\":\"ListItem\",\"position\":1,\"name\":\"Home\",\"item\":\"https:\/\/comixburo.com\/\"},{\"@type\":\"ListItem\",\"position\":2,\"name\":\"La boutique Comix Buro\",\"item\":\"https:\/\/comixburo.com\/la-boutique-comix-buro\/\"},{\"@type\":\"ListItem\",\"position\":3,\"name\":\"Pack Vatine SKETCHBOOK 3 + 2 affiches offertes\"}]},{\"@type\":\"WebSite\",\"@id\":\"https:\/\/comixburo.com\/#website\",\"url\":\"https:\/\/comixburo.com\/\",\"name\":\"comixburo.com\",\"description\":\"Cr\u00e9ateur de projets : Sketchbook d&#039;artistes !\",\"publisher\":{\"@id\":\"https:\/\/comixburo.com\/#organization\"},\"alternateName\":\"Comix Buro\",\"potentialAction\":[{\"@type\":\"SearchAction\",\"target\":{\"@type\":\"EntryPoint\",\"urlTemplate\":\"https:\/\/comixburo.com\/?s={search_term_string}\"},\"query-input\":{\"@type\":\"PropertyValueSpecification\",\"valueRequired\":true,\"valueName\":\"search_term_string\"}}],\"inLanguage\":\"en-GB\"},{\"@type\":\"Organization\",\"@id\":\"https:\/\/comixburo.com\/#organization\",\"name\":\"comixburo.com\",\"url\":\"https:\/\/comixburo.com\/\",\"logo\":{\"@type\":\"ImageObject\",\"inLanguage\":\"en-GB\",\"@id\":\"https:\/\/comixburo.com\/#\/schema\/logo\/image\/\",\"url\":\"https:\/\/comixburo.com\/wp-content\/uploads\/2025\/04\/logo-cxb-ROND.webp\",\"contentUrl\":\"https:\/\/comixburo.com\/wp-content\/uploads\/2025\/04\/logo-cxb-ROND.webp\",\"width\":200,\"height\":200,\"caption\":\"comixburo.com\"},\"image\":{\"@id\":\"https:\/\/comixburo.com\/#\/schema\/logo\/image\/\"},\"sameAs\":[\"https:\/\/www.facebook.com\/comixburo\",\"https:\/\/www.instagram.com\/comixburo\/\"]}]}<\/script>\n<!-- \/ Yoast SEO plugin. -->","yoast_head_json":{"title":"Pack Vatine SKETCHBOOK 3 + 2 affiches offertes - comixburo.com","description":"Voici le 3\u1d49 opus, des sketchbooks Vatine #3. Ce volet, diff\u00e9rent des deux pr\u00e9c\u00e9dents, concentre plus d\u2019illustrations couleur. Mais \u00e9galement des d\u00e9cors de films d\u2019animation, du d\u00e9veloppement pour le cin\u00e9ma: des pin-up sexy, de la SF...","robots":{"index":"index","follow":"follow","max-snippet":"max-snippet:-1","max-image-preview":"max-image-preview:large","max-video-preview":"max-video-preview:-1"},"canonical":"https:\/\/comixburo.com\/en\/product\/pack-vatine3\/","og_locale":"en_GB","og_type":"article","og_title":"Pack Vatine SKETCHBOOK 3 + 2 affiches offertes - comixburo.com","og_description":"Voici le 3\u1d49 opus, des sketchbooks Vatine #3. Ce volet, diff\u00e9rent des deux pr\u00e9c\u00e9dents, concentre plus d\u2019illustrations couleur. Mais \u00e9galement des d\u00e9cors de films d\u2019animation, du d\u00e9veloppement pour le cin\u00e9ma: des pin-up sexy, de la SF...","og_url":"https:\/\/comixburo.com\/en\/product\/pack-vatine3\/","og_site_name":"comixburo.com","article_publisher":"https:\/\/www.facebook.com\/comixburo","article_modified_time":"2026-02-20T13:52:02+00:00","og_image":[{"width":586,"height":820,"url":"https:\/\/comixburo.com\/wp-content\/uploads\/2025\/05\/pack-comix-buro-vatine3.jpg","type":"image\/jpeg"}],"twitter_card":"summary_large_image","twitter_misc":{"Estimated reading time":"2 minutes"},"schema":{"@context":"https:\/\/schema.org","@graph":[{"@type":"WebPage","@id":"https:\/\/comixburo.com\/produit\/pack-vatine3\/","url":"https:\/\/comixburo.com\/produit\/pack-vatine3\/","name":"Pack Vatine SKETCHBOOK 3 + 2 affiches offertes - comixburo.com","isPartOf":{"@id":"https:\/\/comixburo.com\/#website"},"primaryImageOfPage":{"@id":"https:\/\/comixburo.com\/produit\/pack-vatine3\/#primaryimage"},"image":{"@id":"https:\/\/comixburo.com\/produit\/pack-vatine3\/#primaryimage"},"thumbnailUrl":"https:\/\/comixburo.com\/wp-content\/uploads\/2025\/05\/pack-comix-buro-vatine3.jpg","datePublished":"2025-05-23T12:27:51+00:00","dateModified":"2026-02-20T13:52:02+00:00","description":"Voici le 3\u1d49 opus, des sketchbooks Vatine #3. Ce volet, diff\u00e9rent des deux pr\u00e9c\u00e9dents, concentre plus d\u2019illustrations couleur. Mais \u00e9galement des d\u00e9cors de films d\u2019animation, du d\u00e9veloppement pour le cin\u00e9ma: des pin-up sexy, de la SF...","breadcrumb":{"@id":"https:\/\/comixburo.com\/produit\/pack-vatine3\/#breadcrumb"},"inLanguage":"en-GB","potentialAction":[{"@type":"ReadAction","target":["https:\/\/comixburo.com\/produit\/pack-vatine3\/"]}]},{"@type":"ImageObject","inLanguage":"en-GB","@id":"https:\/\/comixburo.com\/produit\/pack-vatine3\/#primaryimage","url":"https:\/\/comixburo.com\/wp-content\/uploads\/2025\/05\/pack-comix-buro-vatine3.jpg","contentUrl":"https:\/\/comixburo.com\/wp-content\/uploads\/2025\/05\/pack-comix-buro-vatine3.jpg","width":586,"height":820},{"@type":"BreadcrumbList","@id":"https:\/\/comixburo.com\/produit\/pack-vatine3\/#breadcrumb","itemListElement":[{"@type":"ListItem","position":1,"name":"Home","item":"https:\/\/comixburo.com\/"},{"@type":"ListItem","position":2,"name":"La boutique Comix Buro","item":"https:\/\/comixburo.com\/la-boutique-comix-buro\/"},{"@type":"ListItem","position":3,"name":"Pack Vatine SKETCHBOOK 3 + 2 affiches offertes"}]},{"@type":"WebSite","@id":"https:\/\/comixburo.com\/#website","url":"https:\/\/comixburo.com\/","name":"comixburo.com","description":"Cr\u00e9ateur de projets : Sketchbook d&#039;artistes !","publisher":{"@id":"https:\/\/comixburo.com\/#organization"},"alternateName":"Comix Buro","potentialAction":[{"@type":"SearchAction","target":{"@type":"EntryPoint","urlTemplate":"https:\/\/comixburo.com\/?s={search_term_string}"},"query-input":{"@type":"PropertyValueSpecification","valueRequired":true,"valueName":"search_term_string"}}],"inLanguage":"en-GB"},{"@type":"Organization","@id":"https:\/\/comixburo.com\/#organization","name":"comixburo.com","url":"https:\/\/comixburo.com\/","logo":{"@type":"ImageObject","inLanguage":"en-GB","@id":"https:\/\/comixburo.com\/#\/schema\/logo\/image\/","url":"https:\/\/comixburo.com\/wp-content\/uploads\/2025\/04\/logo-cxb-ROND.webp","contentUrl":"https:\/\/comixburo.com\/wp-content\/uploads\/2025\/04\/logo-cxb-ROND.webp","width":200,"height":200,"caption":"comixburo.com"},"image":{"@id":"https:\/\/comixburo.com\/#\/schema\/logo\/image\/"},"sameAs":["https:\/\/www.facebook.com\/comixburo","https:\/\/www.instagram.com\/comixburo\/"]}]}},"jetpack_sharing_enabled":true,"_links":{"self":[{"href":"https:\/\/comixburo.com\/en\/wp-json\/wp\/v2\/product\/20464","targetHints":{"allow":["GET"]}}],"collection":[{"href":"https:\/\/comixburo.com\/en\/wp-json\/wp\/v2\/product"}],"about":[{"href":"https:\/\/comixburo.com\/en\/wp-json\/wp\/v2\/types\/product"}],"replies":[{"embeddable":true,"href":"https:\/\/comixburo.com\/en\/wp-json\/wp\/v2\/comments?post=20464"}],"version-history":[{"count":10,"href":"https:\/\/comixburo.com\/en\/wp-json\/wp\/v2\/product\/20464\/revisions"}],"predecessor-version":[{"id":21311,"href":"https:\/\/comixburo.com\/en\/wp-json\/wp\/v2\/product\/20464\/revisions\/21311"}],"wp:featuredmedia":[{"embeddable":true,"href":"https:\/\/comixburo.com\/en\/wp-json\/wp\/v2\/media\/20470"}],"wp:attachment":[{"href":"https:\/\/comixburo.com\/en\/wp-json\/wp\/v2\/media?parent=20464"}],"wp:term":[{"taxonomy":"product_brand","embeddable":true,"href":"https:\/\/comixburo.com\/en\/wp-json\/wp\/v2\/product_brand?post=20464"},{"taxonomy":"product_cat","embeddable":true,"href":"https:\/\/comixburo.com\/en\/wp-json\/wp\/v2\/product_cat?post=20464"},{"taxonomy":"product_tag","embeddable":true,"href":"https:\/\/comixburo.com\/en\/wp-json\/wp\/v2\/product_tag?post=20464"}],"curies":[{"name":"wp","href":"https:\/\/api.w.org\/{rel}","templated":true}]}}