{"id":20518,"date":"2025-07-18T10:13:34","date_gmt":"2025-07-18T08:13:34","guid":{"rendered":"https:\/\/comixburo.com\/?post_type=product&#038;p=20518"},"modified":"2025-09-26T09:29:24","modified_gmt":"2025-09-26T07:29:24","slug":"maz-kanata-1-10e-star-wars","status":"publish","type":"product","link":"https:\/\/comixburo.com\/en\/product\/maz-kanata-1-10e-star-wars\/","title":{"rendered":"Maz Kanata 1\/10e &#8211; Star wars"},"content":{"rendered":"<h3><strong>Statuette de collection Maz Kanata &#8211; Stars wars<\/strong><\/h3>\n<p>R\u00e9f: SW049<br \/>\nTirage: 999 ex.<br \/>\nHauteur: 14 cm \/ 5,5&Prime; Tall<br \/>\nMati\u00e8re: R\u00e9sine porcelaine<br \/>\nParution: 2021<\/p>\n<p>&#8211; Plongez dans l&rsquo;univers Attakus de Star Wars et d\u00e9couvrez les statues de la collection Elite, \u00e0 l&rsquo;\u00e9chelle 1\/10\u00e8me\u00a0!<br \/>\n&#8211; Statue en r\u00e9sine de Maz Kanata.<br \/>\n&#8211; Collector num\u00e9rot\u00e9 et limit\u00e9 \u00e0 999 exemplaires dans le monde. Sculpt\u00e9 en France et peint \u00e0 la main.<br \/>\n&#8211; Livr\u00e9e avec son certificat d&rsquo;authenticit\u00e9 Attakus.<br \/>\n&#8211; Collection phare chez Attakus, la collection STAR WARS ELITE propose des statues de collection \u00e0 l&rsquo;\u00e9chelle 1\/10\u00e8me, soit une vingtaine\u00a0 de centim\u00e8tres pour la majorit\u00e9 des personnages.<br \/>\n&#8211; Elles sont r\u00e9alis\u00e9es en r\u00e9sine et peintes \u00e0 la main.<\/p>\n<p>N\u00e9e sur Takodana, <a href=\"https:\/\/www.starwars.com\/databank\/maz-kanata\" target=\"_blank\" rel=\"noopener\">M<\/a>az Kanata est une extra-terrestre mill\u00e9naire et sensible \u00e0 la force . Pirate contrebandi\u00e8re, c&rsquo;est elle qui r\u00e9cup\u00e8re le sabre laser de Luke perdu sur <a href=\"https:\/\/attakus.art\/produit\/bb-8-star-wars-disney-lucas-figurine-attakus-collection-elite\/\" target=\"_blank\" rel=\"noopener\">B<\/a>espin, qu&rsquo;elle va ensuite donner \u00e0 Rey pour enfin se joindre \u00e0 la r\u00e9sistance \u00e0 la destruction de son chateau sur sa plan\u00e8te natale par le Premier Ordre. Elle joue un r\u00f4le d\u00e9terminant dans la qu\u00eate de Rey pour trouver Luke. Elle \u00e9veille Rey quant \u00e0 l&rsquo;omnipr\u00e9sence de la Force autour des \u00eatre vivants\u00a0 dans toute la galaxie. C&rsquo;est un personnage dont la sagesse est comaprable \u00e0 celle de ma\u00eetre Yoda.<\/p>\n<p>&nbsp;<\/p>\n<p>&nbsp;<\/p>\n<p><img loading=\"lazy\" decoding=\"async\" class=\"arrondie aligncenter wp-image-13150 size-full\" src=\"https:\/\/attakus.art\/wp-content\/uploads\/2021\/07\/starwars-attakus-mege-menu-attakus-collection-statues-figurines-franco-belge-star-war.jpg\" alt=\"\" width=\"300\" height=\"250\" \/><\/p>","protected":false},"excerpt":{"rendered":"<p align=\"center\"><em><strong>Collection Elite 1\/10e.<\/strong> <\/em><\/p>\n<p>N\u00e9e sur Takodana, Maz Kanata est une extra-terrestre mill\u00e9naire et sensible \u00e0 la force . Pirate contrebandi\u00e8re, c&rsquo;est elle qui r\u00e9cup\u00e8re le sabre laser de Luke perdu sur Bespin, qu&rsquo;elle va ensuite donner \u00e0 Rey pour enfin se joindre \u00e0 la r\u00e9sistance lors de la destruction de son chateau sur sa plan\u00e8te natale par le Premier Ordre.<\/p>","protected":false},"featured_media":21199,"comment_status":"closed","ping_status":"closed","template":"","meta":[],"product_brand":[],"product_cat":[117,116,106],"product_tag":[121,122],"class_list":{"0":"post-20518","1":"product","2":"type-product","3":"status-publish","4":"has-post-thumbnail","6":"product_cat-collection-elite-1-10e","7":"product_cat-star-wars","8":"product_cat-statues","9":"product_tag-121","10":"product_tag-inf-100","12":"first","13":"instock","14":"taxable","15":"shipping-taxable","16":"purchasable","17":"product-type-simple"},"yoast_head":"<!-- This site is optimized with the Yoast SEO plugin v26.9 - https:\/\/yoast.com\/product\/yoast-seo-wordpress\/ -->\n<title>Maz Kanata 1\/10e - Star wars - comixburo.com - Collection Elite 1\/10\u00e8me<\/title>\n<meta name=\"description\" content=\"Statuette Maz Kanata telle qu&#039;elle appara\u00eet dans l&#039;\u00e9pisode VII. collection Attakus Star Wars Elite, livr\u00e9e avec son certificat d\u2019authenticit\u00e9 Attakus.\" \/>\n<meta name=\"robots\" content=\"index, follow, max-snippet:-1, max-image-preview:large, max-video-preview:-1\" \/>\n<link rel=\"canonical\" href=\"https:\/\/comixburo.com\/en\/product\/maz-kanata-1-10e-star-wars\/\" \/>\n<meta property=\"og:locale\" content=\"en_GB\" \/>\n<meta property=\"og:type\" content=\"article\" \/>\n<meta property=\"og:title\" content=\"Maz Kanata 1\/10e - Star wars - comixburo.com - Collection Elite 1\/10\u00e8me\" \/>\n<meta property=\"og:description\" content=\"Statuette Maz Kanata telle qu&#039;elle appara\u00eet dans l&#039;\u00e9pisode VII. collection Attakus Star Wars Elite, livr\u00e9e avec son certificat d\u2019authenticit\u00e9 Attakus.\" \/>\n<meta property=\"og:url\" content=\"https:\/\/comixburo.com\/en\/product\/maz-kanata-1-10e-star-wars\/\" \/>\n<meta property=\"og:site_name\" content=\"comixburo.com\" \/>\n<meta property=\"article:publisher\" content=\"https:\/\/www.facebook.com\/comixburo\" \/>\n<meta property=\"article:modified_time\" content=\"2025-09-26T07:29:24+00:00\" \/>\n<meta property=\"og:image\" content=\"https:\/\/comixburo.com\/wp-content\/uploads\/2025\/07\/sw049-maz-kanata-10eme-attakus-figurine-starwars.webp\" \/>\n\t<meta property=\"og:image:width\" content=\"674\" \/>\n\t<meta property=\"og:image:height\" content=\"1000\" \/>\n\t<meta property=\"og:image:type\" content=\"image\/webp\" \/>\n<meta name=\"twitter:card\" content=\"summary_large_image\" \/>\n<meta name=\"twitter:label1\" content=\"Estimated reading time\" \/>\n\t<meta name=\"twitter:data1\" content=\"2 minutes\" \/>\n<script type=\"application\/ld+json\" class=\"yoast-schema-graph\">{\"@context\":\"https:\/\/schema.org\",\"@graph\":[{\"@type\":\"WebPage\",\"@id\":\"https:\/\/comixburo.com\/produit\/maz-kanata-1-10e-star-wars\/\",\"url\":\"https:\/\/comixburo.com\/produit\/maz-kanata-1-10e-star-wars\/\",\"name\":\"Maz Kanata 1\/10e - Star wars - comixburo.com - Collection Elite 1\/10\u00e8me\",\"isPartOf\":{\"@id\":\"https:\/\/comixburo.com\/#website\"},\"primaryImageOfPage\":{\"@id\":\"https:\/\/comixburo.com\/produit\/maz-kanata-1-10e-star-wars\/#primaryimage\"},\"image\":{\"@id\":\"https:\/\/comixburo.com\/produit\/maz-kanata-1-10e-star-wars\/#primaryimage\"},\"thumbnailUrl\":\"https:\/\/comixburo.com\/wp-content\/uploads\/2025\/07\/sw049-maz-kanata-10eme-attakus-figurine-starwars.webp\",\"datePublished\":\"2025-07-18T08:13:34+00:00\",\"dateModified\":\"2025-09-26T07:29:24+00:00\",\"description\":\"Statuette Maz Kanata telle qu'elle appara\u00eet dans l'\u00e9pisode VII. collection Attakus Star Wars Elite, livr\u00e9e avec son certificat d\u2019authenticit\u00e9 Attakus.\",\"breadcrumb\":{\"@id\":\"https:\/\/comixburo.com\/produit\/maz-kanata-1-10e-star-wars\/#breadcrumb\"},\"inLanguage\":\"en-GB\",\"potentialAction\":[{\"@type\":\"ReadAction\",\"target\":[\"https:\/\/comixburo.com\/produit\/maz-kanata-1-10e-star-wars\/\"]}]},{\"@type\":\"ImageObject\",\"inLanguage\":\"en-GB\",\"@id\":\"https:\/\/comixburo.com\/produit\/maz-kanata-1-10e-star-wars\/#primaryimage\",\"url\":\"https:\/\/comixburo.com\/wp-content\/uploads\/2025\/07\/sw049-maz-kanata-10eme-attakus-figurine-starwars.webp\",\"contentUrl\":\"https:\/\/comixburo.com\/wp-content\/uploads\/2025\/07\/sw049-maz-kanata-10eme-attakus-figurine-starwars.webp\",\"width\":674,\"height\":1000},{\"@type\":\"BreadcrumbList\",\"@id\":\"https:\/\/comixburo.com\/produit\/maz-kanata-1-10e-star-wars\/#breadcrumb\",\"itemListElement\":[{\"@type\":\"ListItem\",\"position\":1,\"name\":\"Home\",\"item\":\"https:\/\/comixburo.com\/\"},{\"@type\":\"ListItem\",\"position\":2,\"name\":\"La boutique Comix Buro\",\"item\":\"https:\/\/comixburo.com\/la-boutique-comix-buro\/\"},{\"@type\":\"ListItem\",\"position\":3,\"name\":\"Maz Kanata 1\/10e &#8211; Star wars\"}]},{\"@type\":\"WebSite\",\"@id\":\"https:\/\/comixburo.com\/#website\",\"url\":\"https:\/\/comixburo.com\/\",\"name\":\"comixburo.com\",\"description\":\"Cr\u00e9ateur de projets : Sketchbook d&#039;artistes !\",\"publisher\":{\"@id\":\"https:\/\/comixburo.com\/#organization\"},\"alternateName\":\"Comix Buro\",\"potentialAction\":[{\"@type\":\"SearchAction\",\"target\":{\"@type\":\"EntryPoint\",\"urlTemplate\":\"https:\/\/comixburo.com\/?s={search_term_string}\"},\"query-input\":{\"@type\":\"PropertyValueSpecification\",\"valueRequired\":true,\"valueName\":\"search_term_string\"}}],\"inLanguage\":\"en-GB\"},{\"@type\":\"Organization\",\"@id\":\"https:\/\/comixburo.com\/#organization\",\"name\":\"comixburo.com\",\"url\":\"https:\/\/comixburo.com\/\",\"logo\":{\"@type\":\"ImageObject\",\"inLanguage\":\"en-GB\",\"@id\":\"https:\/\/comixburo.com\/#\/schema\/logo\/image\/\",\"url\":\"https:\/\/comixburo.com\/wp-content\/uploads\/2025\/04\/logo-cxb-ROND.webp\",\"contentUrl\":\"https:\/\/comixburo.com\/wp-content\/uploads\/2025\/04\/logo-cxb-ROND.webp\",\"width\":200,\"height\":200,\"caption\":\"comixburo.com\"},\"image\":{\"@id\":\"https:\/\/comixburo.com\/#\/schema\/logo\/image\/\"},\"sameAs\":[\"https:\/\/www.facebook.com\/comixburo\",\"https:\/\/www.instagram.com\/comixburo\/\"]}]}<\/script>\n<!-- \/ Yoast SEO plugin. -->","yoast_head_json":{"title":"Maz Kanata 1\/10e - Star wars - comixburo.com - Collection Elite 1\/10\u00e8me","description":"Statuette Maz Kanata telle qu'elle appara\u00eet dans l'\u00e9pisode VII. collection Attakus Star Wars Elite, livr\u00e9e avec son certificat d\u2019authenticit\u00e9 Attakus.","robots":{"index":"index","follow":"follow","max-snippet":"max-snippet:-1","max-image-preview":"max-image-preview:large","max-video-preview":"max-video-preview:-1"},"canonical":"https:\/\/comixburo.com\/en\/product\/maz-kanata-1-10e-star-wars\/","og_locale":"en_GB","og_type":"article","og_title":"Maz Kanata 1\/10e - Star wars - comixburo.com - Collection Elite 1\/10\u00e8me","og_description":"Statuette Maz Kanata telle qu'elle appara\u00eet dans l'\u00e9pisode VII. collection Attakus Star Wars Elite, livr\u00e9e avec son certificat d\u2019authenticit\u00e9 Attakus.","og_url":"https:\/\/comixburo.com\/en\/product\/maz-kanata-1-10e-star-wars\/","og_site_name":"comixburo.com","article_publisher":"https:\/\/www.facebook.com\/comixburo","article_modified_time":"2025-09-26T07:29:24+00:00","og_image":[{"width":674,"height":1000,"url":"https:\/\/comixburo.com\/wp-content\/uploads\/2025\/07\/sw049-maz-kanata-10eme-attakus-figurine-starwars.webp","type":"image\/webp"}],"twitter_card":"summary_large_image","twitter_misc":{"Estimated reading time":"2 minutes"},"schema":{"@context":"https:\/\/schema.org","@graph":[{"@type":"WebPage","@id":"https:\/\/comixburo.com\/produit\/maz-kanata-1-10e-star-wars\/","url":"https:\/\/comixburo.com\/produit\/maz-kanata-1-10e-star-wars\/","name":"Maz Kanata 1\/10e - Star wars - comixburo.com - Collection Elite 1\/10\u00e8me","isPartOf":{"@id":"https:\/\/comixburo.com\/#website"},"primaryImageOfPage":{"@id":"https:\/\/comixburo.com\/produit\/maz-kanata-1-10e-star-wars\/#primaryimage"},"image":{"@id":"https:\/\/comixburo.com\/produit\/maz-kanata-1-10e-star-wars\/#primaryimage"},"thumbnailUrl":"https:\/\/comixburo.com\/wp-content\/uploads\/2025\/07\/sw049-maz-kanata-10eme-attakus-figurine-starwars.webp","datePublished":"2025-07-18T08:13:34+00:00","dateModified":"2025-09-26T07:29:24+00:00","description":"Statuette Maz Kanata telle qu'elle appara\u00eet dans l'\u00e9pisode VII. collection Attakus Star Wars Elite, livr\u00e9e avec son certificat d\u2019authenticit\u00e9 Attakus.","breadcrumb":{"@id":"https:\/\/comixburo.com\/produit\/maz-kanata-1-10e-star-wars\/#breadcrumb"},"inLanguage":"en-GB","potentialAction":[{"@type":"ReadAction","target":["https:\/\/comixburo.com\/produit\/maz-kanata-1-10e-star-wars\/"]}]},{"@type":"ImageObject","inLanguage":"en-GB","@id":"https:\/\/comixburo.com\/produit\/maz-kanata-1-10e-star-wars\/#primaryimage","url":"https:\/\/comixburo.com\/wp-content\/uploads\/2025\/07\/sw049-maz-kanata-10eme-attakus-figurine-starwars.webp","contentUrl":"https:\/\/comixburo.com\/wp-content\/uploads\/2025\/07\/sw049-maz-kanata-10eme-attakus-figurine-starwars.webp","width":674,"height":1000},{"@type":"BreadcrumbList","@id":"https:\/\/comixburo.com\/produit\/maz-kanata-1-10e-star-wars\/#breadcrumb","itemListElement":[{"@type":"ListItem","position":1,"name":"Home","item":"https:\/\/comixburo.com\/"},{"@type":"ListItem","position":2,"name":"La boutique Comix Buro","item":"https:\/\/comixburo.com\/la-boutique-comix-buro\/"},{"@type":"ListItem","position":3,"name":"Maz Kanata 1\/10e &#8211; Star wars"}]},{"@type":"WebSite","@id":"https:\/\/comixburo.com\/#website","url":"https:\/\/comixburo.com\/","name":"comixburo.com","description":"Cr\u00e9ateur de projets : Sketchbook d&#039;artistes !","publisher":{"@id":"https:\/\/comixburo.com\/#organization"},"alternateName":"Comix Buro","potentialAction":[{"@type":"SearchAction","target":{"@type":"EntryPoint","urlTemplate":"https:\/\/comixburo.com\/?s={search_term_string}"},"query-input":{"@type":"PropertyValueSpecification","valueRequired":true,"valueName":"search_term_string"}}],"inLanguage":"en-GB"},{"@type":"Organization","@id":"https:\/\/comixburo.com\/#organization","name":"comixburo.com","url":"https:\/\/comixburo.com\/","logo":{"@type":"ImageObject","inLanguage":"en-GB","@id":"https:\/\/comixburo.com\/#\/schema\/logo\/image\/","url":"https:\/\/comixburo.com\/wp-content\/uploads\/2025\/04\/logo-cxb-ROND.webp","contentUrl":"https:\/\/comixburo.com\/wp-content\/uploads\/2025\/04\/logo-cxb-ROND.webp","width":200,"height":200,"caption":"comixburo.com"},"image":{"@id":"https:\/\/comixburo.com\/#\/schema\/logo\/image\/"},"sameAs":["https:\/\/www.facebook.com\/comixburo","https:\/\/www.instagram.com\/comixburo\/"]}]}},"jetpack_sharing_enabled":true,"_links":{"self":[{"href":"https:\/\/comixburo.com\/en\/wp-json\/wp\/v2\/product\/20518","targetHints":{"allow":["GET"]}}],"collection":[{"href":"https:\/\/comixburo.com\/en\/wp-json\/wp\/v2\/product"}],"about":[{"href":"https:\/\/comixburo.com\/en\/wp-json\/wp\/v2\/types\/product"}],"replies":[{"embeddable":true,"href":"https:\/\/comixburo.com\/en\/wp-json\/wp\/v2\/comments?post=20518"}],"version-history":[{"count":1,"href":"https:\/\/comixburo.com\/en\/wp-json\/wp\/v2\/product\/20518\/revisions"}],"predecessor-version":[{"id":20566,"href":"https:\/\/comixburo.com\/en\/wp-json\/wp\/v2\/product\/20518\/revisions\/20566"}],"wp:featuredmedia":[{"embeddable":true,"href":"https:\/\/comixburo.com\/en\/wp-json\/wp\/v2\/media\/21199"}],"wp:attachment":[{"href":"https:\/\/comixburo.com\/en\/wp-json\/wp\/v2\/media?parent=20518"}],"wp:term":[{"taxonomy":"product_brand","embeddable":true,"href":"https:\/\/comixburo.com\/en\/wp-json\/wp\/v2\/product_brand?post=20518"},{"taxonomy":"product_cat","embeddable":true,"href":"https:\/\/comixburo.com\/en\/wp-json\/wp\/v2\/product_cat?post=20518"},{"taxonomy":"product_tag","embeddable":true,"href":"https:\/\/comixburo.com\/en\/wp-json\/wp\/v2\/product_tag?post=20518"}],"curies":[{"name":"wp","href":"https:\/\/api.w.org\/{rel}","templated":true}]}}