{"id":20526,"date":"2025-07-18T10:13:35","date_gmt":"2025-07-18T08:13:35","guid":{"rendered":"https:\/\/comixburo.com\/?post_type=product&#038;p=20526"},"modified":"2025-09-26T09:26:42","modified_gmt":"2025-09-26T07:26:42","slug":"luke-chevalier-jedi-1-5e-star-wars","status":"publish","type":"product","link":"https:\/\/comixburo.com\/en\/product\/luke-chevalier-jedi-1-5e-star-wars\/","title":{"rendered":"Luke Chevalier Jedi 1\/5e &#8211; Star wars"},"content":{"rendered":"<h3><strong>Statuette de collection Luke Chevalier Jedi &#8211; Star wars<\/strong><\/h3>\n<p>Limit\u00e9e \u00e0 1500 ex<br \/>\nTaille : 37 cm<br \/>\nFourni avec : certificat d&rsquo;authenticit\u00e9<br \/>\nTir\u00e9 du film : Le Retour du Jedi<\/p>\n<p>&#8211; Plongez dans l&rsquo;univers Attakus de Star Wars et d\u00e9couvrez les statues de la collection Classic, \u00e0 l&rsquo;\u00e9chelle 1\/5\u00e8me !<br \/>\n&#8211; Statue en r\u00e9sine de Luke chevalier Jedi, tel qu&rsquo;il appara\u00eet dans l&rsquo;\u00e9pisode VI de la saga Star Wars (Le Retour du Jedi).<br \/>\n&#8211; Collector num\u00e9rot\u00e9 et limit\u00e9 \u00e0 1500 exemplaires dans le monde. Sculpt\u00e9 en France et peint \u00e0 la main. Livr\u00e9 avec son certificat d&rsquo;authenticit\u00e9 Attakus.<br \/>\n&#8211; Collection historique de chez Attakus, la collection Classic propose des statues de collection \u00e0 l&rsquo;\u00e9chelle 1\/5\u00e8me, soit une quarantaine de centim\u00e8tres pour la majorit\u00e9 des personnages.<br \/>\n&#8211; Elles sont r\u00e9alis\u00e9es en r\u00e9sine et peintes \u00e0 la main.<br \/>\n&#8211; Cette statue repr\u00e9sente Luke Skywalker avec son sabre laser en mains, en tenue noire de jedi, tenue qui symbolise sa transformation de jeune homme imp\u00e9tueux en h\u00e9ros galactique.<br \/>\n&#8211; Luke Skywalker est le fils d&rsquo;Anakin Skywalker et de Padm\u00e9 Amidala, et le fr\u00e8re jumeau de la princesse Leia Organa.<\/p>\n<p>D&rsquo;autres figurines Star Wars par Attakus sont disponibles sur ce site !<\/p>\n<p><img loading=\"lazy\" decoding=\"async\" class=\"arrondie aligncenter wp-image-13150 size-full\" src=\"https:\/\/attakus.art\/wp-content\/uploads\/2021\/07\/starwars-attakus-mege-menu-attakus-collection-statues-figurines-franco-belge-star-war.jpg\" alt=\"\" width=\"300\" height=\"250\" \/><\/p>","protected":false},"excerpt":{"rendered":"<p>&nbsp;<\/p>\n<p align=\"center\"><em><strong>Collection Classique 1\/5e.<\/strong> <\/em><\/p>\n<p>Luke grandit sans conna\u00eetre ses origines ni le destin tragique que connaissent ses parents \u00e0 la fin de la Guerre des Clones. Sa vie prend un tournant majeur lorsque son oncle, Owen Lars, aquiert les deux dro\u00efdes, R2-D2 et C-3PO, transportant les plans de l&rsquo;\u00c9toile de la Mort. Lorsque son oncle et sa tante sont tu\u00e9s par les troupes de l&#8217;empire, Luke, \u00e0 nouveau orphelin, accepte d&rsquo;accompagner Ben Kenobi pour livrer les plans \u00e0 l&rsquo;Alliance Rebelle. Il commence alors son initiation en tant que jedi.<\/p>","protected":false},"featured_media":21213,"comment_status":"closed","ping_status":"closed","template":"","meta":[],"product_brand":[],"product_cat":[123,116,106],"product_tag":[],"class_list":{"0":"post-20526","1":"product","2":"type-product","3":"status-publish","4":"has-post-thumbnail","6":"product_cat-collection-classique-1-5e","7":"product_cat-star-wars","8":"product_cat-statues","10":"first","11":"instock","12":"taxable","13":"shipping-taxable","14":"purchasable","15":"product-type-simple"},"yoast_head":"<!-- This site is optimized with the Yoast SEO plugin v26.9 - https:\/\/yoast.com\/product\/yoast-seo-wordpress\/ -->\n<title>Luke Chevalier Jedi 1\/5e - Star wars - comixburo.com - Statuette Star Wars<\/title>\n<meta name=\"description\" content=\"Statuette Figurine collection. Statue en r\u00e9sine de Luke chevalier Jedi, tel qu\u2019il appara\u00eet dans l\u2019\u00e9pisode VI de la saga Star Wars\" \/>\n<meta name=\"robots\" content=\"index, follow, max-snippet:-1, max-image-preview:large, max-video-preview:-1\" \/>\n<link rel=\"canonical\" href=\"https:\/\/comixburo.com\/en\/product\/luke-chevalier-jedi-1-5e-star-wars\/\" \/>\n<meta property=\"og:locale\" content=\"en_GB\" \/>\n<meta property=\"og:type\" content=\"article\" \/>\n<meta property=\"og:title\" content=\"Luke Chevalier Jedi 1\/5e - Star wars - comixburo.com - Statuette Star Wars\" \/>\n<meta property=\"og:description\" content=\"Statuette Figurine collection. Statue en r\u00e9sine de Luke chevalier Jedi, tel qu\u2019il appara\u00eet dans l\u2019\u00e9pisode VI de la saga Star Wars\" \/>\n<meta property=\"og:url\" content=\"https:\/\/comixburo.com\/en\/product\/luke-chevalier-jedi-1-5e-star-wars\/\" \/>\n<meta property=\"og:site_name\" content=\"comixburo.com\" \/>\n<meta property=\"article:publisher\" content=\"https:\/\/www.facebook.com\/comixburo\" \/>\n<meta property=\"article:modified_time\" content=\"2025-09-26T07:26:42+00:00\" \/>\n<meta property=\"og:image\" content=\"https:\/\/comixburo.com\/wp-content\/uploads\/2025\/07\/C139-luke-jedi-knight-5eme-attakus-figurine-starwars.webp\" \/>\n\t<meta property=\"og:image:width\" content=\"674\" \/>\n\t<meta property=\"og:image:height\" content=\"1000\" \/>\n\t<meta property=\"og:image:type\" content=\"image\/webp\" \/>\n<meta name=\"twitter:card\" content=\"summary_large_image\" \/>\n<meta name=\"twitter:label1\" content=\"Estimated reading time\" \/>\n\t<meta name=\"twitter:data1\" content=\"2 minutes\" \/>\n<script type=\"application\/ld+json\" class=\"yoast-schema-graph\">{\"@context\":\"https:\/\/schema.org\",\"@graph\":[{\"@type\":\"WebPage\",\"@id\":\"https:\/\/comixburo.com\/produit\/luke-chevalier-jedi-1-5e-star-wars\/\",\"url\":\"https:\/\/comixburo.com\/produit\/luke-chevalier-jedi-1-5e-star-wars\/\",\"name\":\"Luke Chevalier Jedi 1\/5e - Star wars - comixburo.com - Statuette Star Wars\",\"isPartOf\":{\"@id\":\"https:\/\/comixburo.com\/#website\"},\"primaryImageOfPage\":{\"@id\":\"https:\/\/comixburo.com\/produit\/luke-chevalier-jedi-1-5e-star-wars\/#primaryimage\"},\"image\":{\"@id\":\"https:\/\/comixburo.com\/produit\/luke-chevalier-jedi-1-5e-star-wars\/#primaryimage\"},\"thumbnailUrl\":\"https:\/\/comixburo.com\/wp-content\/uploads\/2025\/07\/C139-luke-jedi-knight-5eme-attakus-figurine-starwars.webp\",\"datePublished\":\"2025-07-18T08:13:35+00:00\",\"dateModified\":\"2025-09-26T07:26:42+00:00\",\"description\":\"Statuette Figurine collection. Statue en r\u00e9sine de Luke chevalier Jedi, tel qu\u2019il appara\u00eet dans l\u2019\u00e9pisode VI de la saga Star Wars\",\"breadcrumb\":{\"@id\":\"https:\/\/comixburo.com\/produit\/luke-chevalier-jedi-1-5e-star-wars\/#breadcrumb\"},\"inLanguage\":\"en-GB\",\"potentialAction\":[{\"@type\":\"ReadAction\",\"target\":[\"https:\/\/comixburo.com\/produit\/luke-chevalier-jedi-1-5e-star-wars\/\"]}]},{\"@type\":\"ImageObject\",\"inLanguage\":\"en-GB\",\"@id\":\"https:\/\/comixburo.com\/produit\/luke-chevalier-jedi-1-5e-star-wars\/#primaryimage\",\"url\":\"https:\/\/comixburo.com\/wp-content\/uploads\/2025\/07\/C139-luke-jedi-knight-5eme-attakus-figurine-starwars.webp\",\"contentUrl\":\"https:\/\/comixburo.com\/wp-content\/uploads\/2025\/07\/C139-luke-jedi-knight-5eme-attakus-figurine-starwars.webp\",\"width\":674,\"height\":1000},{\"@type\":\"BreadcrumbList\",\"@id\":\"https:\/\/comixburo.com\/produit\/luke-chevalier-jedi-1-5e-star-wars\/#breadcrumb\",\"itemListElement\":[{\"@type\":\"ListItem\",\"position\":1,\"name\":\"Home\",\"item\":\"https:\/\/comixburo.com\/\"},{\"@type\":\"ListItem\",\"position\":2,\"name\":\"La boutique Comix Buro\",\"item\":\"https:\/\/comixburo.com\/la-boutique-comix-buro\/\"},{\"@type\":\"ListItem\",\"position\":3,\"name\":\"Luke Chevalier Jedi 1\/5e &#8211; Star wars\"}]},{\"@type\":\"WebSite\",\"@id\":\"https:\/\/comixburo.com\/#website\",\"url\":\"https:\/\/comixburo.com\/\",\"name\":\"comixburo.com\",\"description\":\"Cr\u00e9ateur de projets : Sketchbook d&#039;artistes !\",\"publisher\":{\"@id\":\"https:\/\/comixburo.com\/#organization\"},\"alternateName\":\"Comix Buro\",\"potentialAction\":[{\"@type\":\"SearchAction\",\"target\":{\"@type\":\"EntryPoint\",\"urlTemplate\":\"https:\/\/comixburo.com\/?s={search_term_string}\"},\"query-input\":{\"@type\":\"PropertyValueSpecification\",\"valueRequired\":true,\"valueName\":\"search_term_string\"}}],\"inLanguage\":\"en-GB\"},{\"@type\":\"Organization\",\"@id\":\"https:\/\/comixburo.com\/#organization\",\"name\":\"comixburo.com\",\"url\":\"https:\/\/comixburo.com\/\",\"logo\":{\"@type\":\"ImageObject\",\"inLanguage\":\"en-GB\",\"@id\":\"https:\/\/comixburo.com\/#\/schema\/logo\/image\/\",\"url\":\"https:\/\/comixburo.com\/wp-content\/uploads\/2025\/04\/logo-cxb-ROND.webp\",\"contentUrl\":\"https:\/\/comixburo.com\/wp-content\/uploads\/2025\/04\/logo-cxb-ROND.webp\",\"width\":200,\"height\":200,\"caption\":\"comixburo.com\"},\"image\":{\"@id\":\"https:\/\/comixburo.com\/#\/schema\/logo\/image\/\"},\"sameAs\":[\"https:\/\/www.facebook.com\/comixburo\",\"https:\/\/www.instagram.com\/comixburo\/\"]}]}<\/script>\n<!-- \/ Yoast SEO plugin. -->","yoast_head_json":{"title":"Luke Chevalier Jedi 1\/5e - Star wars - comixburo.com - Statuette Star Wars","description":"Statuette Figurine collection. Statue en r\u00e9sine de Luke chevalier Jedi, tel qu\u2019il appara\u00eet dans l\u2019\u00e9pisode VI de la saga Star Wars","robots":{"index":"index","follow":"follow","max-snippet":"max-snippet:-1","max-image-preview":"max-image-preview:large","max-video-preview":"max-video-preview:-1"},"canonical":"https:\/\/comixburo.com\/en\/product\/luke-chevalier-jedi-1-5e-star-wars\/","og_locale":"en_GB","og_type":"article","og_title":"Luke Chevalier Jedi 1\/5e - Star wars - comixburo.com - Statuette Star Wars","og_description":"Statuette Figurine collection. Statue en r\u00e9sine de Luke chevalier Jedi, tel qu\u2019il appara\u00eet dans l\u2019\u00e9pisode VI de la saga Star Wars","og_url":"https:\/\/comixburo.com\/en\/product\/luke-chevalier-jedi-1-5e-star-wars\/","og_site_name":"comixburo.com","article_publisher":"https:\/\/www.facebook.com\/comixburo","article_modified_time":"2025-09-26T07:26:42+00:00","og_image":[{"width":674,"height":1000,"url":"https:\/\/comixburo.com\/wp-content\/uploads\/2025\/07\/C139-luke-jedi-knight-5eme-attakus-figurine-starwars.webp","type":"image\/webp"}],"twitter_card":"summary_large_image","twitter_misc":{"Estimated reading time":"2 minutes"},"schema":{"@context":"https:\/\/schema.org","@graph":[{"@type":"WebPage","@id":"https:\/\/comixburo.com\/produit\/luke-chevalier-jedi-1-5e-star-wars\/","url":"https:\/\/comixburo.com\/produit\/luke-chevalier-jedi-1-5e-star-wars\/","name":"Luke Chevalier Jedi 1\/5e - Star wars - comixburo.com - Statuette Star Wars","isPartOf":{"@id":"https:\/\/comixburo.com\/#website"},"primaryImageOfPage":{"@id":"https:\/\/comixburo.com\/produit\/luke-chevalier-jedi-1-5e-star-wars\/#primaryimage"},"image":{"@id":"https:\/\/comixburo.com\/produit\/luke-chevalier-jedi-1-5e-star-wars\/#primaryimage"},"thumbnailUrl":"https:\/\/comixburo.com\/wp-content\/uploads\/2025\/07\/C139-luke-jedi-knight-5eme-attakus-figurine-starwars.webp","datePublished":"2025-07-18T08:13:35+00:00","dateModified":"2025-09-26T07:26:42+00:00","description":"Statuette Figurine collection. Statue en r\u00e9sine de Luke chevalier Jedi, tel qu\u2019il appara\u00eet dans l\u2019\u00e9pisode VI de la saga Star Wars","breadcrumb":{"@id":"https:\/\/comixburo.com\/produit\/luke-chevalier-jedi-1-5e-star-wars\/#breadcrumb"},"inLanguage":"en-GB","potentialAction":[{"@type":"ReadAction","target":["https:\/\/comixburo.com\/produit\/luke-chevalier-jedi-1-5e-star-wars\/"]}]},{"@type":"ImageObject","inLanguage":"en-GB","@id":"https:\/\/comixburo.com\/produit\/luke-chevalier-jedi-1-5e-star-wars\/#primaryimage","url":"https:\/\/comixburo.com\/wp-content\/uploads\/2025\/07\/C139-luke-jedi-knight-5eme-attakus-figurine-starwars.webp","contentUrl":"https:\/\/comixburo.com\/wp-content\/uploads\/2025\/07\/C139-luke-jedi-knight-5eme-attakus-figurine-starwars.webp","width":674,"height":1000},{"@type":"BreadcrumbList","@id":"https:\/\/comixburo.com\/produit\/luke-chevalier-jedi-1-5e-star-wars\/#breadcrumb","itemListElement":[{"@type":"ListItem","position":1,"name":"Home","item":"https:\/\/comixburo.com\/"},{"@type":"ListItem","position":2,"name":"La boutique Comix Buro","item":"https:\/\/comixburo.com\/la-boutique-comix-buro\/"},{"@type":"ListItem","position":3,"name":"Luke Chevalier Jedi 1\/5e &#8211; Star wars"}]},{"@type":"WebSite","@id":"https:\/\/comixburo.com\/#website","url":"https:\/\/comixburo.com\/","name":"comixburo.com","description":"Cr\u00e9ateur de projets : Sketchbook d&#039;artistes !","publisher":{"@id":"https:\/\/comixburo.com\/#organization"},"alternateName":"Comix Buro","potentialAction":[{"@type":"SearchAction","target":{"@type":"EntryPoint","urlTemplate":"https:\/\/comixburo.com\/?s={search_term_string}"},"query-input":{"@type":"PropertyValueSpecification","valueRequired":true,"valueName":"search_term_string"}}],"inLanguage":"en-GB"},{"@type":"Organization","@id":"https:\/\/comixburo.com\/#organization","name":"comixburo.com","url":"https:\/\/comixburo.com\/","logo":{"@type":"ImageObject","inLanguage":"en-GB","@id":"https:\/\/comixburo.com\/#\/schema\/logo\/image\/","url":"https:\/\/comixburo.com\/wp-content\/uploads\/2025\/04\/logo-cxb-ROND.webp","contentUrl":"https:\/\/comixburo.com\/wp-content\/uploads\/2025\/04\/logo-cxb-ROND.webp","width":200,"height":200,"caption":"comixburo.com"},"image":{"@id":"https:\/\/comixburo.com\/#\/schema\/logo\/image\/"},"sameAs":["https:\/\/www.facebook.com\/comixburo","https:\/\/www.instagram.com\/comixburo\/"]}]}},"jetpack_sharing_enabled":true,"_links":{"self":[{"href":"https:\/\/comixburo.com\/en\/wp-json\/wp\/v2\/product\/20526","targetHints":{"allow":["GET"]}}],"collection":[{"href":"https:\/\/comixburo.com\/en\/wp-json\/wp\/v2\/product"}],"about":[{"href":"https:\/\/comixburo.com\/en\/wp-json\/wp\/v2\/types\/product"}],"replies":[{"embeddable":true,"href":"https:\/\/comixburo.com\/en\/wp-json\/wp\/v2\/comments?post=20526"}],"version-history":[{"count":1,"href":"https:\/\/comixburo.com\/en\/wp-json\/wp\/v2\/product\/20526\/revisions"}],"predecessor-version":[{"id":20572,"href":"https:\/\/comixburo.com\/en\/wp-json\/wp\/v2\/product\/20526\/revisions\/20572"}],"wp:featuredmedia":[{"embeddable":true,"href":"https:\/\/comixburo.com\/en\/wp-json\/wp\/v2\/media\/21213"}],"wp:attachment":[{"href":"https:\/\/comixburo.com\/en\/wp-json\/wp\/v2\/media?parent=20526"}],"wp:term":[{"taxonomy":"product_brand","embeddable":true,"href":"https:\/\/comixburo.com\/en\/wp-json\/wp\/v2\/product_brand?post=20526"},{"taxonomy":"product_cat","embeddable":true,"href":"https:\/\/comixburo.com\/en\/wp-json\/wp\/v2\/product_cat?post=20526"},{"taxonomy":"product_tag","embeddable":true,"href":"https:\/\/comixburo.com\/en\/wp-json\/wp\/v2\/product_tag?post=20526"}],"curies":[{"name":"wp","href":"https:\/\/api.w.org\/{rel}","templated":true}]}}