{"id":20529,"date":"2025-07-18T10:13:35","date_gmt":"2025-07-18T08:13:35","guid":{"rendered":"https:\/\/comixburo.com\/?post_type=product&#038;p=20529"},"modified":"2026-01-28T18:55:59","modified_gmt":"2026-01-28T17:55:59","slug":"yoda-using-the-force-53-cm-star-wars","status":"publish","type":"product","link":"https:\/\/comixburo.com\/en\/product\/yoda-using-the-force-53-cm-star-wars\/","title":{"rendered":"Yoda using the force (53 cm) &#8211; Star wars"},"content":{"rendered":"<h3><strong>Statue de collection Yoda using the force (53 cm) &#8211; Star wars<\/strong><\/h3>\n<p>Ref: SW201<br \/>\nTitre: Yoda<br \/>\nTaille: 53 cm<br \/>\nPoids: 12kg<br \/>\nTirage: 499 exemplaires<br \/>\nMat\u00e9riaux: R\u00e9sine<\/p>\n<p>&#8211; Grande statue de collection en r\u00e9sine de Ma\u00eetre Yoda, inspir\u00e9e de l&rsquo;\u00e9pisode V de la s\u00e9rie Star Wars (L&rsquo;Empire contre attaque).<br \/>\n&#8211; Collector num\u00e9rot\u00e9 et limit\u00e9 \u00e0 499 Exemplaires dans le monde. Sculpt\u00e9 en France et peint \u00e0 la main.<br \/>\n&#8211; Livr\u00e9e avec son certificat d&rsquo;authenticit\u00e9 Attakus.<br \/>\n&#8211; Puissant et zen\u2026 Captur\u00e9 au moment de sa plus intense concentration, ce Yoda inspire sagesse et s\u00e9r\u00e9nit\u00e9.<br \/>\n&#8211; Adoss\u00e9 \u00e0 un tronc d\u2019arbre richement textur\u00e9, pourvu de sa m\u00e9daille, ce personnage a \u00e9t\u00e9 travaill\u00e9 pendant de longs mois en collaboration \u00e9troite avec Lucasfilm pour aboutir \u00e0 cette sculpture en r\u00e9sine extr\u00eamement d\u00e9taill\u00e9e. Chaque ride du grand Ma\u00eetre Jedi de 900 ans est fid\u00e8lement reproduite et l\u2019effet est saisissant !<\/p>\n<p><img loading=\"lazy\" decoding=\"async\" class=\"arrondie aligncenter wp-image-13150 size-full\" src=\"https:\/\/attakus.art\/wp-content\/uploads\/2021\/07\/starwars-attakus-mege-menu-attakus-collection-statues-figurines-franco-belge-star-war.jpg\" alt=\"\" width=\"300\" height=\"250\" \/><\/p>","protected":false},"excerpt":{"rendered":"<p align=\"center\"><em><strong>Attakus Collection Prestige<\/strong><\/em><\/p>\n<p>Retrouvez toute la sagesse n\u00e9cessaire pour contr\u00f4ler la force en ce Yoda de 53cm ! (near lifesize).<\/p>","protected":false},"featured_media":21203,"comment_status":"closed","ping_status":"closed","template":"","meta":[],"product_brand":[],"product_cat":[125,116,106],"product_tag":[127],"class_list":{"0":"post-20529","1":"product","2":"type-product","3":"status-publish","4":"has-post-thumbnail","6":"product_cat-collection-prestige","7":"product_cat-star-wars","8":"product_cat-statues","9":"product_tag-127","11":"first","12":"instock","13":"taxable","14":"shipping-taxable","15":"purchasable","16":"product-type-simple"},"yoast_head":"<!-- This site is optimized with the Yoast SEO plugin v26.9 - https:\/\/yoast.com\/product\/yoast-seo-wordpress\/ -->\n<title>Yoda using the force (53 cm) - Star wars - comixburo.com - Statuette<\/title>\n<meta name=\"description\" content=\"Yoda using the force, Statuette Figurine Star Wars, Grande statue de collection en r\u00e9sine, inspir\u00e9e de l\u2019\u00e9pisode V de la s\u00e9rie Star Wars.\" \/>\n<meta name=\"robots\" content=\"index, follow, max-snippet:-1, max-image-preview:large, max-video-preview:-1\" \/>\n<link rel=\"canonical\" href=\"https:\/\/comixburo.com\/en\/product\/yoda-using-the-force-53-cm-star-wars\/\" \/>\n<meta property=\"og:locale\" content=\"en_GB\" \/>\n<meta property=\"og:type\" content=\"article\" \/>\n<meta property=\"og:title\" content=\"Yoda using the force (53 cm) - Star wars - comixburo.com - Statuette\" \/>\n<meta property=\"og:description\" content=\"Yoda using the force, Statuette Figurine Star Wars, Grande statue de collection en r\u00e9sine, inspir\u00e9e de l\u2019\u00e9pisode V de la s\u00e9rie Star Wars.\" \/>\n<meta property=\"og:url\" content=\"https:\/\/comixburo.com\/en\/product\/yoda-using-the-force-53-cm-star-wars\/\" \/>\n<meta property=\"og:site_name\" content=\"comixburo.com\" \/>\n<meta property=\"article:publisher\" content=\"https:\/\/www.facebook.com\/comixburo\" \/>\n<meta property=\"article:modified_time\" content=\"2026-01-28T17:55:59+00:00\" \/>\n<meta property=\"og:image\" content=\"https:\/\/comixburo.com\/wp-content\/uploads\/2025\/07\/sw201-yoda-attakus-figurine-starwars.webp\" \/>\n\t<meta property=\"og:image:width\" content=\"674\" \/>\n\t<meta property=\"og:image:height\" content=\"1000\" \/>\n\t<meta property=\"og:image:type\" content=\"image\/webp\" \/>\n<meta name=\"twitter:card\" content=\"summary_large_image\" \/>\n<meta name=\"twitter:label1\" content=\"Estimated reading time\" \/>\n\t<meta name=\"twitter:data1\" content=\"2 minutes\" \/>\n<script type=\"application\/ld+json\" class=\"yoast-schema-graph\">{\"@context\":\"https:\/\/schema.org\",\"@graph\":[{\"@type\":\"WebPage\",\"@id\":\"https:\/\/comixburo.com\/produit\/yoda-using-the-force-53-cm-star-wars\/\",\"url\":\"https:\/\/comixburo.com\/produit\/yoda-using-the-force-53-cm-star-wars\/\",\"name\":\"Yoda using the force (53 cm) - Star wars - comixburo.com - Statuette\",\"isPartOf\":{\"@id\":\"https:\/\/comixburo.com\/#website\"},\"primaryImageOfPage\":{\"@id\":\"https:\/\/comixburo.com\/produit\/yoda-using-the-force-53-cm-star-wars\/#primaryimage\"},\"image\":{\"@id\":\"https:\/\/comixburo.com\/produit\/yoda-using-the-force-53-cm-star-wars\/#primaryimage\"},\"thumbnailUrl\":\"https:\/\/comixburo.com\/wp-content\/uploads\/2025\/07\/sw201-yoda-attakus-figurine-starwars.webp\",\"datePublished\":\"2025-07-18T08:13:35+00:00\",\"dateModified\":\"2026-01-28T17:55:59+00:00\",\"description\":\"Yoda using the force, Statuette Figurine Star Wars, Grande statue de collection en r\u00e9sine, inspir\u00e9e de l\u2019\u00e9pisode V de la s\u00e9rie Star Wars.\",\"breadcrumb\":{\"@id\":\"https:\/\/comixburo.com\/produit\/yoda-using-the-force-53-cm-star-wars\/#breadcrumb\"},\"inLanguage\":\"en-GB\",\"potentialAction\":[{\"@type\":\"ReadAction\",\"target\":[\"https:\/\/comixburo.com\/produit\/yoda-using-the-force-53-cm-star-wars\/\"]}]},{\"@type\":\"ImageObject\",\"inLanguage\":\"en-GB\",\"@id\":\"https:\/\/comixburo.com\/produit\/yoda-using-the-force-53-cm-star-wars\/#primaryimage\",\"url\":\"https:\/\/comixburo.com\/wp-content\/uploads\/2025\/07\/sw201-yoda-attakus-figurine-starwars.webp\",\"contentUrl\":\"https:\/\/comixburo.com\/wp-content\/uploads\/2025\/07\/sw201-yoda-attakus-figurine-starwars.webp\",\"width\":674,\"height\":1000},{\"@type\":\"BreadcrumbList\",\"@id\":\"https:\/\/comixburo.com\/produit\/yoda-using-the-force-53-cm-star-wars\/#breadcrumb\",\"itemListElement\":[{\"@type\":\"ListItem\",\"position\":1,\"name\":\"Home\",\"item\":\"https:\/\/comixburo.com\/\"},{\"@type\":\"ListItem\",\"position\":2,\"name\":\"La boutique Comix Buro\",\"item\":\"https:\/\/comixburo.com\/la-boutique-comix-buro\/\"},{\"@type\":\"ListItem\",\"position\":3,\"name\":\"Yoda using the force (53 cm) &#8211; Star wars\"}]},{\"@type\":\"WebSite\",\"@id\":\"https:\/\/comixburo.com\/#website\",\"url\":\"https:\/\/comixburo.com\/\",\"name\":\"comixburo.com\",\"description\":\"Cr\u00e9ateur de projets : Sketchbook d&#039;artistes !\",\"publisher\":{\"@id\":\"https:\/\/comixburo.com\/#organization\"},\"alternateName\":\"Comix Buro\",\"potentialAction\":[{\"@type\":\"SearchAction\",\"target\":{\"@type\":\"EntryPoint\",\"urlTemplate\":\"https:\/\/comixburo.com\/?s={search_term_string}\"},\"query-input\":{\"@type\":\"PropertyValueSpecification\",\"valueRequired\":true,\"valueName\":\"search_term_string\"}}],\"inLanguage\":\"en-GB\"},{\"@type\":\"Organization\",\"@id\":\"https:\/\/comixburo.com\/#organization\",\"name\":\"comixburo.com\",\"url\":\"https:\/\/comixburo.com\/\",\"logo\":{\"@type\":\"ImageObject\",\"inLanguage\":\"en-GB\",\"@id\":\"https:\/\/comixburo.com\/#\/schema\/logo\/image\/\",\"url\":\"https:\/\/comixburo.com\/wp-content\/uploads\/2025\/04\/logo-cxb-ROND.webp\",\"contentUrl\":\"https:\/\/comixburo.com\/wp-content\/uploads\/2025\/04\/logo-cxb-ROND.webp\",\"width\":200,\"height\":200,\"caption\":\"comixburo.com\"},\"image\":{\"@id\":\"https:\/\/comixburo.com\/#\/schema\/logo\/image\/\"},\"sameAs\":[\"https:\/\/www.facebook.com\/comixburo\",\"https:\/\/www.instagram.com\/comixburo\/\"]}]}<\/script>\n<!-- \/ Yoast SEO plugin. -->","yoast_head_json":{"title":"Yoda using the force (53 cm) - Star wars - comixburo.com - Statuette","description":"Yoda using the force, Statuette Figurine Star Wars, Grande statue de collection en r\u00e9sine, inspir\u00e9e de l\u2019\u00e9pisode V de la s\u00e9rie Star Wars.","robots":{"index":"index","follow":"follow","max-snippet":"max-snippet:-1","max-image-preview":"max-image-preview:large","max-video-preview":"max-video-preview:-1"},"canonical":"https:\/\/comixburo.com\/en\/product\/yoda-using-the-force-53-cm-star-wars\/","og_locale":"en_GB","og_type":"article","og_title":"Yoda using the force (53 cm) - Star wars - comixburo.com - Statuette","og_description":"Yoda using the force, Statuette Figurine Star Wars, Grande statue de collection en r\u00e9sine, inspir\u00e9e de l\u2019\u00e9pisode V de la s\u00e9rie Star Wars.","og_url":"https:\/\/comixburo.com\/en\/product\/yoda-using-the-force-53-cm-star-wars\/","og_site_name":"comixburo.com","article_publisher":"https:\/\/www.facebook.com\/comixburo","article_modified_time":"2026-01-28T17:55:59+00:00","og_image":[{"width":674,"height":1000,"url":"https:\/\/comixburo.com\/wp-content\/uploads\/2025\/07\/sw201-yoda-attakus-figurine-starwars.webp","type":"image\/webp"}],"twitter_card":"summary_large_image","twitter_misc":{"Estimated reading time":"2 minutes"},"schema":{"@context":"https:\/\/schema.org","@graph":[{"@type":"WebPage","@id":"https:\/\/comixburo.com\/produit\/yoda-using-the-force-53-cm-star-wars\/","url":"https:\/\/comixburo.com\/produit\/yoda-using-the-force-53-cm-star-wars\/","name":"Yoda using the force (53 cm) - Star wars - comixburo.com - Statuette","isPartOf":{"@id":"https:\/\/comixburo.com\/#website"},"primaryImageOfPage":{"@id":"https:\/\/comixburo.com\/produit\/yoda-using-the-force-53-cm-star-wars\/#primaryimage"},"image":{"@id":"https:\/\/comixburo.com\/produit\/yoda-using-the-force-53-cm-star-wars\/#primaryimage"},"thumbnailUrl":"https:\/\/comixburo.com\/wp-content\/uploads\/2025\/07\/sw201-yoda-attakus-figurine-starwars.webp","datePublished":"2025-07-18T08:13:35+00:00","dateModified":"2026-01-28T17:55:59+00:00","description":"Yoda using the force, Statuette Figurine Star Wars, Grande statue de collection en r\u00e9sine, inspir\u00e9e de l\u2019\u00e9pisode V de la s\u00e9rie Star Wars.","breadcrumb":{"@id":"https:\/\/comixburo.com\/produit\/yoda-using-the-force-53-cm-star-wars\/#breadcrumb"},"inLanguage":"en-GB","potentialAction":[{"@type":"ReadAction","target":["https:\/\/comixburo.com\/produit\/yoda-using-the-force-53-cm-star-wars\/"]}]},{"@type":"ImageObject","inLanguage":"en-GB","@id":"https:\/\/comixburo.com\/produit\/yoda-using-the-force-53-cm-star-wars\/#primaryimage","url":"https:\/\/comixburo.com\/wp-content\/uploads\/2025\/07\/sw201-yoda-attakus-figurine-starwars.webp","contentUrl":"https:\/\/comixburo.com\/wp-content\/uploads\/2025\/07\/sw201-yoda-attakus-figurine-starwars.webp","width":674,"height":1000},{"@type":"BreadcrumbList","@id":"https:\/\/comixburo.com\/produit\/yoda-using-the-force-53-cm-star-wars\/#breadcrumb","itemListElement":[{"@type":"ListItem","position":1,"name":"Home","item":"https:\/\/comixburo.com\/"},{"@type":"ListItem","position":2,"name":"La boutique Comix Buro","item":"https:\/\/comixburo.com\/la-boutique-comix-buro\/"},{"@type":"ListItem","position":3,"name":"Yoda using the force (53 cm) &#8211; Star wars"}]},{"@type":"WebSite","@id":"https:\/\/comixburo.com\/#website","url":"https:\/\/comixburo.com\/","name":"comixburo.com","description":"Cr\u00e9ateur de projets : Sketchbook d&#039;artistes !","publisher":{"@id":"https:\/\/comixburo.com\/#organization"},"alternateName":"Comix Buro","potentialAction":[{"@type":"SearchAction","target":{"@type":"EntryPoint","urlTemplate":"https:\/\/comixburo.com\/?s={search_term_string}"},"query-input":{"@type":"PropertyValueSpecification","valueRequired":true,"valueName":"search_term_string"}}],"inLanguage":"en-GB"},{"@type":"Organization","@id":"https:\/\/comixburo.com\/#organization","name":"comixburo.com","url":"https:\/\/comixburo.com\/","logo":{"@type":"ImageObject","inLanguage":"en-GB","@id":"https:\/\/comixburo.com\/#\/schema\/logo\/image\/","url":"https:\/\/comixburo.com\/wp-content\/uploads\/2025\/04\/logo-cxb-ROND.webp","contentUrl":"https:\/\/comixburo.com\/wp-content\/uploads\/2025\/04\/logo-cxb-ROND.webp","width":200,"height":200,"caption":"comixburo.com"},"image":{"@id":"https:\/\/comixburo.com\/#\/schema\/logo\/image\/"},"sameAs":["https:\/\/www.facebook.com\/comixburo","https:\/\/www.instagram.com\/comixburo\/"]}]}},"jetpack_sharing_enabled":true,"_links":{"self":[{"href":"https:\/\/comixburo.com\/en\/wp-json\/wp\/v2\/product\/20529","targetHints":{"allow":["GET"]}}],"collection":[{"href":"https:\/\/comixburo.com\/en\/wp-json\/wp\/v2\/product"}],"about":[{"href":"https:\/\/comixburo.com\/en\/wp-json\/wp\/v2\/types\/product"}],"replies":[{"embeddable":true,"href":"https:\/\/comixburo.com\/en\/wp-json\/wp\/v2\/comments?post=20529"}],"version-history":[{"count":1,"href":"https:\/\/comixburo.com\/en\/wp-json\/wp\/v2\/product\/20529\/revisions"}],"predecessor-version":[{"id":20590,"href":"https:\/\/comixburo.com\/en\/wp-json\/wp\/v2\/product\/20529\/revisions\/20590"}],"wp:featuredmedia":[{"embeddable":true,"href":"https:\/\/comixburo.com\/en\/wp-json\/wp\/v2\/media\/21203"}],"wp:attachment":[{"href":"https:\/\/comixburo.com\/en\/wp-json\/wp\/v2\/media?parent=20529"}],"wp:term":[{"taxonomy":"product_brand","embeddable":true,"href":"https:\/\/comixburo.com\/en\/wp-json\/wp\/v2\/product_brand?post=20529"},{"taxonomy":"product_cat","embeddable":true,"href":"https:\/\/comixburo.com\/en\/wp-json\/wp\/v2\/product_cat?post=20529"},{"taxonomy":"product_tag","embeddable":true,"href":"https:\/\/comixburo.com\/en\/wp-json\/wp\/v2\/product_tag?post=20529"}],"curies":[{"name":"wp","href":"https:\/\/api.w.org\/{rel}","templated":true}]}}