{"id":20532,"date":"2025-07-18T10:13:35","date_gmt":"2025-07-18T08:13:35","guid":{"rendered":"https:\/\/comixburo.com\/?post_type=product&#038;p=20532"},"modified":"2025-10-19T22:06:16","modified_gmt":"2025-10-19T20:06:16","slug":"garde-pretorien-delite-1-10e","status":"publish","type":"product","link":"https:\/\/comixburo.com\/en\/product\/garde-pretorien-delite-1-10e\/","title":{"rendered":"Garde Pr\u00e9torien d&rsquo;\u00e9lite 1\/10e"},"content":{"rendered":"<h1 style=\"text-align: center;\"><strong>Figurine de collection Garde Pr\u00e9torien d&rsquo;\u00e9lite (Elite Praetorian Guard) Star Wars.<\/strong><\/h1>\n<ul>\n<li style=\"text-align: left;\">R\u00e9f : SW058 Garde Pr\u00e9torien d&rsquo;\u00e9lite (Elite Praetorian Guard).<\/li>\n<li style=\"text-align: left;\">Tirage : 999 exemplaires dans le monde.<\/li>\n<li>Hauteur : 19,5 cm \/ 7,68&Prime; Tall.<\/li>\n<\/ul>\n<ul>\n<li>Plongez dans l&rsquo;univers Attakus de Star Wars et d\u00e9couvrez les statues de la collection \u00c9lite, \u00e0 l&rsquo;\u00e9chelle 1\/10\u1d49 !<\/li>\n<li>Statue collector est num\u00e9rot\u00e9e et limit\u00e9e \u00e0 3000 exemplaires dans le monde.<\/li>\n<li>Livr\u00e9e avec son certificat d&rsquo;authenticit\u00e9 Attakus.<\/li>\n<li>Collection phare chez Attakus depuis plus de 15 ans, la collection STAR WARS \u00c9LITE propose des statues de collection \u00e0 l&rsquo;\u00e9chelle 1\/10\u1d49, soit une vingtaine de centim\u00e8tres pour la majorit\u00e9 des personnages.<\/li>\n<li>Elles sont r\u00e9alis\u00e9es en r\u00e9sine et peintes \u00e0 la main.<\/li>\n<\/ul>\n<ol>\n<li>Au sein du Premier Ordre, les gardes pr\u00e9toriens remplissent la m\u00eame t\u00e2che que les Gardes <a href=\"https:\/\/attakus.art\/produit\/royal-guard-statuette-figurine-de-collection-star-wars\/\" target=\"_blank\" rel=\"noopener\">I<\/a>mp\u00e9riaux ant\u00e9rieurement. Dans le Premier Empire Galactique \u00e9tabli par Sheev Palpatine lorsqu&rsquo;il mit fin \u00e0 la guerre des clones avec l&rsquo;ordre 66.<br \/>\nIls sont par cons\u00e9quent l&rsquo;h\u00e9ritage direct de cette tradition de garde rapproch\u00e9e autour du leader au pouvoir.<br \/>\nLes gardes pr\u00e9toriens pratiques diff\u00e9rents arts martiaux avec des armes de m\u00eal\u00e9es et fonctionnent par paire exclusivement.<br \/>\nLa garde pr\u00e9torienne se compose ainsi de 4 paires de guerriers : 2 guerriers arm\u00e9s d&rsquo;\u00e9lectro-bisento, deux arm\u00e9s de fouet \u00e0 \u00e9lectro-cha\u00eene Bilari, 2 arm\u00e9s de Vibro voulge et enfin, 2 (dont celui pr\u00e9sent\u00e9 ici) arm\u00e9s de Vibro-arbir.<\/li>\n<\/ol>\n<p>&nbsp;<\/p>","protected":false},"excerpt":{"rendered":"<h1 style=\"text-align: center;\"><strong>Figurine de collection Garde Pr\u00e9torien d&rsquo;\u00e9lite (Elite Praetorian Guard) Star Wars<\/strong><\/h1>\n<h2 style=\"text-align: center;\">R\u00e9f : SW058 Garde Pr\u00e9torien d&rsquo;\u00e9lite (Elite Praetorian Guard).<\/h2>","protected":false},"featured_media":21195,"comment_status":"closed","ping_status":"closed","template":"","meta":[],"product_brand":[],"product_cat":[117,116,106],"product_tag":[122],"class_list":{"0":"post-20532","1":"product","2":"type-product","3":"status-publish","4":"has-post-thumbnail","6":"product_cat-collection-elite-1-10e","7":"product_cat-star-wars","8":"product_cat-statues","9":"product_tag-inf-100","11":"first","12":"instock","13":"taxable","14":"shipping-taxable","15":"purchasable","16":"product-type-simple"},"yoast_head":"<!-- This site is optimized with the Yoast SEO plugin v26.9 - https:\/\/yoast.com\/product\/yoast-seo-wordpress\/ -->\n<title>Garde Pr\u00e9torien d&#039;\u00e9lite 1\/10e - comixburo.com<\/title>\n<meta name=\"description\" content=\"Figurine du Garde pr\u00e9torien d&#039;\u00e9lite dans la collection Attakus Star Wars Elite ! Livr\u00e9 avec son certificat d&#039;autheticit\u00e9 num\u00e9rot\u00e9 et sign\u00e9.\" \/>\n<meta name=\"robots\" content=\"index, follow, max-snippet:-1, max-image-preview:large, max-video-preview:-1\" \/>\n<link rel=\"canonical\" href=\"https:\/\/comixburo.com\/en\/product\/garde-pretorien-delite-1-10e\/\" \/>\n<meta property=\"og:locale\" content=\"en_GB\" \/>\n<meta property=\"og:type\" content=\"article\" \/>\n<meta property=\"og:title\" content=\"Garde Pr\u00e9torien d&#039;\u00e9lite 1\/10e - comixburo.com\" \/>\n<meta property=\"og:description\" content=\"Figurine du Garde pr\u00e9torien d&#039;\u00e9lite dans la collection Attakus Star Wars Elite ! Livr\u00e9 avec son certificat d&#039;autheticit\u00e9 num\u00e9rot\u00e9 et sign\u00e9.\" \/>\n<meta property=\"og:url\" content=\"https:\/\/comixburo.com\/en\/product\/garde-pretorien-delite-1-10e\/\" \/>\n<meta property=\"og:site_name\" content=\"comixburo.com\" \/>\n<meta property=\"article:publisher\" content=\"https:\/\/www.facebook.com\/comixburo\" \/>\n<meta property=\"article:modified_time\" content=\"2025-10-19T20:06:16+00:00\" \/>\n<meta property=\"og:image\" content=\"https:\/\/comixburo.com\/wp-content\/uploads\/2025\/07\/sw058-garde-pretorien-10eme-attakus-figurine-starwars.webp\" \/>\n\t<meta property=\"og:image:width\" content=\"674\" \/>\n\t<meta property=\"og:image:height\" content=\"1000\" \/>\n\t<meta property=\"og:image:type\" content=\"image\/webp\" \/>\n<meta name=\"twitter:card\" content=\"summary_large_image\" \/>\n<meta name=\"twitter:label1\" content=\"Estimated reading time\" \/>\n\t<meta name=\"twitter:data1\" content=\"2 minutes\" \/>\n<script type=\"application\/ld+json\" class=\"yoast-schema-graph\">{\"@context\":\"https:\/\/schema.org\",\"@graph\":[{\"@type\":\"WebPage\",\"@id\":\"https:\/\/comixburo.com\/produit\/garde-pretorien-delite-1-10e\/\",\"url\":\"https:\/\/comixburo.com\/produit\/garde-pretorien-delite-1-10e\/\",\"name\":\"Garde Pr\u00e9torien d'\u00e9lite 1\/10e - comixburo.com\",\"isPartOf\":{\"@id\":\"https:\/\/comixburo.com\/#website\"},\"primaryImageOfPage\":{\"@id\":\"https:\/\/comixburo.com\/produit\/garde-pretorien-delite-1-10e\/#primaryimage\"},\"image\":{\"@id\":\"https:\/\/comixburo.com\/produit\/garde-pretorien-delite-1-10e\/#primaryimage\"},\"thumbnailUrl\":\"https:\/\/comixburo.com\/wp-content\/uploads\/2025\/07\/sw058-garde-pretorien-10eme-attakus-figurine-starwars.webp\",\"datePublished\":\"2025-07-18T08:13:35+00:00\",\"dateModified\":\"2025-10-19T20:06:16+00:00\",\"description\":\"Figurine du Garde pr\u00e9torien d'\u00e9lite dans la collection Attakus Star Wars Elite ! Livr\u00e9 avec son certificat d'autheticit\u00e9 num\u00e9rot\u00e9 et sign\u00e9.\",\"breadcrumb\":{\"@id\":\"https:\/\/comixburo.com\/produit\/garde-pretorien-delite-1-10e\/#breadcrumb\"},\"inLanguage\":\"en-GB\",\"potentialAction\":[{\"@type\":\"ReadAction\",\"target\":[\"https:\/\/comixburo.com\/produit\/garde-pretorien-delite-1-10e\/\"]}]},{\"@type\":\"ImageObject\",\"inLanguage\":\"en-GB\",\"@id\":\"https:\/\/comixburo.com\/produit\/garde-pretorien-delite-1-10e\/#primaryimage\",\"url\":\"https:\/\/comixburo.com\/wp-content\/uploads\/2025\/07\/sw058-garde-pretorien-10eme-attakus-figurine-starwars.webp\",\"contentUrl\":\"https:\/\/comixburo.com\/wp-content\/uploads\/2025\/07\/sw058-garde-pretorien-10eme-attakus-figurine-starwars.webp\",\"width\":674,\"height\":1000},{\"@type\":\"BreadcrumbList\",\"@id\":\"https:\/\/comixburo.com\/produit\/garde-pretorien-delite-1-10e\/#breadcrumb\",\"itemListElement\":[{\"@type\":\"ListItem\",\"position\":1,\"name\":\"Home\",\"item\":\"https:\/\/comixburo.com\/\"},{\"@type\":\"ListItem\",\"position\":2,\"name\":\"La boutique Comix Buro\",\"item\":\"https:\/\/comixburo.com\/la-boutique-comix-buro\/\"},{\"@type\":\"ListItem\",\"position\":3,\"name\":\"Garde Pr\u00e9torien d&rsquo;\u00e9lite 1\/10e\"}]},{\"@type\":\"WebSite\",\"@id\":\"https:\/\/comixburo.com\/#website\",\"url\":\"https:\/\/comixburo.com\/\",\"name\":\"comixburo.com\",\"description\":\"Cr\u00e9ateur de projets : Sketchbook d&#039;artistes !\",\"publisher\":{\"@id\":\"https:\/\/comixburo.com\/#organization\"},\"alternateName\":\"Comix Buro\",\"potentialAction\":[{\"@type\":\"SearchAction\",\"target\":{\"@type\":\"EntryPoint\",\"urlTemplate\":\"https:\/\/comixburo.com\/?s={search_term_string}\"},\"query-input\":{\"@type\":\"PropertyValueSpecification\",\"valueRequired\":true,\"valueName\":\"search_term_string\"}}],\"inLanguage\":\"en-GB\"},{\"@type\":\"Organization\",\"@id\":\"https:\/\/comixburo.com\/#organization\",\"name\":\"comixburo.com\",\"url\":\"https:\/\/comixburo.com\/\",\"logo\":{\"@type\":\"ImageObject\",\"inLanguage\":\"en-GB\",\"@id\":\"https:\/\/comixburo.com\/#\/schema\/logo\/image\/\",\"url\":\"https:\/\/comixburo.com\/wp-content\/uploads\/2025\/04\/logo-cxb-ROND.webp\",\"contentUrl\":\"https:\/\/comixburo.com\/wp-content\/uploads\/2025\/04\/logo-cxb-ROND.webp\",\"width\":200,\"height\":200,\"caption\":\"comixburo.com\"},\"image\":{\"@id\":\"https:\/\/comixburo.com\/#\/schema\/logo\/image\/\"},\"sameAs\":[\"https:\/\/www.facebook.com\/comixburo\",\"https:\/\/www.instagram.com\/comixburo\/\"]}]}<\/script>\n<!-- \/ Yoast SEO plugin. -->","yoast_head_json":{"title":"Garde Pr\u00e9torien d'\u00e9lite 1\/10e - comixburo.com","description":"Figurine du Garde pr\u00e9torien d'\u00e9lite dans la collection Attakus Star Wars Elite ! Livr\u00e9 avec son certificat d'autheticit\u00e9 num\u00e9rot\u00e9 et sign\u00e9.","robots":{"index":"index","follow":"follow","max-snippet":"max-snippet:-1","max-image-preview":"max-image-preview:large","max-video-preview":"max-video-preview:-1"},"canonical":"https:\/\/comixburo.com\/en\/product\/garde-pretorien-delite-1-10e\/","og_locale":"en_GB","og_type":"article","og_title":"Garde Pr\u00e9torien d'\u00e9lite 1\/10e - comixburo.com","og_description":"Figurine du Garde pr\u00e9torien d'\u00e9lite dans la collection Attakus Star Wars Elite ! Livr\u00e9 avec son certificat d'autheticit\u00e9 num\u00e9rot\u00e9 et sign\u00e9.","og_url":"https:\/\/comixburo.com\/en\/product\/garde-pretorien-delite-1-10e\/","og_site_name":"comixburo.com","article_publisher":"https:\/\/www.facebook.com\/comixburo","article_modified_time":"2025-10-19T20:06:16+00:00","og_image":[{"width":674,"height":1000,"url":"https:\/\/comixburo.com\/wp-content\/uploads\/2025\/07\/sw058-garde-pretorien-10eme-attakus-figurine-starwars.webp","type":"image\/webp"}],"twitter_card":"summary_large_image","twitter_misc":{"Estimated reading time":"2 minutes"},"schema":{"@context":"https:\/\/schema.org","@graph":[{"@type":"WebPage","@id":"https:\/\/comixburo.com\/produit\/garde-pretorien-delite-1-10e\/","url":"https:\/\/comixburo.com\/produit\/garde-pretorien-delite-1-10e\/","name":"Garde Pr\u00e9torien d'\u00e9lite 1\/10e - comixburo.com","isPartOf":{"@id":"https:\/\/comixburo.com\/#website"},"primaryImageOfPage":{"@id":"https:\/\/comixburo.com\/produit\/garde-pretorien-delite-1-10e\/#primaryimage"},"image":{"@id":"https:\/\/comixburo.com\/produit\/garde-pretorien-delite-1-10e\/#primaryimage"},"thumbnailUrl":"https:\/\/comixburo.com\/wp-content\/uploads\/2025\/07\/sw058-garde-pretorien-10eme-attakus-figurine-starwars.webp","datePublished":"2025-07-18T08:13:35+00:00","dateModified":"2025-10-19T20:06:16+00:00","description":"Figurine du Garde pr\u00e9torien d'\u00e9lite dans la collection Attakus Star Wars Elite ! Livr\u00e9 avec son certificat d'autheticit\u00e9 num\u00e9rot\u00e9 et sign\u00e9.","breadcrumb":{"@id":"https:\/\/comixburo.com\/produit\/garde-pretorien-delite-1-10e\/#breadcrumb"},"inLanguage":"en-GB","potentialAction":[{"@type":"ReadAction","target":["https:\/\/comixburo.com\/produit\/garde-pretorien-delite-1-10e\/"]}]},{"@type":"ImageObject","inLanguage":"en-GB","@id":"https:\/\/comixburo.com\/produit\/garde-pretorien-delite-1-10e\/#primaryimage","url":"https:\/\/comixburo.com\/wp-content\/uploads\/2025\/07\/sw058-garde-pretorien-10eme-attakus-figurine-starwars.webp","contentUrl":"https:\/\/comixburo.com\/wp-content\/uploads\/2025\/07\/sw058-garde-pretorien-10eme-attakus-figurine-starwars.webp","width":674,"height":1000},{"@type":"BreadcrumbList","@id":"https:\/\/comixburo.com\/produit\/garde-pretorien-delite-1-10e\/#breadcrumb","itemListElement":[{"@type":"ListItem","position":1,"name":"Home","item":"https:\/\/comixburo.com\/"},{"@type":"ListItem","position":2,"name":"La boutique Comix Buro","item":"https:\/\/comixburo.com\/la-boutique-comix-buro\/"},{"@type":"ListItem","position":3,"name":"Garde Pr\u00e9torien d&rsquo;\u00e9lite 1\/10e"}]},{"@type":"WebSite","@id":"https:\/\/comixburo.com\/#website","url":"https:\/\/comixburo.com\/","name":"comixburo.com","description":"Cr\u00e9ateur de projets : Sketchbook d&#039;artistes !","publisher":{"@id":"https:\/\/comixburo.com\/#organization"},"alternateName":"Comix Buro","potentialAction":[{"@type":"SearchAction","target":{"@type":"EntryPoint","urlTemplate":"https:\/\/comixburo.com\/?s={search_term_string}"},"query-input":{"@type":"PropertyValueSpecification","valueRequired":true,"valueName":"search_term_string"}}],"inLanguage":"en-GB"},{"@type":"Organization","@id":"https:\/\/comixburo.com\/#organization","name":"comixburo.com","url":"https:\/\/comixburo.com\/","logo":{"@type":"ImageObject","inLanguage":"en-GB","@id":"https:\/\/comixburo.com\/#\/schema\/logo\/image\/","url":"https:\/\/comixburo.com\/wp-content\/uploads\/2025\/04\/logo-cxb-ROND.webp","contentUrl":"https:\/\/comixburo.com\/wp-content\/uploads\/2025\/04\/logo-cxb-ROND.webp","width":200,"height":200,"caption":"comixburo.com"},"image":{"@id":"https:\/\/comixburo.com\/#\/schema\/logo\/image\/"},"sameAs":["https:\/\/www.facebook.com\/comixburo","https:\/\/www.instagram.com\/comixburo\/"]}]}},"jetpack_sharing_enabled":true,"_links":{"self":[{"href":"https:\/\/comixburo.com\/en\/wp-json\/wp\/v2\/product\/20532","targetHints":{"allow":["GET"]}}],"collection":[{"href":"https:\/\/comixburo.com\/en\/wp-json\/wp\/v2\/product"}],"about":[{"href":"https:\/\/comixburo.com\/en\/wp-json\/wp\/v2\/types\/product"}],"replies":[{"embeddable":true,"href":"https:\/\/comixburo.com\/en\/wp-json\/wp\/v2\/comments?post=20532"}],"version-history":[{"count":1,"href":"https:\/\/comixburo.com\/en\/wp-json\/wp\/v2\/product\/20532\/revisions"}],"predecessor-version":[{"id":20772,"href":"https:\/\/comixburo.com\/en\/wp-json\/wp\/v2\/product\/20532\/revisions\/20772"}],"wp:featuredmedia":[{"embeddable":true,"href":"https:\/\/comixburo.com\/en\/wp-json\/wp\/v2\/media\/21195"}],"wp:attachment":[{"href":"https:\/\/comixburo.com\/en\/wp-json\/wp\/v2\/media?parent=20532"}],"wp:term":[{"taxonomy":"product_brand","embeddable":true,"href":"https:\/\/comixburo.com\/en\/wp-json\/wp\/v2\/product_brand?post=20532"},{"taxonomy":"product_cat","embeddable":true,"href":"https:\/\/comixburo.com\/en\/wp-json\/wp\/v2\/product_cat?post=20532"},{"taxonomy":"product_tag","embeddable":true,"href":"https:\/\/comixburo.com\/en\/wp-json\/wp\/v2\/product_tag?post=20532"}],"curies":[{"name":"wp","href":"https:\/\/api.w.org\/{rel}","templated":true}]}}