{"id":20534,"date":"2025-07-18T10:13:36","date_gmt":"2025-07-18T08:13:36","guid":{"rendered":"https:\/\/comixburo.com\/?post_type=product&#038;p=20534"},"modified":"2025-10-19T22:05:27","modified_gmt":"2025-10-19T20:05:27","slug":"bb-8-1-10e-star-wars","status":"publish","type":"product","link":"https:\/\/comixburo.com\/en\/product\/bb-8-1-10e-star-wars\/","title":{"rendered":"BB-8 1\/10e &#8211; Star wars"},"content":{"rendered":"<h3><strong>Figurine de collection BB-8 &#8211; Stars wars<\/strong><\/h3>\n<p>R\u00e9f : Sw060<br \/>\nTirage : 1500 ex.<br \/>\nHauteur : 9 cm \/ 3,5&Prime; Tall<br \/>\nMati\u00e8re : R\u00e9sine<br \/>\nParution : Juillet 2022<\/p>\n<p>&#8211; Plongez dans l&rsquo;univers Attakus de Star Wars et d\u00e9couvrez les statues de la collection Elite, \u00e0 l&rsquo;\u00e9chelle 1\/10\u00e8me !<br \/>\n&#8211; Collector num\u00e9rot\u00e9 et limit\u00e9 \u00e0 1500 exemplaires dans le monde. Sculpt\u00e9 en France et peint \u00e0 la main.<br \/>\n&#8211; Livr\u00e9e avec son certificat d&rsquo;authenticit\u00e9 Attakus.<br \/>\n&#8211; Collection phare chez Attakus, la collection STAR WARS ELITE propose des statues de collection \u00e0 l&rsquo;\u00e9chelle 1\/10\u00e8me, soit une vingtaine\u00a0 de centim\u00e8tres pour la majorit\u00e9 des personnages.<br \/>\n&#8211; Elles sont r\u00e9alis\u00e9es en r\u00e9sine et peintes \u00e0 la main.<\/p>\n<p>D\u00e9couvrez notre <em><strong><a href=\"https:\/\/attakus.art\/2022\/07\/01\/bb-8-le-plus-attachant-des-droids-arrive-dans-la-collection-elite-1-10eme\/\" target=\"_blank\" rel=\"noopener\">note de blog<\/a>\u00a0<\/strong><\/em>r\u00e9dig\u00e9e pour la sortie de la pi\u00e8ce !<\/p>\n<p>Petit dro\u00efde astrom\u00e9cano bicolore, BB-8 est le \u00ab\u00a0dro\u00efde de compagnie\u00a0\u00bb de Poe Dameron qui lui voue un fort attachement. BB-8 se voit confi\u00e9 par ce dernier la carte qui m\u00e8ne \u00e0 Luke Skywalker, c&rsquo;est l&rsquo;\u00e9l\u00e9ment qui lui donne initialement une forte importance dans l&rsquo;arc de Rey, au moment o\u00f9 la r\u00e9sistance a le plus besoin de retour \u00a0 du jedi&#8230; Il rencontre Rey sur Jakku alors qu&rsquo;il est sur le point de se faire capturer par un ferrailleur du nom de Teedo, qui en veut alors s\u00fbrement \u00e0 ses pi\u00e8ces d\u00e9tach\u00e9es. Rey fait la connaissance de Finn le lendemain de sa rencontre avec BB-8, \u00e0 l&rsquo;avant-poste de Niima, celui-ci portant alors la veste de Poe Dameron, que reconna\u00eet imm\u00e9diatement BB-<a href=\"https:\/\/www.planete-starwars.com\/encyclopedie\/droides-transports-droides-astromech-bb-8-e1439.html\">8<\/a>.<\/p>\n<p><img loading=\"lazy\" decoding=\"async\" class=\"size-full wp-image-13150 aligncenter\" src=\"https:\/\/attakus.art\/wp-content\/uploads\/2021\/07\/starwars-attakus-mege-menu-attakus-collection-statues-figurines-franco-belge-star-war.jpg\" alt=\"\" width=\"300\" height=\"250\" \/><\/p>","protected":false},"excerpt":{"rendered":"<p align=\"center\"><em><strong>Collection Elite 1\/10<sup>e<\/sup><\/strong> <\/em><\/p>\n<p>Petit dro\u00efde astrom\u00e9cano bicolore, BB-8 est le \u00ab\u00a0dro\u00efde de compagnie\u00a0\u00bb de Poe Dameron qui lui voue un fort attachement. BB-8 se voit confi\u00e9 par ce dernier la carte qui m\u00e8ne \u00e0 Luke Skywalker, c&rsquo;est l&rsquo;\u00e9l\u00e9ment qui lui donne initialement une forte importance dans l&rsquo;arc de Rey, au moment o\u00f9 la r\u00e9sistance a le plus besoin de retour \u00a0 du jedi&#8230; Il rencontre Rey sur Jakku alors qu&rsquo;il est sur le point de se faire capturer par un ferrailleur du nom de Teedo, qui en veut alors s\u00fbrement \u00e0 ses pi\u00e8ces d\u00e9tach\u00e9es. Rey fait la connaissance de Finn le\u00a0\u00a0 lendemain\u00a0 de\u00a0 sa\u00a0 rencontre avec BB-8, \u00e0 l&rsquo;avant-poste de Niima, celui-ci portant \u00a0 alors la veste de Poe Dameron, que reconna\u00eet imm\u00e9diatement BB-8.<span style=\"color: #ffffff;\">bb8<\/span><\/p>","protected":false},"featured_media":21196,"comment_status":"closed","ping_status":"closed","template":"","meta":[],"product_brand":[],"product_cat":[117,116,106],"product_tag":[148],"class_list":{"0":"post-20534","1":"product","2":"type-product","3":"status-publish","4":"has-post-thumbnail","6":"product_cat-collection-elite-1-10e","7":"product_cat-star-wars","8":"product_cat-statues","9":"product_tag-148","11":"first","12":"instock","13":"taxable","14":"shipping-taxable","15":"purchasable","16":"product-type-simple"},"yoast_head":"<!-- This site is optimized with the Yoast SEO plugin v26.9 - https:\/\/yoast.com\/product\/yoast-seo-wordpress\/ -->\n<title>BB-8 1\/10e - Star wars - comixburo.com - Figurine Star Wars<\/title>\n<meta name=\"description\" content=\"Figurine de BB-8. Attakus Star Wars collection Elite. Edition limit\u00e9e et num\u00e9rot\u00e9e, livr\u00e9e avec son certificat d\u2019authenticit\u00e9 sign\u00e9\" \/>\n<meta name=\"robots\" content=\"index, follow, max-snippet:-1, max-image-preview:large, max-video-preview:-1\" \/>\n<link rel=\"canonical\" href=\"https:\/\/comixburo.com\/en\/product\/bb-8-1-10e-star-wars\/\" \/>\n<meta property=\"og:locale\" content=\"en_GB\" \/>\n<meta property=\"og:type\" content=\"article\" \/>\n<meta property=\"og:title\" content=\"BB-8 1\/10e - Star wars - comixburo.com - Figurine Star Wars\" \/>\n<meta property=\"og:description\" content=\"Figurine de BB-8. Attakus Star Wars collection Elite. Edition limit\u00e9e et num\u00e9rot\u00e9e, livr\u00e9e avec son certificat d\u2019authenticit\u00e9 sign\u00e9\" \/>\n<meta property=\"og:url\" content=\"https:\/\/comixburo.com\/en\/product\/bb-8-1-10e-star-wars\/\" \/>\n<meta property=\"og:site_name\" content=\"comixburo.com\" \/>\n<meta property=\"article:publisher\" content=\"https:\/\/www.facebook.com\/comixburo\" \/>\n<meta property=\"article:modified_time\" content=\"2025-10-19T20:05:27+00:00\" \/>\n<meta property=\"og:image\" content=\"https:\/\/comixburo.com\/wp-content\/uploads\/2025\/07\/sw060-BB8-10eme-attakus-figurine-starwars.webp\" \/>\n\t<meta property=\"og:image:width\" content=\"674\" \/>\n\t<meta property=\"og:image:height\" content=\"1000\" \/>\n\t<meta property=\"og:image:type\" content=\"image\/webp\" \/>\n<meta name=\"twitter:card\" content=\"summary_large_image\" \/>\n<meta name=\"twitter:label1\" content=\"Estimated reading time\" \/>\n\t<meta name=\"twitter:data1\" content=\"2 minutes\" \/>\n<script type=\"application\/ld+json\" class=\"yoast-schema-graph\">{\"@context\":\"https:\/\/schema.org\",\"@graph\":[{\"@type\":\"WebPage\",\"@id\":\"https:\/\/comixburo.com\/produit\/bb-8-1-10e-star-wars\/\",\"url\":\"https:\/\/comixburo.com\/produit\/bb-8-1-10e-star-wars\/\",\"name\":\"BB-8 1\/10e - Star wars - comixburo.com - Figurine Star Wars\",\"isPartOf\":{\"@id\":\"https:\/\/comixburo.com\/#website\"},\"primaryImageOfPage\":{\"@id\":\"https:\/\/comixburo.com\/produit\/bb-8-1-10e-star-wars\/#primaryimage\"},\"image\":{\"@id\":\"https:\/\/comixburo.com\/produit\/bb-8-1-10e-star-wars\/#primaryimage\"},\"thumbnailUrl\":\"https:\/\/comixburo.com\/wp-content\/uploads\/2025\/07\/sw060-BB8-10eme-attakus-figurine-starwars.webp\",\"datePublished\":\"2025-07-18T08:13:36+00:00\",\"dateModified\":\"2025-10-19T20:05:27+00:00\",\"description\":\"Figurine de BB-8. Attakus Star Wars collection Elite. Edition limit\u00e9e et num\u00e9rot\u00e9e, livr\u00e9e avec son certificat d\u2019authenticit\u00e9 sign\u00e9\",\"breadcrumb\":{\"@id\":\"https:\/\/comixburo.com\/produit\/bb-8-1-10e-star-wars\/#breadcrumb\"},\"inLanguage\":\"en-GB\",\"potentialAction\":[{\"@type\":\"ReadAction\",\"target\":[\"https:\/\/comixburo.com\/produit\/bb-8-1-10e-star-wars\/\"]}]},{\"@type\":\"ImageObject\",\"inLanguage\":\"en-GB\",\"@id\":\"https:\/\/comixburo.com\/produit\/bb-8-1-10e-star-wars\/#primaryimage\",\"url\":\"https:\/\/comixburo.com\/wp-content\/uploads\/2025\/07\/sw060-BB8-10eme-attakus-figurine-starwars.webp\",\"contentUrl\":\"https:\/\/comixburo.com\/wp-content\/uploads\/2025\/07\/sw060-BB8-10eme-attakus-figurine-starwars.webp\",\"width\":674,\"height\":1000},{\"@type\":\"BreadcrumbList\",\"@id\":\"https:\/\/comixburo.com\/produit\/bb-8-1-10e-star-wars\/#breadcrumb\",\"itemListElement\":[{\"@type\":\"ListItem\",\"position\":1,\"name\":\"Home\",\"item\":\"https:\/\/comixburo.com\/\"},{\"@type\":\"ListItem\",\"position\":2,\"name\":\"La boutique Comix Buro\",\"item\":\"https:\/\/comixburo.com\/la-boutique-comix-buro\/\"},{\"@type\":\"ListItem\",\"position\":3,\"name\":\"BB-8 1\/10e &#8211; Star wars\"}]},{\"@type\":\"WebSite\",\"@id\":\"https:\/\/comixburo.com\/#website\",\"url\":\"https:\/\/comixburo.com\/\",\"name\":\"comixburo.com\",\"description\":\"Cr\u00e9ateur de projets : Sketchbook d&#039;artistes !\",\"publisher\":{\"@id\":\"https:\/\/comixburo.com\/#organization\"},\"alternateName\":\"Comix Buro\",\"potentialAction\":[{\"@type\":\"SearchAction\",\"target\":{\"@type\":\"EntryPoint\",\"urlTemplate\":\"https:\/\/comixburo.com\/?s={search_term_string}\"},\"query-input\":{\"@type\":\"PropertyValueSpecification\",\"valueRequired\":true,\"valueName\":\"search_term_string\"}}],\"inLanguage\":\"en-GB\"},{\"@type\":\"Organization\",\"@id\":\"https:\/\/comixburo.com\/#organization\",\"name\":\"comixburo.com\",\"url\":\"https:\/\/comixburo.com\/\",\"logo\":{\"@type\":\"ImageObject\",\"inLanguage\":\"en-GB\",\"@id\":\"https:\/\/comixburo.com\/#\/schema\/logo\/image\/\",\"url\":\"https:\/\/comixburo.com\/wp-content\/uploads\/2025\/04\/logo-cxb-ROND.webp\",\"contentUrl\":\"https:\/\/comixburo.com\/wp-content\/uploads\/2025\/04\/logo-cxb-ROND.webp\",\"width\":200,\"height\":200,\"caption\":\"comixburo.com\"},\"image\":{\"@id\":\"https:\/\/comixburo.com\/#\/schema\/logo\/image\/\"},\"sameAs\":[\"https:\/\/www.facebook.com\/comixburo\",\"https:\/\/www.instagram.com\/comixburo\/\"]}]}<\/script>\n<!-- \/ Yoast SEO plugin. -->","yoast_head_json":{"title":"BB-8 1\/10e - Star wars - comixburo.com - Figurine Star Wars","description":"Figurine de BB-8. Attakus Star Wars collection Elite. Edition limit\u00e9e et num\u00e9rot\u00e9e, livr\u00e9e avec son certificat d\u2019authenticit\u00e9 sign\u00e9","robots":{"index":"index","follow":"follow","max-snippet":"max-snippet:-1","max-image-preview":"max-image-preview:large","max-video-preview":"max-video-preview:-1"},"canonical":"https:\/\/comixburo.com\/en\/product\/bb-8-1-10e-star-wars\/","og_locale":"en_GB","og_type":"article","og_title":"BB-8 1\/10e - Star wars - comixburo.com - Figurine Star Wars","og_description":"Figurine de BB-8. Attakus Star Wars collection Elite. Edition limit\u00e9e et num\u00e9rot\u00e9e, livr\u00e9e avec son certificat d\u2019authenticit\u00e9 sign\u00e9","og_url":"https:\/\/comixburo.com\/en\/product\/bb-8-1-10e-star-wars\/","og_site_name":"comixburo.com","article_publisher":"https:\/\/www.facebook.com\/comixburo","article_modified_time":"2025-10-19T20:05:27+00:00","og_image":[{"width":674,"height":1000,"url":"https:\/\/comixburo.com\/wp-content\/uploads\/2025\/07\/sw060-BB8-10eme-attakus-figurine-starwars.webp","type":"image\/webp"}],"twitter_card":"summary_large_image","twitter_misc":{"Estimated reading time":"2 minutes"},"schema":{"@context":"https:\/\/schema.org","@graph":[{"@type":"WebPage","@id":"https:\/\/comixburo.com\/produit\/bb-8-1-10e-star-wars\/","url":"https:\/\/comixburo.com\/produit\/bb-8-1-10e-star-wars\/","name":"BB-8 1\/10e - Star wars - comixburo.com - Figurine Star Wars","isPartOf":{"@id":"https:\/\/comixburo.com\/#website"},"primaryImageOfPage":{"@id":"https:\/\/comixburo.com\/produit\/bb-8-1-10e-star-wars\/#primaryimage"},"image":{"@id":"https:\/\/comixburo.com\/produit\/bb-8-1-10e-star-wars\/#primaryimage"},"thumbnailUrl":"https:\/\/comixburo.com\/wp-content\/uploads\/2025\/07\/sw060-BB8-10eme-attakus-figurine-starwars.webp","datePublished":"2025-07-18T08:13:36+00:00","dateModified":"2025-10-19T20:05:27+00:00","description":"Figurine de BB-8. Attakus Star Wars collection Elite. Edition limit\u00e9e et num\u00e9rot\u00e9e, livr\u00e9e avec son certificat d\u2019authenticit\u00e9 sign\u00e9","breadcrumb":{"@id":"https:\/\/comixburo.com\/produit\/bb-8-1-10e-star-wars\/#breadcrumb"},"inLanguage":"en-GB","potentialAction":[{"@type":"ReadAction","target":["https:\/\/comixburo.com\/produit\/bb-8-1-10e-star-wars\/"]}]},{"@type":"ImageObject","inLanguage":"en-GB","@id":"https:\/\/comixburo.com\/produit\/bb-8-1-10e-star-wars\/#primaryimage","url":"https:\/\/comixburo.com\/wp-content\/uploads\/2025\/07\/sw060-BB8-10eme-attakus-figurine-starwars.webp","contentUrl":"https:\/\/comixburo.com\/wp-content\/uploads\/2025\/07\/sw060-BB8-10eme-attakus-figurine-starwars.webp","width":674,"height":1000},{"@type":"BreadcrumbList","@id":"https:\/\/comixburo.com\/produit\/bb-8-1-10e-star-wars\/#breadcrumb","itemListElement":[{"@type":"ListItem","position":1,"name":"Home","item":"https:\/\/comixburo.com\/"},{"@type":"ListItem","position":2,"name":"La boutique Comix Buro","item":"https:\/\/comixburo.com\/la-boutique-comix-buro\/"},{"@type":"ListItem","position":3,"name":"BB-8 1\/10e &#8211; Star wars"}]},{"@type":"WebSite","@id":"https:\/\/comixburo.com\/#website","url":"https:\/\/comixburo.com\/","name":"comixburo.com","description":"Cr\u00e9ateur de projets : Sketchbook d&#039;artistes !","publisher":{"@id":"https:\/\/comixburo.com\/#organization"},"alternateName":"Comix Buro","potentialAction":[{"@type":"SearchAction","target":{"@type":"EntryPoint","urlTemplate":"https:\/\/comixburo.com\/?s={search_term_string}"},"query-input":{"@type":"PropertyValueSpecification","valueRequired":true,"valueName":"search_term_string"}}],"inLanguage":"en-GB"},{"@type":"Organization","@id":"https:\/\/comixburo.com\/#organization","name":"comixburo.com","url":"https:\/\/comixburo.com\/","logo":{"@type":"ImageObject","inLanguage":"en-GB","@id":"https:\/\/comixburo.com\/#\/schema\/logo\/image\/","url":"https:\/\/comixburo.com\/wp-content\/uploads\/2025\/04\/logo-cxb-ROND.webp","contentUrl":"https:\/\/comixburo.com\/wp-content\/uploads\/2025\/04\/logo-cxb-ROND.webp","width":200,"height":200,"caption":"comixburo.com"},"image":{"@id":"https:\/\/comixburo.com\/#\/schema\/logo\/image\/"},"sameAs":["https:\/\/www.facebook.com\/comixburo","https:\/\/www.instagram.com\/comixburo\/"]}]}},"jetpack_sharing_enabled":true,"_links":{"self":[{"href":"https:\/\/comixburo.com\/en\/wp-json\/wp\/v2\/product\/20534","targetHints":{"allow":["GET"]}}],"collection":[{"href":"https:\/\/comixburo.com\/en\/wp-json\/wp\/v2\/product"}],"about":[{"href":"https:\/\/comixburo.com\/en\/wp-json\/wp\/v2\/types\/product"}],"replies":[{"embeddable":true,"href":"https:\/\/comixburo.com\/en\/wp-json\/wp\/v2\/comments?post=20534"}],"version-history":[{"count":1,"href":"https:\/\/comixburo.com\/en\/wp-json\/wp\/v2\/product\/20534\/revisions"}],"predecessor-version":[{"id":20755,"href":"https:\/\/comixburo.com\/en\/wp-json\/wp\/v2\/product\/20534\/revisions\/20755"}],"wp:featuredmedia":[{"embeddable":true,"href":"https:\/\/comixburo.com\/en\/wp-json\/wp\/v2\/media\/21196"}],"wp:attachment":[{"href":"https:\/\/comixburo.com\/en\/wp-json\/wp\/v2\/media?parent=20534"}],"wp:term":[{"taxonomy":"product_brand","embeddable":true,"href":"https:\/\/comixburo.com\/en\/wp-json\/wp\/v2\/product_brand?post=20534"},{"taxonomy":"product_cat","embeddable":true,"href":"https:\/\/comixburo.com\/en\/wp-json\/wp\/v2\/product_cat?post=20534"},{"taxonomy":"product_tag","embeddable":true,"href":"https:\/\/comixburo.com\/en\/wp-json\/wp\/v2\/product_tag?post=20534"}],"curies":[{"name":"wp","href":"https:\/\/api.w.org\/{rel}","templated":true}]}}