{"id":20535,"date":"2025-07-18T10:13:36","date_gmt":"2025-07-18T08:13:36","guid":{"rendered":"https:\/\/comixburo.com\/?post_type=product&#038;p=20535"},"modified":"2025-10-16T23:22:06","modified_gmt":"2025-10-16T21:22:06","slug":"garde-gamorreen-1-5e-star-wars","status":"publish","type":"product","link":"https:\/\/comixburo.com\/en\/product\/garde-gamorreen-1-5e-star-wars\/","title":{"rendered":"Garde Gamorr\u00e9en 1\/5e &#8211; Star wars"},"content":{"rendered":"<h3><strong>Statuette Garde Gamorr\u00e9en &#8211; Star wars<\/strong><\/h3>\n<p>R\u00e9f. : C140<br \/>\nLimit\u00e9e \u00e0 1500 ex.<br \/>\nTaille : 38 cm<br \/>\nFourni avec : certificat d&rsquo;authenticit\u00e9<br \/>\nTir\u00e9 du film : Le Retour du Jedi<\/p>\n<p>Plongez dans l&rsquo;univers Attakus de Star Wars et d\u00e9couvrez les statues de la collection Classic, \u00e0 l&rsquo;\u00e9chelle 1\/5\u00e8me\u00a0!<br \/>\nStatue en r\u00e9sine du Gamorrean Guard, tel qu&rsquo;il appara\u00eet dans l&rsquo;\u00e9pisode VI de la saga Star Wars (Le Retour du Jedi).<br \/>\nCollector num\u00e9rot\u00e9 et limit\u00e9 \u00e0 1500 exemplaires dans le monde. Sculpt\u00e9 en France et peint \u00e0 la main. Livr\u00e9 avec son certificat d&rsquo;authenticit\u00e9 Attakus.<br \/>\nCollection historique de chez Attakus, la collection Classic propose des statues de collection \u00e0 l&rsquo;\u00e9chelle 1\/5\u00e8me, soit une quarantaine de centim\u00e8tres pour la majorit\u00e9 des personnages. Elles sont r\u00e9alis\u00e9es en r\u00e9sine et peintes \u00e0 la main.<\/p>\n<p>D&rsquo;autres figurines Star Wars par Attakus sont disponibles sur ce site !<\/p>\n<p><img loading=\"lazy\" decoding=\"async\" class=\"arrondie aligncenter wp-image-13150 size-full\" src=\"https:\/\/attakus.art\/wp-content\/uploads\/2021\/07\/starwars-attakus-mege-menu-attakus-collection-statues-figurines-franco-belge-star-war.jpg\" alt=\"\" width=\"300\" height=\"250\" \/><\/p>","protected":false},"excerpt":{"rendered":"<p>&nbsp;<\/p>\n<p align=\"center\"><em><strong>Collection Classique 1\/5e.<\/strong> <\/em><\/p>\n<p>Originaires de la plan\u00e8te Gamorr, les Gamorr\u00e9ens sont des cr\u00e9atures aussi puissantes que stupides. Ils sont tr\u00e8s brutaux, et poss\u00e8dent un tr\u00e8s faible niveau technologique. Les contacts avec la plan\u00e8te Gamorr et son peuple sont tr\u00e8s rares, car ces cr\u00e9atures primitives peuvent attaquer et mettre en pi\u00e8ce n&rsquo;importe qui.<br \/>\nEn raison de leur forte carrure, beaucoup de Gamorr\u00e9ens sont employ\u00e9s hors de leur plan\u00e8te en tant que mercenaires ou hommes de main. Plusieurs d&rsquo;entre eux travaillent au sein de l&rsquo;organisation criminelle de Jabba le Hutt, en tant que gardes du corps du chef de gang. Collection classique, \u00e0 l&rsquo;\u00e9chelle 1\/5e.<\/p>","protected":false},"featured_media":21208,"comment_status":"closed","ping_status":"closed","template":"","meta":[],"product_brand":[],"product_cat":[123,116,106],"product_tag":[140],"class_list":{"0":"post-20535","1":"product","2":"type-product","3":"status-publish","4":"has-post-thumbnail","6":"product_cat-collection-classique-1-5e","7":"product_cat-star-wars","8":"product_cat-statues","9":"product_tag-140","11":"first","12":"instock","13":"taxable","14":"shipping-taxable","15":"purchasable","16":"product-type-simple"},"yoast_head":"<!-- This site is optimized with the Yoast SEO plugin v26.9 - https:\/\/yoast.com\/product\/yoast-seo-wordpress\/ -->\n<title>Garde Gamorr\u00e9en 1\/5e - Star wars - comixburo.com Statuette en r\u00e9sine<\/title>\n<meta name=\"description\" content=\"Statuette en r\u00e9sine Star Wars de la Garde Gamorr\u00e9en, tel qu\u2019il appara\u00eet dans l\u2019\u00e9pisode VI. Collector num\u00e9rot\u00e9. cCertificat d&#039;authenticit\u00e9\" \/>\n<meta name=\"robots\" content=\"index, follow, max-snippet:-1, max-image-preview:large, max-video-preview:-1\" \/>\n<link rel=\"canonical\" href=\"https:\/\/comixburo.com\/en\/product\/garde-gamorreen-1-5e-star-wars\/\" \/>\n<meta property=\"og:locale\" content=\"en_GB\" \/>\n<meta property=\"og:type\" content=\"article\" \/>\n<meta property=\"og:title\" content=\"Garde Gamorr\u00e9en 1\/5e - Star wars - comixburo.com Statuette en r\u00e9sine\" \/>\n<meta property=\"og:description\" content=\"Statuette en r\u00e9sine Star Wars de la Garde Gamorr\u00e9en, tel qu\u2019il appara\u00eet dans l\u2019\u00e9pisode VI. Collector num\u00e9rot\u00e9. cCertificat d&#039;authenticit\u00e9\" \/>\n<meta property=\"og:url\" content=\"https:\/\/comixburo.com\/en\/product\/garde-gamorreen-1-5e-star-wars\/\" \/>\n<meta property=\"og:site_name\" content=\"comixburo.com\" \/>\n<meta property=\"article:publisher\" content=\"https:\/\/www.facebook.com\/comixburo\" \/>\n<meta property=\"article:modified_time\" content=\"2025-10-16T21:22:06+00:00\" \/>\n<meta property=\"og:image\" content=\"https:\/\/comixburo.com\/wp-content\/uploads\/2025\/07\/C140-garde-gamorreen-10eme-attakus-figurine-starwars.webp\" \/>\n\t<meta property=\"og:image:width\" content=\"674\" \/>\n\t<meta property=\"og:image:height\" content=\"1000\" \/>\n\t<meta property=\"og:image:type\" content=\"image\/webp\" \/>\n<meta name=\"twitter:card\" content=\"summary_large_image\" \/>\n<meta name=\"twitter:label1\" content=\"Estimated reading time\" \/>\n\t<meta name=\"twitter:data1\" content=\"2 minutes\" \/>\n<script type=\"application\/ld+json\" class=\"yoast-schema-graph\">{\"@context\":\"https:\/\/schema.org\",\"@graph\":[{\"@type\":\"WebPage\",\"@id\":\"https:\/\/comixburo.com\/produit\/garde-gamorreen-1-5e-star-wars\/\",\"url\":\"https:\/\/comixburo.com\/produit\/garde-gamorreen-1-5e-star-wars\/\",\"name\":\"Garde Gamorr\u00e9en 1\/5e - Star wars - comixburo.com Statuette en r\u00e9sine\",\"isPartOf\":{\"@id\":\"https:\/\/comixburo.com\/#website\"},\"primaryImageOfPage\":{\"@id\":\"https:\/\/comixburo.com\/produit\/garde-gamorreen-1-5e-star-wars\/#primaryimage\"},\"image\":{\"@id\":\"https:\/\/comixburo.com\/produit\/garde-gamorreen-1-5e-star-wars\/#primaryimage\"},\"thumbnailUrl\":\"https:\/\/comixburo.com\/wp-content\/uploads\/2025\/07\/C140-garde-gamorreen-10eme-attakus-figurine-starwars.webp\",\"datePublished\":\"2025-07-18T08:13:36+00:00\",\"dateModified\":\"2025-10-16T21:22:06+00:00\",\"description\":\"Statuette en r\u00e9sine Star Wars de la Garde Gamorr\u00e9en, tel qu\u2019il appara\u00eet dans l\u2019\u00e9pisode VI. Collector num\u00e9rot\u00e9. cCertificat d'authenticit\u00e9\",\"breadcrumb\":{\"@id\":\"https:\/\/comixburo.com\/produit\/garde-gamorreen-1-5e-star-wars\/#breadcrumb\"},\"inLanguage\":\"en-GB\",\"potentialAction\":[{\"@type\":\"ReadAction\",\"target\":[\"https:\/\/comixburo.com\/produit\/garde-gamorreen-1-5e-star-wars\/\"]}]},{\"@type\":\"ImageObject\",\"inLanguage\":\"en-GB\",\"@id\":\"https:\/\/comixburo.com\/produit\/garde-gamorreen-1-5e-star-wars\/#primaryimage\",\"url\":\"https:\/\/comixburo.com\/wp-content\/uploads\/2025\/07\/C140-garde-gamorreen-10eme-attakus-figurine-starwars.webp\",\"contentUrl\":\"https:\/\/comixburo.com\/wp-content\/uploads\/2025\/07\/C140-garde-gamorreen-10eme-attakus-figurine-starwars.webp\",\"width\":674,\"height\":1000},{\"@type\":\"BreadcrumbList\",\"@id\":\"https:\/\/comixburo.com\/produit\/garde-gamorreen-1-5e-star-wars\/#breadcrumb\",\"itemListElement\":[{\"@type\":\"ListItem\",\"position\":1,\"name\":\"Home\",\"item\":\"https:\/\/comixburo.com\/\"},{\"@type\":\"ListItem\",\"position\":2,\"name\":\"La boutique Comix Buro\",\"item\":\"https:\/\/comixburo.com\/la-boutique-comix-buro\/\"},{\"@type\":\"ListItem\",\"position\":3,\"name\":\"Garde Gamorr\u00e9en 1\/5e &#8211; Star wars\"}]},{\"@type\":\"WebSite\",\"@id\":\"https:\/\/comixburo.com\/#website\",\"url\":\"https:\/\/comixburo.com\/\",\"name\":\"comixburo.com\",\"description\":\"Cr\u00e9ateur de projets : Sketchbook d&#039;artistes !\",\"publisher\":{\"@id\":\"https:\/\/comixburo.com\/#organization\"},\"alternateName\":\"Comix Buro\",\"potentialAction\":[{\"@type\":\"SearchAction\",\"target\":{\"@type\":\"EntryPoint\",\"urlTemplate\":\"https:\/\/comixburo.com\/?s={search_term_string}\"},\"query-input\":{\"@type\":\"PropertyValueSpecification\",\"valueRequired\":true,\"valueName\":\"search_term_string\"}}],\"inLanguage\":\"en-GB\"},{\"@type\":\"Organization\",\"@id\":\"https:\/\/comixburo.com\/#organization\",\"name\":\"comixburo.com\",\"url\":\"https:\/\/comixburo.com\/\",\"logo\":{\"@type\":\"ImageObject\",\"inLanguage\":\"en-GB\",\"@id\":\"https:\/\/comixburo.com\/#\/schema\/logo\/image\/\",\"url\":\"https:\/\/comixburo.com\/wp-content\/uploads\/2025\/04\/logo-cxb-ROND.webp\",\"contentUrl\":\"https:\/\/comixburo.com\/wp-content\/uploads\/2025\/04\/logo-cxb-ROND.webp\",\"width\":200,\"height\":200,\"caption\":\"comixburo.com\"},\"image\":{\"@id\":\"https:\/\/comixburo.com\/#\/schema\/logo\/image\/\"},\"sameAs\":[\"https:\/\/www.facebook.com\/comixburo\",\"https:\/\/www.instagram.com\/comixburo\/\"]}]}<\/script>\n<!-- \/ Yoast SEO plugin. -->","yoast_head_json":{"title":"Garde Gamorr\u00e9en 1\/5e - Star wars - comixburo.com Statuette en r\u00e9sine","description":"Statuette en r\u00e9sine Star Wars de la Garde Gamorr\u00e9en, tel qu\u2019il appara\u00eet dans l\u2019\u00e9pisode VI. Collector num\u00e9rot\u00e9. cCertificat d'authenticit\u00e9","robots":{"index":"index","follow":"follow","max-snippet":"max-snippet:-1","max-image-preview":"max-image-preview:large","max-video-preview":"max-video-preview:-1"},"canonical":"https:\/\/comixburo.com\/en\/product\/garde-gamorreen-1-5e-star-wars\/","og_locale":"en_GB","og_type":"article","og_title":"Garde Gamorr\u00e9en 1\/5e - Star wars - comixburo.com Statuette en r\u00e9sine","og_description":"Statuette en r\u00e9sine Star Wars de la Garde Gamorr\u00e9en, tel qu\u2019il appara\u00eet dans l\u2019\u00e9pisode VI. Collector num\u00e9rot\u00e9. cCertificat d'authenticit\u00e9","og_url":"https:\/\/comixburo.com\/en\/product\/garde-gamorreen-1-5e-star-wars\/","og_site_name":"comixburo.com","article_publisher":"https:\/\/www.facebook.com\/comixburo","article_modified_time":"2025-10-16T21:22:06+00:00","og_image":[{"width":674,"height":1000,"url":"https:\/\/comixburo.com\/wp-content\/uploads\/2025\/07\/C140-garde-gamorreen-10eme-attakus-figurine-starwars.webp","type":"image\/webp"}],"twitter_card":"summary_large_image","twitter_misc":{"Estimated reading time":"2 minutes"},"schema":{"@context":"https:\/\/schema.org","@graph":[{"@type":"WebPage","@id":"https:\/\/comixburo.com\/produit\/garde-gamorreen-1-5e-star-wars\/","url":"https:\/\/comixburo.com\/produit\/garde-gamorreen-1-5e-star-wars\/","name":"Garde Gamorr\u00e9en 1\/5e - Star wars - comixburo.com Statuette en r\u00e9sine","isPartOf":{"@id":"https:\/\/comixburo.com\/#website"},"primaryImageOfPage":{"@id":"https:\/\/comixburo.com\/produit\/garde-gamorreen-1-5e-star-wars\/#primaryimage"},"image":{"@id":"https:\/\/comixburo.com\/produit\/garde-gamorreen-1-5e-star-wars\/#primaryimage"},"thumbnailUrl":"https:\/\/comixburo.com\/wp-content\/uploads\/2025\/07\/C140-garde-gamorreen-10eme-attakus-figurine-starwars.webp","datePublished":"2025-07-18T08:13:36+00:00","dateModified":"2025-10-16T21:22:06+00:00","description":"Statuette en r\u00e9sine Star Wars de la Garde Gamorr\u00e9en, tel qu\u2019il appara\u00eet dans l\u2019\u00e9pisode VI. Collector num\u00e9rot\u00e9. cCertificat d'authenticit\u00e9","breadcrumb":{"@id":"https:\/\/comixburo.com\/produit\/garde-gamorreen-1-5e-star-wars\/#breadcrumb"},"inLanguage":"en-GB","potentialAction":[{"@type":"ReadAction","target":["https:\/\/comixburo.com\/produit\/garde-gamorreen-1-5e-star-wars\/"]}]},{"@type":"ImageObject","inLanguage":"en-GB","@id":"https:\/\/comixburo.com\/produit\/garde-gamorreen-1-5e-star-wars\/#primaryimage","url":"https:\/\/comixburo.com\/wp-content\/uploads\/2025\/07\/C140-garde-gamorreen-10eme-attakus-figurine-starwars.webp","contentUrl":"https:\/\/comixburo.com\/wp-content\/uploads\/2025\/07\/C140-garde-gamorreen-10eme-attakus-figurine-starwars.webp","width":674,"height":1000},{"@type":"BreadcrumbList","@id":"https:\/\/comixburo.com\/produit\/garde-gamorreen-1-5e-star-wars\/#breadcrumb","itemListElement":[{"@type":"ListItem","position":1,"name":"Home","item":"https:\/\/comixburo.com\/"},{"@type":"ListItem","position":2,"name":"La boutique Comix Buro","item":"https:\/\/comixburo.com\/la-boutique-comix-buro\/"},{"@type":"ListItem","position":3,"name":"Garde Gamorr\u00e9en 1\/5e &#8211; Star wars"}]},{"@type":"WebSite","@id":"https:\/\/comixburo.com\/#website","url":"https:\/\/comixburo.com\/","name":"comixburo.com","description":"Cr\u00e9ateur de projets : Sketchbook d&#039;artistes !","publisher":{"@id":"https:\/\/comixburo.com\/#organization"},"alternateName":"Comix Buro","potentialAction":[{"@type":"SearchAction","target":{"@type":"EntryPoint","urlTemplate":"https:\/\/comixburo.com\/?s={search_term_string}"},"query-input":{"@type":"PropertyValueSpecification","valueRequired":true,"valueName":"search_term_string"}}],"inLanguage":"en-GB"},{"@type":"Organization","@id":"https:\/\/comixburo.com\/#organization","name":"comixburo.com","url":"https:\/\/comixburo.com\/","logo":{"@type":"ImageObject","inLanguage":"en-GB","@id":"https:\/\/comixburo.com\/#\/schema\/logo\/image\/","url":"https:\/\/comixburo.com\/wp-content\/uploads\/2025\/04\/logo-cxb-ROND.webp","contentUrl":"https:\/\/comixburo.com\/wp-content\/uploads\/2025\/04\/logo-cxb-ROND.webp","width":200,"height":200,"caption":"comixburo.com"},"image":{"@id":"https:\/\/comixburo.com\/#\/schema\/logo\/image\/"},"sameAs":["https:\/\/www.facebook.com\/comixburo","https:\/\/www.instagram.com\/comixburo\/"]}]}},"jetpack_sharing_enabled":true,"_links":{"self":[{"href":"https:\/\/comixburo.com\/en\/wp-json\/wp\/v2\/product\/20535","targetHints":{"allow":["GET"]}}],"collection":[{"href":"https:\/\/comixburo.com\/en\/wp-json\/wp\/v2\/product"}],"about":[{"href":"https:\/\/comixburo.com\/en\/wp-json\/wp\/v2\/types\/product"}],"replies":[{"embeddable":true,"href":"https:\/\/comixburo.com\/en\/wp-json\/wp\/v2\/comments?post=20535"}],"version-history":[{"count":1,"href":"https:\/\/comixburo.com\/en\/wp-json\/wp\/v2\/product\/20535\/revisions"}],"predecessor-version":[{"id":20688,"href":"https:\/\/comixburo.com\/en\/wp-json\/wp\/v2\/product\/20535\/revisions\/20688"}],"wp:featuredmedia":[{"embeddable":true,"href":"https:\/\/comixburo.com\/en\/wp-json\/wp\/v2\/media\/21208"}],"wp:attachment":[{"href":"https:\/\/comixburo.com\/en\/wp-json\/wp\/v2\/media?parent=20535"}],"wp:term":[{"taxonomy":"product_brand","embeddable":true,"href":"https:\/\/comixburo.com\/en\/wp-json\/wp\/v2\/product_brand?post=20535"},{"taxonomy":"product_cat","embeddable":true,"href":"https:\/\/comixburo.com\/en\/wp-json\/wp\/v2\/product_cat?post=20535"},{"taxonomy":"product_tag","embeddable":true,"href":"https:\/\/comixburo.com\/en\/wp-json\/wp\/v2\/product_tag?post=20535"}],"curies":[{"name":"wp","href":"https:\/\/api.w.org\/{rel}","templated":true}]}}