{"id":20537,"date":"2025-07-18T10:13:36","date_gmt":"2025-07-18T08:13:36","guid":{"rendered":"https:\/\/comixburo.com\/?post_type=product&#038;p=20537"},"modified":"2025-09-26T09:26:19","modified_gmt":"2025-09-26T07:26:19","slug":"tusken-raider-1-5e-star-wars","status":"publish","type":"product","link":"https:\/\/comixburo.com\/en\/product\/tusken-raider-1-5e-star-wars\/","title":{"rendered":"Tusken Raider 1\/5e &#8211; Star wars"},"content":{"rendered":"<h3><strong>Statue de Tusken Raider &#8211; Star wars<\/strong><\/h3>\n<p>R\u00e9f. : C135<br \/>\nLimit\u00e9e \u00e0 1500 ex.<br \/>\nTaille : 40 cm<br \/>\nFourni avec : certificat d&rsquo;authenticit\u00e9<br \/>\nTir\u00e9 du film : Un nouvel espoir<\/p>\n<p>&#8211; Plongez dans l&rsquo;univers Attakus de Star Wars et d\u00e9couvrez les statues de la collection Classic, \u00e0 l&rsquo;\u00e9chelle 1\/5\u00e8me\u00a0!<br \/>\n&#8211; Statue en r\u00e9sine d&rsquo;un Tusken Raider, tel qu&rsquo;il appara\u00eet dans l&rsquo;\u00e9pisode IV de la saga Star Wars (Un nouvel espoir).<br \/>\n&#8211; Collector num\u00e9rot\u00e9 et limit\u00e9 \u00e0 1500 exemplaires dans le monde. Sculpt\u00e9 en France et peint \u00e0 la main. Livr\u00e9 avec son certificat d&rsquo;authenticit\u00e9 Attakus. Taille\u00a0: 38 cm.<br \/>\n&#8211; Collection historique de chez Attakus, la collection Classic propose des statues de collection \u00e0 l&rsquo;\u00e9chelle 1\/5\u00e8me, soit une quarantaine de centim\u00e8tres pour la majorit\u00e9 des personnages. Elles sont r\u00e9alis\u00e9es en r\u00e9sine et peintes \u00e0 la main.<br \/>\n&#8211; D&rsquo;autres figurines Star Wars par Attakus sont disponibles sur ce site !<\/p>\n<p><img loading=\"lazy\" decoding=\"async\" class=\"arrondie aligncenter wp-image-13150 size-full\" src=\"https:\/\/attakus.art\/wp-content\/uploads\/2021\/07\/starwars-attakus-mege-menu-attakus-collection-statues-figurines-franco-belge-star-war.jpg\" alt=\"\" width=\"300\" height=\"250\" \/><\/p>","protected":false},"excerpt":{"rendered":"<p align=\"center\"><em><strong>Collection Classique 1\/5e.<\/strong> <\/em><\/p>\n<p>\u00c9galement appel\u00e9s Hommes des sables ou pillards Tusken en version fran\u00e7aise, les Tusken Raiders sont un peuple de nomades parcourant le d\u00e9sert de Tatooine se fondant dans le paysage pour rester invisibles. Tr\u00e8s hostiles aux \u00e9trangers, Ils sont habill\u00e9s de grands manteaux, ils se couvrent enti\u00e8rement pour survivre dans leur rude environnement. Leur t\u00eate est enti\u00e8rement recouverte de bandages, et elle est \u00e9quip\u00e9e d&rsquo;un pi\u00e8ge \u00e0 humidit\u00e9 et d&rsquo;un filtre respiratoire. Ils sont arm\u00e9s d&rsquo;un B\u00e2ton gaderffi muni d&rsquo;une lame empoisonn\u00e9e. Leur premi\u00e8re apparition dans l&rsquo;univers de Star Wars date du premier film, \u00ab\u00a0Un Nouvel espoir\u00a0\u00bb.<\/p>","protected":false},"featured_media":21209,"comment_status":"closed","ping_status":"closed","template":"","meta":[],"product_brand":[],"product_cat":[123,116,106],"product_tag":[142],"class_list":{"0":"post-20537","1":"product","2":"type-product","3":"status-publish","4":"has-post-thumbnail","6":"product_cat-collection-classique-1-5e","7":"product_cat-star-wars","8":"product_cat-statues","9":"product_tag-142","11":"first","12":"instock","13":"taxable","14":"shipping-taxable","15":"purchasable","16":"product-type-simple"},"yoast_head":"<!-- This site is optimized with the Yoast SEO plugin v26.9 - https:\/\/yoast.com\/product\/yoast-seo-wordpress\/ -->\n<title>Tusken Raider 1\/5e - Star wars - comixburo.com - Statuette Figurine<\/title>\n<meta name=\"description\" content=\"Statuette d\u2019un Tusken Raider, tel qu\u2019il appara\u00eet dans l\u2019\u00e9pisode IV de la saga Star Wars. Livr\u00e9 avec certificat d&#039;authenticit\u00e9 num\u00e9rot\u00e9 !\" \/>\n<meta name=\"robots\" content=\"index, follow, max-snippet:-1, max-image-preview:large, max-video-preview:-1\" \/>\n<link rel=\"canonical\" href=\"https:\/\/comixburo.com\/en\/product\/tusken-raider-1-5e-star-wars\/\" \/>\n<meta property=\"og:locale\" content=\"en_GB\" \/>\n<meta property=\"og:type\" content=\"article\" \/>\n<meta property=\"og:title\" content=\"Tusken Raider 1\/5e - Star wars - comixburo.com - Statuette Figurine\" \/>\n<meta property=\"og:description\" content=\"Statuette d\u2019un Tusken Raider, tel qu\u2019il appara\u00eet dans l\u2019\u00e9pisode IV de la saga Star Wars. Livr\u00e9 avec certificat d&#039;authenticit\u00e9 num\u00e9rot\u00e9 !\" \/>\n<meta property=\"og:url\" content=\"https:\/\/comixburo.com\/en\/product\/tusken-raider-1-5e-star-wars\/\" \/>\n<meta property=\"og:site_name\" content=\"comixburo.com\" \/>\n<meta property=\"article:publisher\" content=\"https:\/\/www.facebook.com\/comixburo\" \/>\n<meta property=\"article:modified_time\" content=\"2025-09-26T07:26:19+00:00\" \/>\n<meta property=\"og:image\" content=\"https:\/\/comixburo.com\/wp-content\/uploads\/2025\/07\/C135-tusken-raider-5eme-attakus-figurine-starwars.webp\" \/>\n\t<meta property=\"og:image:width\" content=\"674\" \/>\n\t<meta property=\"og:image:height\" content=\"1000\" \/>\n\t<meta property=\"og:image:type\" content=\"image\/webp\" \/>\n<meta name=\"twitter:card\" content=\"summary_large_image\" \/>\n<meta name=\"twitter:label1\" content=\"Estimated reading time\" \/>\n\t<meta name=\"twitter:data1\" content=\"2 minutes\" \/>\n<script type=\"application\/ld+json\" class=\"yoast-schema-graph\">{\"@context\":\"https:\/\/schema.org\",\"@graph\":[{\"@type\":\"WebPage\",\"@id\":\"https:\/\/comixburo.com\/produit\/tusken-raider-1-5e-star-wars\/\",\"url\":\"https:\/\/comixburo.com\/produit\/tusken-raider-1-5e-star-wars\/\",\"name\":\"Tusken Raider 1\/5e - Star wars - comixburo.com - Statuette Figurine\",\"isPartOf\":{\"@id\":\"https:\/\/comixburo.com\/#website\"},\"primaryImageOfPage\":{\"@id\":\"https:\/\/comixburo.com\/produit\/tusken-raider-1-5e-star-wars\/#primaryimage\"},\"image\":{\"@id\":\"https:\/\/comixburo.com\/produit\/tusken-raider-1-5e-star-wars\/#primaryimage\"},\"thumbnailUrl\":\"https:\/\/comixburo.com\/wp-content\/uploads\/2025\/07\/C135-tusken-raider-5eme-attakus-figurine-starwars.webp\",\"datePublished\":\"2025-07-18T08:13:36+00:00\",\"dateModified\":\"2025-09-26T07:26:19+00:00\",\"description\":\"Statuette d\u2019un Tusken Raider, tel qu\u2019il appara\u00eet dans l\u2019\u00e9pisode IV de la saga Star Wars. Livr\u00e9 avec certificat d'authenticit\u00e9 num\u00e9rot\u00e9 !\",\"breadcrumb\":{\"@id\":\"https:\/\/comixburo.com\/produit\/tusken-raider-1-5e-star-wars\/#breadcrumb\"},\"inLanguage\":\"en-GB\",\"potentialAction\":[{\"@type\":\"ReadAction\",\"target\":[\"https:\/\/comixburo.com\/produit\/tusken-raider-1-5e-star-wars\/\"]}]},{\"@type\":\"ImageObject\",\"inLanguage\":\"en-GB\",\"@id\":\"https:\/\/comixburo.com\/produit\/tusken-raider-1-5e-star-wars\/#primaryimage\",\"url\":\"https:\/\/comixburo.com\/wp-content\/uploads\/2025\/07\/C135-tusken-raider-5eme-attakus-figurine-starwars.webp\",\"contentUrl\":\"https:\/\/comixburo.com\/wp-content\/uploads\/2025\/07\/C135-tusken-raider-5eme-attakus-figurine-starwars.webp\",\"width\":674,\"height\":1000},{\"@type\":\"BreadcrumbList\",\"@id\":\"https:\/\/comixburo.com\/produit\/tusken-raider-1-5e-star-wars\/#breadcrumb\",\"itemListElement\":[{\"@type\":\"ListItem\",\"position\":1,\"name\":\"Home\",\"item\":\"https:\/\/comixburo.com\/\"},{\"@type\":\"ListItem\",\"position\":2,\"name\":\"La boutique Comix Buro\",\"item\":\"https:\/\/comixburo.com\/la-boutique-comix-buro\/\"},{\"@type\":\"ListItem\",\"position\":3,\"name\":\"Tusken Raider 1\/5e &#8211; Star wars\"}]},{\"@type\":\"WebSite\",\"@id\":\"https:\/\/comixburo.com\/#website\",\"url\":\"https:\/\/comixburo.com\/\",\"name\":\"comixburo.com\",\"description\":\"Cr\u00e9ateur de projets : Sketchbook d&#039;artistes !\",\"publisher\":{\"@id\":\"https:\/\/comixburo.com\/#organization\"},\"alternateName\":\"Comix Buro\",\"potentialAction\":[{\"@type\":\"SearchAction\",\"target\":{\"@type\":\"EntryPoint\",\"urlTemplate\":\"https:\/\/comixburo.com\/?s={search_term_string}\"},\"query-input\":{\"@type\":\"PropertyValueSpecification\",\"valueRequired\":true,\"valueName\":\"search_term_string\"}}],\"inLanguage\":\"en-GB\"},{\"@type\":\"Organization\",\"@id\":\"https:\/\/comixburo.com\/#organization\",\"name\":\"comixburo.com\",\"url\":\"https:\/\/comixburo.com\/\",\"logo\":{\"@type\":\"ImageObject\",\"inLanguage\":\"en-GB\",\"@id\":\"https:\/\/comixburo.com\/#\/schema\/logo\/image\/\",\"url\":\"https:\/\/comixburo.com\/wp-content\/uploads\/2025\/04\/logo-cxb-ROND.webp\",\"contentUrl\":\"https:\/\/comixburo.com\/wp-content\/uploads\/2025\/04\/logo-cxb-ROND.webp\",\"width\":200,\"height\":200,\"caption\":\"comixburo.com\"},\"image\":{\"@id\":\"https:\/\/comixburo.com\/#\/schema\/logo\/image\/\"},\"sameAs\":[\"https:\/\/www.facebook.com\/comixburo\",\"https:\/\/www.instagram.com\/comixburo\/\"]}]}<\/script>\n<!-- \/ Yoast SEO plugin. -->","yoast_head_json":{"title":"Tusken Raider 1\/5e - Star wars - comixburo.com - Statuette Figurine","description":"Statuette d\u2019un Tusken Raider, tel qu\u2019il appara\u00eet dans l\u2019\u00e9pisode IV de la saga Star Wars. Livr\u00e9 avec certificat d'authenticit\u00e9 num\u00e9rot\u00e9 !","robots":{"index":"index","follow":"follow","max-snippet":"max-snippet:-1","max-image-preview":"max-image-preview:large","max-video-preview":"max-video-preview:-1"},"canonical":"https:\/\/comixburo.com\/en\/product\/tusken-raider-1-5e-star-wars\/","og_locale":"en_GB","og_type":"article","og_title":"Tusken Raider 1\/5e - Star wars - comixburo.com - Statuette Figurine","og_description":"Statuette d\u2019un Tusken Raider, tel qu\u2019il appara\u00eet dans l\u2019\u00e9pisode IV de la saga Star Wars. Livr\u00e9 avec certificat d'authenticit\u00e9 num\u00e9rot\u00e9 !","og_url":"https:\/\/comixburo.com\/en\/product\/tusken-raider-1-5e-star-wars\/","og_site_name":"comixburo.com","article_publisher":"https:\/\/www.facebook.com\/comixburo","article_modified_time":"2025-09-26T07:26:19+00:00","og_image":[{"width":674,"height":1000,"url":"https:\/\/comixburo.com\/wp-content\/uploads\/2025\/07\/C135-tusken-raider-5eme-attakus-figurine-starwars.webp","type":"image\/webp"}],"twitter_card":"summary_large_image","twitter_misc":{"Estimated reading time":"2 minutes"},"schema":{"@context":"https:\/\/schema.org","@graph":[{"@type":"WebPage","@id":"https:\/\/comixburo.com\/produit\/tusken-raider-1-5e-star-wars\/","url":"https:\/\/comixburo.com\/produit\/tusken-raider-1-5e-star-wars\/","name":"Tusken Raider 1\/5e - Star wars - comixburo.com - Statuette Figurine","isPartOf":{"@id":"https:\/\/comixburo.com\/#website"},"primaryImageOfPage":{"@id":"https:\/\/comixburo.com\/produit\/tusken-raider-1-5e-star-wars\/#primaryimage"},"image":{"@id":"https:\/\/comixburo.com\/produit\/tusken-raider-1-5e-star-wars\/#primaryimage"},"thumbnailUrl":"https:\/\/comixburo.com\/wp-content\/uploads\/2025\/07\/C135-tusken-raider-5eme-attakus-figurine-starwars.webp","datePublished":"2025-07-18T08:13:36+00:00","dateModified":"2025-09-26T07:26:19+00:00","description":"Statuette d\u2019un Tusken Raider, tel qu\u2019il appara\u00eet dans l\u2019\u00e9pisode IV de la saga Star Wars. Livr\u00e9 avec certificat d'authenticit\u00e9 num\u00e9rot\u00e9 !","breadcrumb":{"@id":"https:\/\/comixburo.com\/produit\/tusken-raider-1-5e-star-wars\/#breadcrumb"},"inLanguage":"en-GB","potentialAction":[{"@type":"ReadAction","target":["https:\/\/comixburo.com\/produit\/tusken-raider-1-5e-star-wars\/"]}]},{"@type":"ImageObject","inLanguage":"en-GB","@id":"https:\/\/comixburo.com\/produit\/tusken-raider-1-5e-star-wars\/#primaryimage","url":"https:\/\/comixburo.com\/wp-content\/uploads\/2025\/07\/C135-tusken-raider-5eme-attakus-figurine-starwars.webp","contentUrl":"https:\/\/comixburo.com\/wp-content\/uploads\/2025\/07\/C135-tusken-raider-5eme-attakus-figurine-starwars.webp","width":674,"height":1000},{"@type":"BreadcrumbList","@id":"https:\/\/comixburo.com\/produit\/tusken-raider-1-5e-star-wars\/#breadcrumb","itemListElement":[{"@type":"ListItem","position":1,"name":"Home","item":"https:\/\/comixburo.com\/"},{"@type":"ListItem","position":2,"name":"La boutique Comix Buro","item":"https:\/\/comixburo.com\/la-boutique-comix-buro\/"},{"@type":"ListItem","position":3,"name":"Tusken Raider 1\/5e &#8211; Star wars"}]},{"@type":"WebSite","@id":"https:\/\/comixburo.com\/#website","url":"https:\/\/comixburo.com\/","name":"comixburo.com","description":"Cr\u00e9ateur de projets : Sketchbook d&#039;artistes !","publisher":{"@id":"https:\/\/comixburo.com\/#organization"},"alternateName":"Comix Buro","potentialAction":[{"@type":"SearchAction","target":{"@type":"EntryPoint","urlTemplate":"https:\/\/comixburo.com\/?s={search_term_string}"},"query-input":{"@type":"PropertyValueSpecification","valueRequired":true,"valueName":"search_term_string"}}],"inLanguage":"en-GB"},{"@type":"Organization","@id":"https:\/\/comixburo.com\/#organization","name":"comixburo.com","url":"https:\/\/comixburo.com\/","logo":{"@type":"ImageObject","inLanguage":"en-GB","@id":"https:\/\/comixburo.com\/#\/schema\/logo\/image\/","url":"https:\/\/comixburo.com\/wp-content\/uploads\/2025\/04\/logo-cxb-ROND.webp","contentUrl":"https:\/\/comixburo.com\/wp-content\/uploads\/2025\/04\/logo-cxb-ROND.webp","width":200,"height":200,"caption":"comixburo.com"},"image":{"@id":"https:\/\/comixburo.com\/#\/schema\/logo\/image\/"},"sameAs":["https:\/\/www.facebook.com\/comixburo","https:\/\/www.instagram.com\/comixburo\/"]}]}},"jetpack_sharing_enabled":true,"_links":{"self":[{"href":"https:\/\/comixburo.com\/en\/wp-json\/wp\/v2\/product\/20537","targetHints":{"allow":["GET"]}}],"collection":[{"href":"https:\/\/comixburo.com\/en\/wp-json\/wp\/v2\/product"}],"about":[{"href":"https:\/\/comixburo.com\/en\/wp-json\/wp\/v2\/types\/product"}],"replies":[{"embeddable":true,"href":"https:\/\/comixburo.com\/en\/wp-json\/wp\/v2\/comments?post=20537"}],"version-history":[{"count":1,"href":"https:\/\/comixburo.com\/en\/wp-json\/wp\/v2\/product\/20537\/revisions"}],"predecessor-version":[{"id":20699,"href":"https:\/\/comixburo.com\/en\/wp-json\/wp\/v2\/product\/20537\/revisions\/20699"}],"wp:featuredmedia":[{"embeddable":true,"href":"https:\/\/comixburo.com\/en\/wp-json\/wp\/v2\/media\/21209"}],"wp:attachment":[{"href":"https:\/\/comixburo.com\/en\/wp-json\/wp\/v2\/media?parent=20537"}],"wp:term":[{"taxonomy":"product_brand","embeddable":true,"href":"https:\/\/comixburo.com\/en\/wp-json\/wp\/v2\/product_brand?post=20537"},{"taxonomy":"product_cat","embeddable":true,"href":"https:\/\/comixburo.com\/en\/wp-json\/wp\/v2\/product_cat?post=20537"},{"taxonomy":"product_tag","embeddable":true,"href":"https:\/\/comixburo.com\/en\/wp-json\/wp\/v2\/product_tag?post=20537"}],"curies":[{"name":"wp","href":"https:\/\/api.w.org\/{rel}","templated":true}]}}