{"id":20539,"date":"2025-07-18T10:13:36","date_gmt":"2025-07-18T08:13:36","guid":{"rendered":"https:\/\/comixburo.com\/?post_type=product&#038;p=20539"},"modified":"2025-09-26T09:25:07","modified_gmt":"2025-09-26T07:25:07","slug":"padme-amidala-1-5e-star-wars","status":"publish","type":"product","link":"https:\/\/comixburo.com\/en\/product\/padme-amidala-1-5e-star-wars\/","title":{"rendered":"Padme Amidala 1\/5e &#8211; Star wars"},"content":{"rendered":"<h3><strong>Statuette de collection Padme Amidala &#8211; Star wars<\/strong><\/h3>\n<p>R\u00e9f. : C130<br \/>\nLimit\u00e9e \u00e0 1500 ex.<br \/>\nTaille : 37,5 cm<br \/>\nDate de sortie : octobre 2001<br \/>\nFourni avec : certificat d&rsquo;authenticit\u00e9<br \/>\nTir\u00e9 du film : L&rsquo;Attaque des clones<\/p>\n<p>&#8211; Plongez dans l&rsquo;univers Attakus de Star Wars et d\u00e9couvrez les statues de la collection Classic, \u00e0 l&rsquo;\u00e9chelle 1\/5\u00e8me\u00a0!<br \/>\n&#8211; Statue en r\u00e9sine de Padm\u00e9 Amidala, telle qu&rsquo;elle appara\u00eet dans l&rsquo;\u00e9pisode II de la s\u00e9rie Star Wars (L&rsquo;Attaque des clones).<br \/>\n&#8211; Collector num\u00e9rot\u00e9 et limit\u00e9 \u00e0 1500 exemplaires dans le monde. Sculpt\u00e9 en France et peint \u00e0 la main. Livr\u00e9 avec son certificat d&rsquo;authenticit\u00e9 Attakus.<br \/>\n&#8211; Collection historique de chez Attakus, la collection Classic propose des statues de collection \u00e0 l&rsquo;\u00e9chelle 1\/5\u00e8me, soit une quarantaine de centim\u00e8tres pour la majorit\u00e9 des personnages. Elles sont r\u00e9alis\u00e9es en r\u00e9sine et peintes \u00e0 la main.<br \/>\n&#8211; D&rsquo;autres figurines Star Wars par Attakus sont disponibles sur ce site !<br \/>\n&#8211; Cette statue repr\u00e9sente Padm\u00e9 Amidala, ancienne reine de Naboo, telle qu&rsquo;on la voit dans les derni\u00e8res minutes de l&rsquo;\u00e9pisode II, L&rsquo;Attaque des Clones. Elle se tient debout avec une arme \u00e0 la main. Sa tenue est d\u00e9chir\u00e9e et elle a des marques de griffures dans le dos suite \u00e0 son combat dans l&rsquo;ar\u00e8ne.<br \/>\nOn retrouve ce personnage embl\u00e9matique de la saga, incarn\u00e9 \u00e0 l&rsquo;\u00e9cran par Nathalie Portman, dans les 3 volets de la pr\u00e9logie\u00a0: La Menace fant\u00f4me (reine de Naboo), L&rsquo;Attaque des clones (s\u00e9natrice de sa plan\u00e8te), et La Revanche des Sith.<\/p>\n<p><a href=\"\/en\/&quot;http:\/\/www.facebook.com\/share.php\/?u=http:\/\/www.attakus.fr\/epages\/174687.sf\/fr_FR\/?&lt;br\"> <img loading=\"lazy\" decoding=\"async\" class=\"arrondie aligncenter wp-image-13150 size-full\" src=\"https:\/\/attakus.art\/wp-content\/uploads\/2021\/07\/starwars-attakus-mege-menu-attakus-collection-statues-figurines-franco-belge-star-war.jpg\" alt=\"\" width=\"300\" height=\"250\" \/><\/a><\/p>","protected":false},"excerpt":{"rendered":"<p>&nbsp;<\/p>\n<p align=\"center\"><em><strong>Collection Classique 1\/5e.<\/strong> <\/em><\/p>\n<p>Padme Amidala fut un temps la Reine d\u00e9mocratiquement \u00e9lue de Naboo avant de repr\u00e9senter le secteur Chommell en tant que s\u00e9natrice au S\u00e9nat Galactique. En tant que Reine de Naboo, Padm\u00e9 participe \u00e0 la lib\u00e9ration de son peuple, devenant ainsi l&rsquo;une des figures politiques les plus respect\u00e9es de la Galaxie. Elle Joue un r\u00f4le essentiel dans les \u00e9v\u00e9nements entourant la Guerre des Clones, o\u00f9 elle contribue, avec d&rsquo;autres s\u00e9nateurs, \u00e0 la fondation de ce qui devint plus tard l&rsquo;Alliance Rebelle, \u00e0 travers la cr\u00e9ation de la D\u00e9l\u00e9gation des 2000.<\/p>","protected":false},"featured_media":21214,"comment_status":"closed","ping_status":"closed","template":"","meta":[],"product_brand":[],"product_cat":[123,116,106],"product_tag":[143],"class_list":{"0":"post-20539","1":"product","2":"type-product","3":"status-publish","4":"has-post-thumbnail","6":"product_cat-collection-classique-1-5e","7":"product_cat-star-wars","8":"product_cat-statues","9":"product_tag-143","11":"first","12":"instock","13":"taxable","14":"shipping-taxable","15":"purchasable","16":"product-type-simple"},"yoast_head":"<!-- This site is optimized with the Yoast SEO plugin v26.9 - https:\/\/yoast.com\/product\/yoast-seo-wordpress\/ -->\n<title>Padme Amidala 1\/5e - Star wars - comixburo.com - Statue figurine en r\u00e9sine<\/title>\n<meta name=\"description\" content=\"Padme Amidala Star Wars. Statue figurine en r\u00e9sine Star Wars, collection Classic, \u00e0 l\u2019\u00e9chelle 1\/5\u00e8me ! \u00e9pisode II de la s\u00e9rie Star Wars.\" \/>\n<meta name=\"robots\" content=\"index, follow, max-snippet:-1, max-image-preview:large, max-video-preview:-1\" \/>\n<link rel=\"canonical\" href=\"https:\/\/comixburo.com\/en\/product\/padme-amidala-1-5e-star-wars\/\" \/>\n<meta property=\"og:locale\" content=\"en_GB\" \/>\n<meta property=\"og:type\" content=\"article\" \/>\n<meta property=\"og:title\" content=\"Padme Amidala 1\/5e - Star wars - comixburo.com - Statue figurine en r\u00e9sine\" \/>\n<meta property=\"og:description\" content=\"Padme Amidala Star Wars. Statue figurine en r\u00e9sine Star Wars, collection Classic, \u00e0 l\u2019\u00e9chelle 1\/5\u00e8me ! \u00e9pisode II de la s\u00e9rie Star Wars.\" \/>\n<meta property=\"og:url\" content=\"https:\/\/comixburo.com\/en\/product\/padme-amidala-1-5e-star-wars\/\" \/>\n<meta property=\"og:site_name\" content=\"comixburo.com\" \/>\n<meta property=\"article:publisher\" content=\"https:\/\/www.facebook.com\/comixburo\" \/>\n<meta property=\"article:modified_time\" content=\"2025-09-26T07:25:07+00:00\" \/>\n<meta property=\"og:image\" content=\"https:\/\/comixburo.com\/wp-content\/uploads\/2025\/07\/C130-padme-5eme-attakus-figurine-starwars.webp\" \/>\n\t<meta property=\"og:image:width\" content=\"674\" \/>\n\t<meta property=\"og:image:height\" content=\"1000\" \/>\n\t<meta property=\"og:image:type\" content=\"image\/webp\" \/>\n<meta name=\"twitter:card\" content=\"summary_large_image\" \/>\n<meta name=\"twitter:label1\" content=\"Estimated reading time\" \/>\n\t<meta name=\"twitter:data1\" content=\"2 minutes\" \/>\n<script type=\"application\/ld+json\" class=\"yoast-schema-graph\">{\"@context\":\"https:\/\/schema.org\",\"@graph\":[{\"@type\":\"WebPage\",\"@id\":\"https:\/\/comixburo.com\/produit\/padme-amidala-1-5e-star-wars\/\",\"url\":\"https:\/\/comixburo.com\/produit\/padme-amidala-1-5e-star-wars\/\",\"name\":\"Padme Amidala 1\/5e - Star wars - comixburo.com - Statue figurine en r\u00e9sine\",\"isPartOf\":{\"@id\":\"https:\/\/comixburo.com\/#website\"},\"primaryImageOfPage\":{\"@id\":\"https:\/\/comixburo.com\/produit\/padme-amidala-1-5e-star-wars\/#primaryimage\"},\"image\":{\"@id\":\"https:\/\/comixburo.com\/produit\/padme-amidala-1-5e-star-wars\/#primaryimage\"},\"thumbnailUrl\":\"https:\/\/comixburo.com\/wp-content\/uploads\/2025\/07\/C130-padme-5eme-attakus-figurine-starwars.webp\",\"datePublished\":\"2025-07-18T08:13:36+00:00\",\"dateModified\":\"2025-09-26T07:25:07+00:00\",\"description\":\"Padme Amidala Star Wars. Statue figurine en r\u00e9sine Star Wars, collection Classic, \u00e0 l\u2019\u00e9chelle 1\/5\u00e8me ! \u00e9pisode II de la s\u00e9rie Star Wars.\",\"breadcrumb\":{\"@id\":\"https:\/\/comixburo.com\/produit\/padme-amidala-1-5e-star-wars\/#breadcrumb\"},\"inLanguage\":\"en-GB\",\"potentialAction\":[{\"@type\":\"ReadAction\",\"target\":[\"https:\/\/comixburo.com\/produit\/padme-amidala-1-5e-star-wars\/\"]}]},{\"@type\":\"ImageObject\",\"inLanguage\":\"en-GB\",\"@id\":\"https:\/\/comixburo.com\/produit\/padme-amidala-1-5e-star-wars\/#primaryimage\",\"url\":\"https:\/\/comixburo.com\/wp-content\/uploads\/2025\/07\/C130-padme-5eme-attakus-figurine-starwars.webp\",\"contentUrl\":\"https:\/\/comixburo.com\/wp-content\/uploads\/2025\/07\/C130-padme-5eme-attakus-figurine-starwars.webp\",\"width\":674,\"height\":1000},{\"@type\":\"BreadcrumbList\",\"@id\":\"https:\/\/comixburo.com\/produit\/padme-amidala-1-5e-star-wars\/#breadcrumb\",\"itemListElement\":[{\"@type\":\"ListItem\",\"position\":1,\"name\":\"Home\",\"item\":\"https:\/\/comixburo.com\/\"},{\"@type\":\"ListItem\",\"position\":2,\"name\":\"La boutique Comix Buro\",\"item\":\"https:\/\/comixburo.com\/la-boutique-comix-buro\/\"},{\"@type\":\"ListItem\",\"position\":3,\"name\":\"Padme Amidala 1\/5e &#8211; Star wars\"}]},{\"@type\":\"WebSite\",\"@id\":\"https:\/\/comixburo.com\/#website\",\"url\":\"https:\/\/comixburo.com\/\",\"name\":\"comixburo.com\",\"description\":\"Cr\u00e9ateur de projets : Sketchbook d&#039;artistes !\",\"publisher\":{\"@id\":\"https:\/\/comixburo.com\/#organization\"},\"alternateName\":\"Comix Buro\",\"potentialAction\":[{\"@type\":\"SearchAction\",\"target\":{\"@type\":\"EntryPoint\",\"urlTemplate\":\"https:\/\/comixburo.com\/?s={search_term_string}\"},\"query-input\":{\"@type\":\"PropertyValueSpecification\",\"valueRequired\":true,\"valueName\":\"search_term_string\"}}],\"inLanguage\":\"en-GB\"},{\"@type\":\"Organization\",\"@id\":\"https:\/\/comixburo.com\/#organization\",\"name\":\"comixburo.com\",\"url\":\"https:\/\/comixburo.com\/\",\"logo\":{\"@type\":\"ImageObject\",\"inLanguage\":\"en-GB\",\"@id\":\"https:\/\/comixburo.com\/#\/schema\/logo\/image\/\",\"url\":\"https:\/\/comixburo.com\/wp-content\/uploads\/2025\/04\/logo-cxb-ROND.webp\",\"contentUrl\":\"https:\/\/comixburo.com\/wp-content\/uploads\/2025\/04\/logo-cxb-ROND.webp\",\"width\":200,\"height\":200,\"caption\":\"comixburo.com\"},\"image\":{\"@id\":\"https:\/\/comixburo.com\/#\/schema\/logo\/image\/\"},\"sameAs\":[\"https:\/\/www.facebook.com\/comixburo\",\"https:\/\/www.instagram.com\/comixburo\/\"]}]}<\/script>\n<!-- \/ Yoast SEO plugin. -->","yoast_head_json":{"title":"Padme Amidala 1\/5e - Star wars - comixburo.com - Statue figurine en r\u00e9sine","description":"Padme Amidala Star Wars. Statue figurine en r\u00e9sine Star Wars, collection Classic, \u00e0 l\u2019\u00e9chelle 1\/5\u00e8me ! \u00e9pisode II de la s\u00e9rie Star Wars.","robots":{"index":"index","follow":"follow","max-snippet":"max-snippet:-1","max-image-preview":"max-image-preview:large","max-video-preview":"max-video-preview:-1"},"canonical":"https:\/\/comixburo.com\/en\/product\/padme-amidala-1-5e-star-wars\/","og_locale":"en_GB","og_type":"article","og_title":"Padme Amidala 1\/5e - Star wars - comixburo.com - Statue figurine en r\u00e9sine","og_description":"Padme Amidala Star Wars. Statue figurine en r\u00e9sine Star Wars, collection Classic, \u00e0 l\u2019\u00e9chelle 1\/5\u00e8me ! \u00e9pisode II de la s\u00e9rie Star Wars.","og_url":"https:\/\/comixburo.com\/en\/product\/padme-amidala-1-5e-star-wars\/","og_site_name":"comixburo.com","article_publisher":"https:\/\/www.facebook.com\/comixburo","article_modified_time":"2025-09-26T07:25:07+00:00","og_image":[{"width":674,"height":1000,"url":"https:\/\/comixburo.com\/wp-content\/uploads\/2025\/07\/C130-padme-5eme-attakus-figurine-starwars.webp","type":"image\/webp"}],"twitter_card":"summary_large_image","twitter_misc":{"Estimated reading time":"2 minutes"},"schema":{"@context":"https:\/\/schema.org","@graph":[{"@type":"WebPage","@id":"https:\/\/comixburo.com\/produit\/padme-amidala-1-5e-star-wars\/","url":"https:\/\/comixburo.com\/produit\/padme-amidala-1-5e-star-wars\/","name":"Padme Amidala 1\/5e - Star wars - comixburo.com - Statue figurine en r\u00e9sine","isPartOf":{"@id":"https:\/\/comixburo.com\/#website"},"primaryImageOfPage":{"@id":"https:\/\/comixburo.com\/produit\/padme-amidala-1-5e-star-wars\/#primaryimage"},"image":{"@id":"https:\/\/comixburo.com\/produit\/padme-amidala-1-5e-star-wars\/#primaryimage"},"thumbnailUrl":"https:\/\/comixburo.com\/wp-content\/uploads\/2025\/07\/C130-padme-5eme-attakus-figurine-starwars.webp","datePublished":"2025-07-18T08:13:36+00:00","dateModified":"2025-09-26T07:25:07+00:00","description":"Padme Amidala Star Wars. Statue figurine en r\u00e9sine Star Wars, collection Classic, \u00e0 l\u2019\u00e9chelle 1\/5\u00e8me ! \u00e9pisode II de la s\u00e9rie Star Wars.","breadcrumb":{"@id":"https:\/\/comixburo.com\/produit\/padme-amidala-1-5e-star-wars\/#breadcrumb"},"inLanguage":"en-GB","potentialAction":[{"@type":"ReadAction","target":["https:\/\/comixburo.com\/produit\/padme-amidala-1-5e-star-wars\/"]}]},{"@type":"ImageObject","inLanguage":"en-GB","@id":"https:\/\/comixburo.com\/produit\/padme-amidala-1-5e-star-wars\/#primaryimage","url":"https:\/\/comixburo.com\/wp-content\/uploads\/2025\/07\/C130-padme-5eme-attakus-figurine-starwars.webp","contentUrl":"https:\/\/comixburo.com\/wp-content\/uploads\/2025\/07\/C130-padme-5eme-attakus-figurine-starwars.webp","width":674,"height":1000},{"@type":"BreadcrumbList","@id":"https:\/\/comixburo.com\/produit\/padme-amidala-1-5e-star-wars\/#breadcrumb","itemListElement":[{"@type":"ListItem","position":1,"name":"Home","item":"https:\/\/comixburo.com\/"},{"@type":"ListItem","position":2,"name":"La boutique Comix Buro","item":"https:\/\/comixburo.com\/la-boutique-comix-buro\/"},{"@type":"ListItem","position":3,"name":"Padme Amidala 1\/5e &#8211; Star wars"}]},{"@type":"WebSite","@id":"https:\/\/comixburo.com\/#website","url":"https:\/\/comixburo.com\/","name":"comixburo.com","description":"Cr\u00e9ateur de projets : Sketchbook d&#039;artistes !","publisher":{"@id":"https:\/\/comixburo.com\/#organization"},"alternateName":"Comix Buro","potentialAction":[{"@type":"SearchAction","target":{"@type":"EntryPoint","urlTemplate":"https:\/\/comixburo.com\/?s={search_term_string}"},"query-input":{"@type":"PropertyValueSpecification","valueRequired":true,"valueName":"search_term_string"}}],"inLanguage":"en-GB"},{"@type":"Organization","@id":"https:\/\/comixburo.com\/#organization","name":"comixburo.com","url":"https:\/\/comixburo.com\/","logo":{"@type":"ImageObject","inLanguage":"en-GB","@id":"https:\/\/comixburo.com\/#\/schema\/logo\/image\/","url":"https:\/\/comixburo.com\/wp-content\/uploads\/2025\/04\/logo-cxb-ROND.webp","contentUrl":"https:\/\/comixburo.com\/wp-content\/uploads\/2025\/04\/logo-cxb-ROND.webp","width":200,"height":200,"caption":"comixburo.com"},"image":{"@id":"https:\/\/comixburo.com\/#\/schema\/logo\/image\/"},"sameAs":["https:\/\/www.facebook.com\/comixburo","https:\/\/www.instagram.com\/comixburo\/"]}]}},"jetpack_sharing_enabled":true,"_links":{"self":[{"href":"https:\/\/comixburo.com\/en\/wp-json\/wp\/v2\/product\/20539","targetHints":{"allow":["GET"]}}],"collection":[{"href":"https:\/\/comixburo.com\/en\/wp-json\/wp\/v2\/product"}],"about":[{"href":"https:\/\/comixburo.com\/en\/wp-json\/wp\/v2\/types\/product"}],"replies":[{"embeddable":true,"href":"https:\/\/comixburo.com\/en\/wp-json\/wp\/v2\/comments?post=20539"}],"version-history":[{"count":1,"href":"https:\/\/comixburo.com\/en\/wp-json\/wp\/v2\/product\/20539\/revisions"}],"predecessor-version":[{"id":20717,"href":"https:\/\/comixburo.com\/en\/wp-json\/wp\/v2\/product\/20539\/revisions\/20717"}],"wp:featuredmedia":[{"embeddable":true,"href":"https:\/\/comixburo.com\/en\/wp-json\/wp\/v2\/media\/21214"}],"wp:attachment":[{"href":"https:\/\/comixburo.com\/en\/wp-json\/wp\/v2\/media?parent=20539"}],"wp:term":[{"taxonomy":"product_brand","embeddable":true,"href":"https:\/\/comixburo.com\/en\/wp-json\/wp\/v2\/product_brand?post=20539"},{"taxonomy":"product_cat","embeddable":true,"href":"https:\/\/comixburo.com\/en\/wp-json\/wp\/v2\/product_cat?post=20539"},{"taxonomy":"product_tag","embeddable":true,"href":"https:\/\/comixburo.com\/en\/wp-json\/wp\/v2\/product_tag?post=20539"}],"curies":[{"name":"wp","href":"https:\/\/api.w.org\/{rel}","templated":true}]}}