{"id":20540,"date":"2025-07-18T10:13:36","date_gmt":"2025-07-18T08:13:36","guid":{"rendered":"https:\/\/comixburo.com\/?post_type=product&#038;p=20540"},"modified":"2026-02-14T09:57:30","modified_gmt":"2026-02-14T08:57:30","slug":"boba-fett-3-1-5e-the-book-of-boba-fett","status":"publish","type":"product","link":"https:\/\/comixburo.com\/en\/product\/boba-fett-3-1-5e-the-book-of-boba-fett\/","title":{"rendered":"Boba Fett #3 1\/5e &#8211; The Book of Boba Fett"},"content":{"rendered":"<h1 style=\"text-align: center;\"><strong>Statuette de collection Boba Fett #3 &#8211; The Book of Boba Fett<\/strong><\/h1>\n<h1 style=\"text-align: left;\"><strong>Boba Fett #3<\/strong><\/h1>\n<p>Tirage : 300 ex.<br \/>\nHauteur : 39 cm \/ 15.35&Prime; Tall<br \/>\nMati\u00e8re : R\u00e9sine porcelaine<\/p>\n<ul>\n<li>Plongez dans l\u2019univers <a href=\"https:\/\/attakus.art\/ventes-privees\/\" target=\"_blank\" rel=\"noopener\">Attakus<\/a> de Star Wars et d\u00e9couvrez les statues de la collection Classique, \u00e0 l\u2019\u00e9chelle 1\/5\u1d49\u202f!<\/li>\n<li>Statue en r\u00e9sine du redoutable chasseur de primes, tel qu&rsquo;il appara\u00eet dans la s\u00e9rie qui lui est consacr\u00e9e\u202f!<\/li>\n<li>Collector num\u00e9rot\u00e9 et limit\u00e9 \u00e0 300 exemplaires dans le monde. Sculpt\u00e9 en France et peint \u00e0 la main.<\/li>\n<li>Livr\u00e9e avec son certificat d\u2019authenticit\u00e9 Attakus.<\/li>\n<li>La collection STAR WARS ATTAKUS Classique propose des statues de collection \u00e0 l\u2019\u00e9chelle 1\/5\u1d49.<\/li>\n<li>Elle est sculpt\u00e9e et peinte \u00e0 la main.<\/li>\n<\/ul>\n<p><img loading=\"lazy\" decoding=\"async\" class=\"size-full wp-image-13150 aligncenter\" src=\"https:\/\/attakus.art\/wp-content\/uploads\/2021\/07\/starwars-attakus-mege-menu-attakus-collection-statues-figurines-franco-belge-star-war.jpg\" alt=\"\" width=\"300\" height=\"250\" \/><\/p>","protected":false},"excerpt":{"rendered":"<h1 style=\"text-align: center;\"><strong>Statuette de collection Boba Fett #3 &#8211; The Book of Boba Fett<\/strong><\/h1>\n<h2 style=\"text-align: center;\">D\u00e9sormais seigneur du crime dans la ville de Mos Espa.<\/h2>","protected":false},"featured_media":21170,"comment_status":"closed","ping_status":"closed","template":"","meta":[],"product_brand":[],"product_cat":[123,116,106],"product_tag":[],"class_list":{"0":"post-20540","1":"product","2":"type-product","3":"status-publish","4":"has-post-thumbnail","6":"product_cat-collection-classique-1-5e","7":"product_cat-star-wars","8":"product_cat-statues","10":"first","11":"instock","12":"taxable","13":"shipping-taxable","14":"purchasable","15":"product-type-simple"},"yoast_head":"<!-- This site is optimized with the Yoast SEO plugin v26.9 - https:\/\/yoast.com\/product\/yoast-seo-wordpress\/ -->\n<title>Boba Fett #3 1\/5e - The Book of Boba Fett - comixburo.com - Figurine de collection<\/title>\n<meta name=\"description\" content=\"Boba Fett #3 tel qu&#039;il apparait dans la s\u00e9rie &quot;Le Livre de Boba Fett&quot;. Collector num\u00e9rot\u00e9 et limit\u00e9 ! Collection Classique, \u00e0 l\u2019\u00e9chelle 1\/5\u1d49.\" \/>\n<meta name=\"robots\" content=\"index, follow, max-snippet:-1, max-image-preview:large, max-video-preview:-1\" \/>\n<link rel=\"canonical\" href=\"https:\/\/comixburo.com\/en\/product\/boba-fett-3-1-5e-the-book-of-boba-fett\/\" \/>\n<meta property=\"og:locale\" content=\"en_GB\" \/>\n<meta property=\"og:type\" content=\"article\" \/>\n<meta property=\"og:title\" content=\"Boba Fett #3 1\/5e - The Book of Boba Fett - comixburo.com - Figurine de collection\" \/>\n<meta property=\"og:description\" content=\"Boba Fett #3 tel qu&#039;il apparait dans la s\u00e9rie &quot;Le Livre de Boba Fett&quot;. Collector num\u00e9rot\u00e9 et limit\u00e9 ! Collection Classique, \u00e0 l\u2019\u00e9chelle 1\/5\u1d49.\" \/>\n<meta property=\"og:url\" content=\"https:\/\/comixburo.com\/en\/product\/boba-fett-3-1-5e-the-book-of-boba-fett\/\" \/>\n<meta property=\"og:site_name\" content=\"comixburo.com\" \/>\n<meta property=\"article:publisher\" content=\"https:\/\/www.facebook.com\/comixburo\" \/>\n<meta property=\"article:modified_time\" content=\"2026-02-14T08:57:30+00:00\" \/>\n<meta property=\"og:image\" content=\"https:\/\/comixburo.com\/wp-content\/uploads\/2025\/07\/SW111-boba3-5eme-attakus-figurine-starwars.webp\" \/>\n\t<meta property=\"og:image:width\" content=\"674\" \/>\n\t<meta property=\"og:image:height\" content=\"1000\" \/>\n\t<meta property=\"og:image:type\" content=\"image\/webp\" \/>\n<meta name=\"twitter:card\" content=\"summary_large_image\" \/>\n<meta name=\"twitter:label1\" content=\"Estimated reading time\" \/>\n\t<meta name=\"twitter:data1\" content=\"1 minute\" \/>\n<script type=\"application\/ld+json\" class=\"yoast-schema-graph\">{\"@context\":\"https:\/\/schema.org\",\"@graph\":[{\"@type\":\"WebPage\",\"@id\":\"https:\/\/comixburo.com\/produit\/boba-fett-3-1-5e-the-book-of-boba-fett\/\",\"url\":\"https:\/\/comixburo.com\/produit\/boba-fett-3-1-5e-the-book-of-boba-fett\/\",\"name\":\"Boba Fett #3 1\/5e - The Book of Boba Fett - comixburo.com - Figurine de collection\",\"isPartOf\":{\"@id\":\"https:\/\/comixburo.com\/#website\"},\"primaryImageOfPage\":{\"@id\":\"https:\/\/comixburo.com\/produit\/boba-fett-3-1-5e-the-book-of-boba-fett\/#primaryimage\"},\"image\":{\"@id\":\"https:\/\/comixburo.com\/produit\/boba-fett-3-1-5e-the-book-of-boba-fett\/#primaryimage\"},\"thumbnailUrl\":\"https:\/\/comixburo.com\/wp-content\/uploads\/2025\/07\/SW111-boba3-5eme-attakus-figurine-starwars.webp\",\"datePublished\":\"2025-07-18T08:13:36+00:00\",\"dateModified\":\"2026-02-14T08:57:30+00:00\",\"description\":\"Boba Fett #3 tel qu'il apparait dans la s\u00e9rie \\\"Le Livre de Boba Fett\\\". Collector num\u00e9rot\u00e9 et limit\u00e9 ! Collection Classique, \u00e0 l\u2019\u00e9chelle 1\/5\u1d49.\",\"breadcrumb\":{\"@id\":\"https:\/\/comixburo.com\/produit\/boba-fett-3-1-5e-the-book-of-boba-fett\/#breadcrumb\"},\"inLanguage\":\"en-GB\",\"potentialAction\":[{\"@type\":\"ReadAction\",\"target\":[\"https:\/\/comixburo.com\/produit\/boba-fett-3-1-5e-the-book-of-boba-fett\/\"]}]},{\"@type\":\"ImageObject\",\"inLanguage\":\"en-GB\",\"@id\":\"https:\/\/comixburo.com\/produit\/boba-fett-3-1-5e-the-book-of-boba-fett\/#primaryimage\",\"url\":\"https:\/\/comixburo.com\/wp-content\/uploads\/2025\/07\/SW111-boba3-5eme-attakus-figurine-starwars.webp\",\"contentUrl\":\"https:\/\/comixburo.com\/wp-content\/uploads\/2025\/07\/SW111-boba3-5eme-attakus-figurine-starwars.webp\",\"width\":674,\"height\":1000},{\"@type\":\"BreadcrumbList\",\"@id\":\"https:\/\/comixburo.com\/produit\/boba-fett-3-1-5e-the-book-of-boba-fett\/#breadcrumb\",\"itemListElement\":[{\"@type\":\"ListItem\",\"position\":1,\"name\":\"Home\",\"item\":\"https:\/\/comixburo.com\/\"},{\"@type\":\"ListItem\",\"position\":2,\"name\":\"La boutique Comix Buro\",\"item\":\"https:\/\/comixburo.com\/la-boutique-comix-buro\/\"},{\"@type\":\"ListItem\",\"position\":3,\"name\":\"Boba Fett #3 1\/5e &#8211; The Book of Boba Fett\"}]},{\"@type\":\"WebSite\",\"@id\":\"https:\/\/comixburo.com\/#website\",\"url\":\"https:\/\/comixburo.com\/\",\"name\":\"comixburo.com\",\"description\":\"Cr\u00e9ateur de projets : Sketchbook d&#039;artistes !\",\"publisher\":{\"@id\":\"https:\/\/comixburo.com\/#organization\"},\"alternateName\":\"Comix Buro\",\"potentialAction\":[{\"@type\":\"SearchAction\",\"target\":{\"@type\":\"EntryPoint\",\"urlTemplate\":\"https:\/\/comixburo.com\/?s={search_term_string}\"},\"query-input\":{\"@type\":\"PropertyValueSpecification\",\"valueRequired\":true,\"valueName\":\"search_term_string\"}}],\"inLanguage\":\"en-GB\"},{\"@type\":\"Organization\",\"@id\":\"https:\/\/comixburo.com\/#organization\",\"name\":\"comixburo.com\",\"url\":\"https:\/\/comixburo.com\/\",\"logo\":{\"@type\":\"ImageObject\",\"inLanguage\":\"en-GB\",\"@id\":\"https:\/\/comixburo.com\/#\/schema\/logo\/image\/\",\"url\":\"https:\/\/comixburo.com\/wp-content\/uploads\/2025\/04\/logo-cxb-ROND.webp\",\"contentUrl\":\"https:\/\/comixburo.com\/wp-content\/uploads\/2025\/04\/logo-cxb-ROND.webp\",\"width\":200,\"height\":200,\"caption\":\"comixburo.com\"},\"image\":{\"@id\":\"https:\/\/comixburo.com\/#\/schema\/logo\/image\/\"},\"sameAs\":[\"https:\/\/www.facebook.com\/comixburo\",\"https:\/\/www.instagram.com\/comixburo\/\"]}]}<\/script>\n<!-- \/ Yoast SEO plugin. -->","yoast_head_json":{"title":"Boba Fett #3 1\/5e - The Book of Boba Fett - comixburo.com - Figurine de collection","description":"Boba Fett #3 tel qu'il apparait dans la s\u00e9rie \"Le Livre de Boba Fett\". Collector num\u00e9rot\u00e9 et limit\u00e9 ! Collection Classique, \u00e0 l\u2019\u00e9chelle 1\/5\u1d49.","robots":{"index":"index","follow":"follow","max-snippet":"max-snippet:-1","max-image-preview":"max-image-preview:large","max-video-preview":"max-video-preview:-1"},"canonical":"https:\/\/comixburo.com\/en\/product\/boba-fett-3-1-5e-the-book-of-boba-fett\/","og_locale":"en_GB","og_type":"article","og_title":"Boba Fett #3 1\/5e - The Book of Boba Fett - comixburo.com - Figurine de collection","og_description":"Boba Fett #3 tel qu'il apparait dans la s\u00e9rie \"Le Livre de Boba Fett\". Collector num\u00e9rot\u00e9 et limit\u00e9 ! Collection Classique, \u00e0 l\u2019\u00e9chelle 1\/5\u1d49.","og_url":"https:\/\/comixburo.com\/en\/product\/boba-fett-3-1-5e-the-book-of-boba-fett\/","og_site_name":"comixburo.com","article_publisher":"https:\/\/www.facebook.com\/comixburo","article_modified_time":"2026-02-14T08:57:30+00:00","og_image":[{"width":674,"height":1000,"url":"https:\/\/comixburo.com\/wp-content\/uploads\/2025\/07\/SW111-boba3-5eme-attakus-figurine-starwars.webp","type":"image\/webp"}],"twitter_card":"summary_large_image","twitter_misc":{"Estimated reading time":"1 minute"},"schema":{"@context":"https:\/\/schema.org","@graph":[{"@type":"WebPage","@id":"https:\/\/comixburo.com\/produit\/boba-fett-3-1-5e-the-book-of-boba-fett\/","url":"https:\/\/comixburo.com\/produit\/boba-fett-3-1-5e-the-book-of-boba-fett\/","name":"Boba Fett #3 1\/5e - The Book of Boba Fett - comixburo.com - Figurine de collection","isPartOf":{"@id":"https:\/\/comixburo.com\/#website"},"primaryImageOfPage":{"@id":"https:\/\/comixburo.com\/produit\/boba-fett-3-1-5e-the-book-of-boba-fett\/#primaryimage"},"image":{"@id":"https:\/\/comixburo.com\/produit\/boba-fett-3-1-5e-the-book-of-boba-fett\/#primaryimage"},"thumbnailUrl":"https:\/\/comixburo.com\/wp-content\/uploads\/2025\/07\/SW111-boba3-5eme-attakus-figurine-starwars.webp","datePublished":"2025-07-18T08:13:36+00:00","dateModified":"2026-02-14T08:57:30+00:00","description":"Boba Fett #3 tel qu'il apparait dans la s\u00e9rie \"Le Livre de Boba Fett\". Collector num\u00e9rot\u00e9 et limit\u00e9 ! Collection Classique, \u00e0 l\u2019\u00e9chelle 1\/5\u1d49.","breadcrumb":{"@id":"https:\/\/comixburo.com\/produit\/boba-fett-3-1-5e-the-book-of-boba-fett\/#breadcrumb"},"inLanguage":"en-GB","potentialAction":[{"@type":"ReadAction","target":["https:\/\/comixburo.com\/produit\/boba-fett-3-1-5e-the-book-of-boba-fett\/"]}]},{"@type":"ImageObject","inLanguage":"en-GB","@id":"https:\/\/comixburo.com\/produit\/boba-fett-3-1-5e-the-book-of-boba-fett\/#primaryimage","url":"https:\/\/comixburo.com\/wp-content\/uploads\/2025\/07\/SW111-boba3-5eme-attakus-figurine-starwars.webp","contentUrl":"https:\/\/comixburo.com\/wp-content\/uploads\/2025\/07\/SW111-boba3-5eme-attakus-figurine-starwars.webp","width":674,"height":1000},{"@type":"BreadcrumbList","@id":"https:\/\/comixburo.com\/produit\/boba-fett-3-1-5e-the-book-of-boba-fett\/#breadcrumb","itemListElement":[{"@type":"ListItem","position":1,"name":"Home","item":"https:\/\/comixburo.com\/"},{"@type":"ListItem","position":2,"name":"La boutique Comix Buro","item":"https:\/\/comixburo.com\/la-boutique-comix-buro\/"},{"@type":"ListItem","position":3,"name":"Boba Fett #3 1\/5e &#8211; The Book of Boba Fett"}]},{"@type":"WebSite","@id":"https:\/\/comixburo.com\/#website","url":"https:\/\/comixburo.com\/","name":"comixburo.com","description":"Cr\u00e9ateur de projets : Sketchbook d&#039;artistes !","publisher":{"@id":"https:\/\/comixburo.com\/#organization"},"alternateName":"Comix Buro","potentialAction":[{"@type":"SearchAction","target":{"@type":"EntryPoint","urlTemplate":"https:\/\/comixburo.com\/?s={search_term_string}"},"query-input":{"@type":"PropertyValueSpecification","valueRequired":true,"valueName":"search_term_string"}}],"inLanguage":"en-GB"},{"@type":"Organization","@id":"https:\/\/comixburo.com\/#organization","name":"comixburo.com","url":"https:\/\/comixburo.com\/","logo":{"@type":"ImageObject","inLanguage":"en-GB","@id":"https:\/\/comixburo.com\/#\/schema\/logo\/image\/","url":"https:\/\/comixburo.com\/wp-content\/uploads\/2025\/04\/logo-cxb-ROND.webp","contentUrl":"https:\/\/comixburo.com\/wp-content\/uploads\/2025\/04\/logo-cxb-ROND.webp","width":200,"height":200,"caption":"comixburo.com"},"image":{"@id":"https:\/\/comixburo.com\/#\/schema\/logo\/image\/"},"sameAs":["https:\/\/www.facebook.com\/comixburo","https:\/\/www.instagram.com\/comixburo\/"]}]}},"jetpack_sharing_enabled":true,"_links":{"self":[{"href":"https:\/\/comixburo.com\/en\/wp-json\/wp\/v2\/product\/20540","targetHints":{"allow":["GET"]}}],"collection":[{"href":"https:\/\/comixburo.com\/en\/wp-json\/wp\/v2\/product"}],"about":[{"href":"https:\/\/comixburo.com\/en\/wp-json\/wp\/v2\/types\/product"}],"replies":[{"embeddable":true,"href":"https:\/\/comixburo.com\/en\/wp-json\/wp\/v2\/comments?post=20540"}],"version-history":[{"count":1,"href":"https:\/\/comixburo.com\/en\/wp-json\/wp\/v2\/product\/20540\/revisions"}],"predecessor-version":[{"id":21066,"href":"https:\/\/comixburo.com\/en\/wp-json\/wp\/v2\/product\/20540\/revisions\/21066"}],"wp:featuredmedia":[{"embeddable":true,"href":"https:\/\/comixburo.com\/en\/wp-json\/wp\/v2\/media\/21170"}],"wp:attachment":[{"href":"https:\/\/comixburo.com\/en\/wp-json\/wp\/v2\/media?parent=20540"}],"wp:term":[{"taxonomy":"product_brand","embeddable":true,"href":"https:\/\/comixburo.com\/en\/wp-json\/wp\/v2\/product_brand?post=20540"},{"taxonomy":"product_cat","embeddable":true,"href":"https:\/\/comixburo.com\/en\/wp-json\/wp\/v2\/product_cat?post=20540"},{"taxonomy":"product_tag","embeddable":true,"href":"https:\/\/comixburo.com\/en\/wp-json\/wp\/v2\/product_tag?post=20540"}],"curies":[{"name":"wp","href":"https:\/\/api.w.org\/{rel}","templated":true}]}}