{"id":20544,"date":"2025-07-18T10:13:37","date_gmt":"2025-07-18T08:13:37","guid":{"rendered":"https:\/\/comixburo.com\/?post_type=product&#038;p=20544"},"modified":"2025-09-26T09:24:54","modified_gmt":"2025-09-26T07:24:54","slug":"dark-maul-1-10e-star-wars","status":"publish","type":"product","link":"https:\/\/comixburo.com\/en\/product\/dark-maul-1-10e-star-wars\/","title":{"rendered":"Dark Maul 1\/10e &#8211; Star wars"},"content":{"rendered":"<h3><strong>Figurine de collection Dark Maul &#8211; Stars wars<\/strong><\/h3>\n<p>R\u00e9f: SW028 Dark <a href=\"https:\/\/starwars.fandom.com\/fr\/wiki\/Maul\">Maul<\/a><br \/>\nTirage: 1500 ex.<br \/>\nHauteur: 19,5 cm \/ 7,7&Prime; Tall<br \/>\nMati\u00e8re: R\u00e9sine porcelaine<br \/>\nParution: 2021<\/p>\n<p>&#8211; Plongez dans l&rsquo;univers Attakus de Star Wars et d\u00e9couvrez les statues de la collection Elite, \u00e0 l&rsquo;\u00e9chelle 1\/10\u00e8me !<br \/>\n&#8211; Collector num\u00e9rot\u00e9 et limit\u00e9 \u00e0 1500 exemplaires dans le monde. Sculpt\u00e9 en France et peint \u00e0 la main.<br \/>\n&#8211; Livr\u00e9e avec son certificat d&rsquo;authenticit\u00e9 Attakus.<br \/>\n&#8211; Collection phare chez Attakus, la collection STAR WARS ELITE propose des statues de collection \u00e0 l&rsquo;\u00e9chelle 1\/10\u00e8me, soit une vingtaine\u00a0 de centim\u00e8tres pour la majorit\u00e9 des personnages.<br \/>\n&#8211; Elles sont r\u00e9alis\u00e9es en r\u00e9sine et peintes \u00e0 la main.<\/p>\n<p>D\u00e9couvrez notre <em><strong><a href=\"https:\/\/attakus.art\/2022\/02\/03\/attakus-star-wars-elite-dark-maul-presentation\/\">note de blog<\/a> <\/strong> <\/em>r\u00e9dig\u00e9e pour la sortie de la pi\u00e8ce !<\/p>\n<p>Maul est un Zabrak n\u00e9 sur la plan\u00e8te Dathomir. Il est un des fils de M\u00e8re Talzin, la leader spirituelle des soeurs de la nuit, autrement connues comme les Sorci\u00e8res de Dathomir. Dark Sidious le choisit pour devenir sont disciple, le seigneur sith sentant en lui des aptitudes pr\u00e9coces concernant la Force. Sidious fait na\u00eetre et entretien en lui une haine acharn\u00e9e des Jedi, afin de mener l&rsquo;ordre Jedi \u00e0 sa chute durant la guerre des clones.Pr\u00e9sum\u00e9 mort apr\u00e8s son duel avec Obi-wan Kenobi, le Zabrak se retire au fin fond de la galaxie o\u00f9 il est retrouv\u00e9 dans un \u00e9tat proche de la mort par un de ses fr\u00e8res, Savage Opress, qui l&rsquo;am\u00e8nera sur Dathomir afin qu&rsquo;on lui greffe des jambes cybern\u00e9tiques gr\u00e2ce \u00e0 la magie de Talzin.<br \/>\nD\u00e8s lors, il devient un seigneur du crime \u00e0 la t\u00eate d&rsquo;une organisation qu&rsquo;il cr\u00e9e: Le collectif des ombres, et s&rsquo;allit avec divers clans comme les Hutts ou le syndicat Pyke&#8230;<\/p>\n<p><img loading=\"lazy\" decoding=\"async\" class=\"size-full wp-image-13150 aligncenter\" src=\"https:\/\/attakus.art\/wp-content\/uploads\/2021\/07\/starwars-attakus-mege-menu-attakus-collection-statues-figurines-franco-belge-star-war.jpg\" alt=\"\" width=\"300\" height=\"250\" \/><\/p>\n<div id=\"sconnect-is-installed\" style=\"display: none;\">2.12.0.0<\/div>","protected":false},"excerpt":{"rendered":"<p align=\"center\"><em><strong>Collection Elite 1\/10<sup>e<\/sup><\/strong> <\/em><\/p>\n<p>Maul est un Zabrak n\u00e9 sur la plan\u00e8te Dathomir. Il est un des fils de M\u00e8re Talzin, la leader spirituelle des soeurs de la nuit, autrement connues comme les Sorci\u00e8res de Dathomir. Peu de temps avant la guerre des clones, il est s\u00e9lectionn\u00e9 par Dark Sidious pour devenir sont disciple, le seigneur sith sentant en lui des aptitudes pr\u00e9coces concernant la Force. Sidious fait na\u00eetre et entretien en lui une haine acharn\u00e9e des Jedi, afin de mener l&rsquo;ordre Jedi \u00e0 sa chute durant la guerre des clones.Pr\u00e9sum\u00e9 mort apr\u00e8s son duel avec Obi-wan Kenobi, le Zabrak se retire au fin fond de la galaxie o\u00f9 il est retrouv\u00e9 dans un \u00e9tat proche de la mort par un de ses fr\u00e8res, Savage Opress, qui l&rsquo;am\u00e8nera sur Dathomir afin qu&rsquo;on lui greffe des jambes cybern\u00e9tiques gr\u00e2ce \u00e0 la magie de Talzin. D\u00e8s lors, il devient un seigneur du crime \u00e0 la t\u00eate d&rsquo;une organisation qu&rsquo;il cr\u00e9e: Le collectif des ombres, et s&rsquo;allit avec divers clans comme les Hutts ou le syndicat Pyke&#8230; <span style=\"color: #ffffff;\">darth maul<\/span><\/p>\n<div id=\"sconnect-is-installed\" style=\"display: none;\">2.12.0.0<\/div>","protected":false},"featured_media":21198,"comment_status":"closed","ping_status":"closed","template":"","meta":[],"product_brand":[],"product_cat":[117,116,106],"product_tag":[147],"class_list":{"0":"post-20544","1":"product","2":"type-product","3":"status-publish","4":"has-post-thumbnail","6":"product_cat-collection-elite-1-10e","7":"product_cat-star-wars","8":"product_cat-statues","9":"product_tag-147","11":"first","12":"instock","13":"taxable","14":"shipping-taxable","15":"purchasable","16":"product-type-simple"},"yoast_head":"<!-- This site is optimized with the Yoast SEO plugin v26.9 - https:\/\/yoast.com\/product\/yoast-seo-wordpress\/ -->\n<title>Dark Maul 1\/10e - Star wars - comixburo.com - Figurine de collection<\/title>\n<meta name=\"description\" content=\"Figurine de Dark Maul. Attakus Star Wars collection Elite. Edition limit\u00e9e et num\u00e9rot\u00e9e, livr\u00e9e avec son certificat d\u2019authenticit\u00e9 sign\u00e9\" \/>\n<meta name=\"robots\" content=\"index, follow, max-snippet:-1, max-image-preview:large, max-video-preview:-1\" \/>\n<link rel=\"canonical\" href=\"https:\/\/comixburo.com\/en\/product\/dark-maul-1-10e-star-wars\/\" \/>\n<meta property=\"og:locale\" content=\"en_GB\" \/>\n<meta property=\"og:type\" content=\"article\" \/>\n<meta property=\"og:title\" content=\"Dark Maul 1\/10e - Star wars - comixburo.com - Figurine de collection\" \/>\n<meta property=\"og:description\" content=\"Figurine de Dark Maul. Attakus Star Wars collection Elite. Edition limit\u00e9e et num\u00e9rot\u00e9e, livr\u00e9e avec son certificat d\u2019authenticit\u00e9 sign\u00e9\" \/>\n<meta property=\"og:url\" content=\"https:\/\/comixburo.com\/en\/product\/dark-maul-1-10e-star-wars\/\" \/>\n<meta property=\"og:site_name\" content=\"comixburo.com\" \/>\n<meta property=\"article:publisher\" content=\"https:\/\/www.facebook.com\/comixburo\" \/>\n<meta property=\"article:modified_time\" content=\"2025-09-26T07:24:54+00:00\" \/>\n<meta property=\"og:image\" content=\"https:\/\/comixburo.com\/wp-content\/uploads\/2025\/07\/sw028-darth-maul-10eme-attakus-figurine-starwars.webp\" \/>\n\t<meta property=\"og:image:width\" content=\"674\" \/>\n\t<meta property=\"og:image:height\" content=\"1000\" \/>\n\t<meta property=\"og:image:type\" content=\"image\/webp\" \/>\n<meta name=\"twitter:card\" content=\"summary_large_image\" \/>\n<meta name=\"twitter:label1\" content=\"Estimated reading time\" \/>\n\t<meta name=\"twitter:data1\" content=\"2 minutes\" \/>\n<script type=\"application\/ld+json\" class=\"yoast-schema-graph\">{\"@context\":\"https:\/\/schema.org\",\"@graph\":[{\"@type\":\"WebPage\",\"@id\":\"https:\/\/comixburo.com\/produit\/dark-maul-1-10e-star-wars\/\",\"url\":\"https:\/\/comixburo.com\/produit\/dark-maul-1-10e-star-wars\/\",\"name\":\"Dark Maul 1\/10e - Star wars - comixburo.com - Figurine de collection\",\"isPartOf\":{\"@id\":\"https:\/\/comixburo.com\/#website\"},\"primaryImageOfPage\":{\"@id\":\"https:\/\/comixburo.com\/produit\/dark-maul-1-10e-star-wars\/#primaryimage\"},\"image\":{\"@id\":\"https:\/\/comixburo.com\/produit\/dark-maul-1-10e-star-wars\/#primaryimage\"},\"thumbnailUrl\":\"https:\/\/comixburo.com\/wp-content\/uploads\/2025\/07\/sw028-darth-maul-10eme-attakus-figurine-starwars.webp\",\"datePublished\":\"2025-07-18T08:13:37+00:00\",\"dateModified\":\"2025-09-26T07:24:54+00:00\",\"description\":\"Figurine de Dark Maul. Attakus Star Wars collection Elite. Edition limit\u00e9e et num\u00e9rot\u00e9e, livr\u00e9e avec son certificat d\u2019authenticit\u00e9 sign\u00e9\",\"breadcrumb\":{\"@id\":\"https:\/\/comixburo.com\/produit\/dark-maul-1-10e-star-wars\/#breadcrumb\"},\"inLanguage\":\"en-GB\",\"potentialAction\":[{\"@type\":\"ReadAction\",\"target\":[\"https:\/\/comixburo.com\/produit\/dark-maul-1-10e-star-wars\/\"]}]},{\"@type\":\"ImageObject\",\"inLanguage\":\"en-GB\",\"@id\":\"https:\/\/comixburo.com\/produit\/dark-maul-1-10e-star-wars\/#primaryimage\",\"url\":\"https:\/\/comixburo.com\/wp-content\/uploads\/2025\/07\/sw028-darth-maul-10eme-attakus-figurine-starwars.webp\",\"contentUrl\":\"https:\/\/comixburo.com\/wp-content\/uploads\/2025\/07\/sw028-darth-maul-10eme-attakus-figurine-starwars.webp\",\"width\":674,\"height\":1000},{\"@type\":\"BreadcrumbList\",\"@id\":\"https:\/\/comixburo.com\/produit\/dark-maul-1-10e-star-wars\/#breadcrumb\",\"itemListElement\":[{\"@type\":\"ListItem\",\"position\":1,\"name\":\"Home\",\"item\":\"https:\/\/comixburo.com\/\"},{\"@type\":\"ListItem\",\"position\":2,\"name\":\"La boutique Comix Buro\",\"item\":\"https:\/\/comixburo.com\/la-boutique-comix-buro\/\"},{\"@type\":\"ListItem\",\"position\":3,\"name\":\"Dark Maul 1\/10e &#8211; Star wars\"}]},{\"@type\":\"WebSite\",\"@id\":\"https:\/\/comixburo.com\/#website\",\"url\":\"https:\/\/comixburo.com\/\",\"name\":\"comixburo.com\",\"description\":\"Cr\u00e9ateur de projets : Sketchbook d&#039;artistes !\",\"publisher\":{\"@id\":\"https:\/\/comixburo.com\/#organization\"},\"alternateName\":\"Comix Buro\",\"potentialAction\":[{\"@type\":\"SearchAction\",\"target\":{\"@type\":\"EntryPoint\",\"urlTemplate\":\"https:\/\/comixburo.com\/?s={search_term_string}\"},\"query-input\":{\"@type\":\"PropertyValueSpecification\",\"valueRequired\":true,\"valueName\":\"search_term_string\"}}],\"inLanguage\":\"en-GB\"},{\"@type\":\"Organization\",\"@id\":\"https:\/\/comixburo.com\/#organization\",\"name\":\"comixburo.com\",\"url\":\"https:\/\/comixburo.com\/\",\"logo\":{\"@type\":\"ImageObject\",\"inLanguage\":\"en-GB\",\"@id\":\"https:\/\/comixburo.com\/#\/schema\/logo\/image\/\",\"url\":\"https:\/\/comixburo.com\/wp-content\/uploads\/2025\/04\/logo-cxb-ROND.webp\",\"contentUrl\":\"https:\/\/comixburo.com\/wp-content\/uploads\/2025\/04\/logo-cxb-ROND.webp\",\"width\":200,\"height\":200,\"caption\":\"comixburo.com\"},\"image\":{\"@id\":\"https:\/\/comixburo.com\/#\/schema\/logo\/image\/\"},\"sameAs\":[\"https:\/\/www.facebook.com\/comixburo\",\"https:\/\/www.instagram.com\/comixburo\/\"]}]}<\/script>\n<!-- \/ Yoast SEO plugin. -->","yoast_head_json":{"title":"Dark Maul 1\/10e - Star wars - comixburo.com - Figurine de collection","description":"Figurine de Dark Maul. Attakus Star Wars collection Elite. Edition limit\u00e9e et num\u00e9rot\u00e9e, livr\u00e9e avec son certificat d\u2019authenticit\u00e9 sign\u00e9","robots":{"index":"index","follow":"follow","max-snippet":"max-snippet:-1","max-image-preview":"max-image-preview:large","max-video-preview":"max-video-preview:-1"},"canonical":"https:\/\/comixburo.com\/en\/product\/dark-maul-1-10e-star-wars\/","og_locale":"en_GB","og_type":"article","og_title":"Dark Maul 1\/10e - Star wars - comixburo.com - Figurine de collection","og_description":"Figurine de Dark Maul. Attakus Star Wars collection Elite. Edition limit\u00e9e et num\u00e9rot\u00e9e, livr\u00e9e avec son certificat d\u2019authenticit\u00e9 sign\u00e9","og_url":"https:\/\/comixburo.com\/en\/product\/dark-maul-1-10e-star-wars\/","og_site_name":"comixburo.com","article_publisher":"https:\/\/www.facebook.com\/comixburo","article_modified_time":"2025-09-26T07:24:54+00:00","og_image":[{"width":674,"height":1000,"url":"https:\/\/comixburo.com\/wp-content\/uploads\/2025\/07\/sw028-darth-maul-10eme-attakus-figurine-starwars.webp","type":"image\/webp"}],"twitter_card":"summary_large_image","twitter_misc":{"Estimated reading time":"2 minutes"},"schema":{"@context":"https:\/\/schema.org","@graph":[{"@type":"WebPage","@id":"https:\/\/comixburo.com\/produit\/dark-maul-1-10e-star-wars\/","url":"https:\/\/comixburo.com\/produit\/dark-maul-1-10e-star-wars\/","name":"Dark Maul 1\/10e - Star wars - comixburo.com - Figurine de collection","isPartOf":{"@id":"https:\/\/comixburo.com\/#website"},"primaryImageOfPage":{"@id":"https:\/\/comixburo.com\/produit\/dark-maul-1-10e-star-wars\/#primaryimage"},"image":{"@id":"https:\/\/comixburo.com\/produit\/dark-maul-1-10e-star-wars\/#primaryimage"},"thumbnailUrl":"https:\/\/comixburo.com\/wp-content\/uploads\/2025\/07\/sw028-darth-maul-10eme-attakus-figurine-starwars.webp","datePublished":"2025-07-18T08:13:37+00:00","dateModified":"2025-09-26T07:24:54+00:00","description":"Figurine de Dark Maul. Attakus Star Wars collection Elite. Edition limit\u00e9e et num\u00e9rot\u00e9e, livr\u00e9e avec son certificat d\u2019authenticit\u00e9 sign\u00e9","breadcrumb":{"@id":"https:\/\/comixburo.com\/produit\/dark-maul-1-10e-star-wars\/#breadcrumb"},"inLanguage":"en-GB","potentialAction":[{"@type":"ReadAction","target":["https:\/\/comixburo.com\/produit\/dark-maul-1-10e-star-wars\/"]}]},{"@type":"ImageObject","inLanguage":"en-GB","@id":"https:\/\/comixburo.com\/produit\/dark-maul-1-10e-star-wars\/#primaryimage","url":"https:\/\/comixburo.com\/wp-content\/uploads\/2025\/07\/sw028-darth-maul-10eme-attakus-figurine-starwars.webp","contentUrl":"https:\/\/comixburo.com\/wp-content\/uploads\/2025\/07\/sw028-darth-maul-10eme-attakus-figurine-starwars.webp","width":674,"height":1000},{"@type":"BreadcrumbList","@id":"https:\/\/comixburo.com\/produit\/dark-maul-1-10e-star-wars\/#breadcrumb","itemListElement":[{"@type":"ListItem","position":1,"name":"Home","item":"https:\/\/comixburo.com\/"},{"@type":"ListItem","position":2,"name":"La boutique Comix Buro","item":"https:\/\/comixburo.com\/la-boutique-comix-buro\/"},{"@type":"ListItem","position":3,"name":"Dark Maul 1\/10e &#8211; Star wars"}]},{"@type":"WebSite","@id":"https:\/\/comixburo.com\/#website","url":"https:\/\/comixburo.com\/","name":"comixburo.com","description":"Cr\u00e9ateur de projets : Sketchbook d&#039;artistes !","publisher":{"@id":"https:\/\/comixburo.com\/#organization"},"alternateName":"Comix Buro","potentialAction":[{"@type":"SearchAction","target":{"@type":"EntryPoint","urlTemplate":"https:\/\/comixburo.com\/?s={search_term_string}"},"query-input":{"@type":"PropertyValueSpecification","valueRequired":true,"valueName":"search_term_string"}}],"inLanguage":"en-GB"},{"@type":"Organization","@id":"https:\/\/comixburo.com\/#organization","name":"comixburo.com","url":"https:\/\/comixburo.com\/","logo":{"@type":"ImageObject","inLanguage":"en-GB","@id":"https:\/\/comixburo.com\/#\/schema\/logo\/image\/","url":"https:\/\/comixburo.com\/wp-content\/uploads\/2025\/04\/logo-cxb-ROND.webp","contentUrl":"https:\/\/comixburo.com\/wp-content\/uploads\/2025\/04\/logo-cxb-ROND.webp","width":200,"height":200,"caption":"comixburo.com"},"image":{"@id":"https:\/\/comixburo.com\/#\/schema\/logo\/image\/"},"sameAs":["https:\/\/www.facebook.com\/comixburo","https:\/\/www.instagram.com\/comixburo\/"]}]}},"jetpack_sharing_enabled":true,"_links":{"self":[{"href":"https:\/\/comixburo.com\/en\/wp-json\/wp\/v2\/product\/20544","targetHints":{"allow":["GET"]}}],"collection":[{"href":"https:\/\/comixburo.com\/en\/wp-json\/wp\/v2\/product"}],"about":[{"href":"https:\/\/comixburo.com\/en\/wp-json\/wp\/v2\/types\/product"}],"replies":[{"embeddable":true,"href":"https:\/\/comixburo.com\/en\/wp-json\/wp\/v2\/comments?post=20544"}],"version-history":[{"count":1,"href":"https:\/\/comixburo.com\/en\/wp-json\/wp\/v2\/product\/20544\/revisions"}],"predecessor-version":[{"id":20748,"href":"https:\/\/comixburo.com\/en\/wp-json\/wp\/v2\/product\/20544\/revisions\/20748"}],"wp:featuredmedia":[{"embeddable":true,"href":"https:\/\/comixburo.com\/en\/wp-json\/wp\/v2\/media\/21198"}],"wp:attachment":[{"href":"https:\/\/comixburo.com\/en\/wp-json\/wp\/v2\/media?parent=20544"}],"wp:term":[{"taxonomy":"product_brand","embeddable":true,"href":"https:\/\/comixburo.com\/en\/wp-json\/wp\/v2\/product_brand?post=20544"},{"taxonomy":"product_cat","embeddable":true,"href":"https:\/\/comixburo.com\/en\/wp-json\/wp\/v2\/product_cat?post=20544"},{"taxonomy":"product_tag","embeddable":true,"href":"https:\/\/comixburo.com\/en\/wp-json\/wp\/v2\/product_tag?post=20544"}],"curies":[{"name":"wp","href":"https:\/\/api.w.org\/{rel}","templated":true}]}}