{"id":20667,"date":"2025-07-18T10:16:51","date_gmt":"2025-07-18T08:16:51","guid":{"rendered":"https:\/\/comixburo.com\/?post_type=product&#038;p=20667"},"modified":"2025-09-26T09:24:33","modified_gmt":"2025-09-26T07:24:33","slug":"din-djarin-the-mandalorian-1-10e-the-mandalorian","status":"publish","type":"product","link":"https:\/\/comixburo.com\/en\/product\/din-djarin-the-mandalorian-1-10e-the-mandalorian\/","title":{"rendered":"Din Djarin, The Mandalorian 1\/10e &#8211; The Mandalorian"},"content":{"rendered":"<h3><strong>Statuette de collection de Din Djarin &#8211; The Mandalorian &#8211; Univers Star Wars<\/strong><\/h3>\n<p>The Mandalori<a href=\"https:\/\/www.ecranlarge.com\/series\/news\/1471697-the-mandalorian-saison-3-la-serie-est-elle-en-train-de-rattraper-les-pires-erreurs-de-la-postlogie\">a<\/a>n, Din Djarin<\/p>\n<p>Tirage: 999 ex.<br \/>\nHauteur: 20,5 cm \/ 7.9&Prime; Tall<br \/>\nMati\u00e8re: r\u00e9sine<br \/>\nParution : Septembre 2023<\/p>\n<p>&#8211; Plongez dans l&rsquo;univers Attakus de Star Wars et d\u00e9couvrez les statues de la collection Elite, \u00e0 l&rsquo;\u00e9chelle 1\/10\u00e8me !<br \/>\n&#8211; Collector num\u00e9rot\u00e9 et limit\u00e9 \u00e0 999 exemplaires dans le monde. Sculpt\u00e9 en France et peint \u00e0 la main. Livr\u00e9 avec son certificat d&rsquo;authenticit\u00e9 Attakus.<br \/>\n&#8211; Collection phare chez Attakus, la collection STAR WARS ELITE propose des statues de collection \u00e0 l&rsquo;\u00e9chelle 1\/10\u00e8me, soit une vingtaine de centim\u00e8tres pour la majorit\u00e9 des personnages.<br \/>\n&#8211; Elles sont r\u00e9alis\u00e9es en r\u00e9sine et peintes \u00e0 la main.<\/p>\n<p>Figurine d\u00e9voil\u00e9e \u00e0 l&rsquo;occasion de l&rsquo;<a href=\"https:\/\/attakus.art\/2023\/02\/24\/programmes-des-sorties-attakus-2023-nouveautes\/\"><strong>ATTAKUS EVENT #1<\/strong><\/a><br \/>\n<img loading=\"lazy\" decoding=\"async\" class=\"arrondie aligncenter wp-image-13150 size-full\" src=\"https:\/\/attakus.art\/wp-content\/uploads\/2021\/07\/starwars-attakus-mege-menu-attakus-collection-statues-figurines-franco-belge-star-war.jpg\" alt=\"\" width=\"300\" height=\"250\" \/><\/p>","protected":false},"excerpt":{"rendered":"<p align=\"center\"><em><strong>Collection Elite 1\/10e.<\/strong> <\/em><\/p>\n<p>Din Djarin, \u00ab\u00a0The Mandalorian\u00a0\u00bb est un chasseur de prime, vivant \u00e0 l\u2019\u00e9poque de la chute de l\u2019Empire et de la Nouvelle<br \/>\nR\u00e9publique. Trouv\u00e9 par des Mandaloriens lorsqu\u2019il \u00e9tait enfant, il fut recueilli et \u00e9lev\u00e9 selon le code de ces guerriers vivant sur Mandalore, avant de devenir chasseur de primes apr\u00e8s la p\u00e9riode imp\u00e9riale. Comme tout guerrier mandalorien, il est reconnaissable \u00e0 son casque caract\u00e9ristique,<br \/>\nainsi qu\u2019\u00e0 son armure \u00e9volutive compos\u00e9e de prime abord d\u2019un agglom\u00e9rat de pi\u00e8ces d\u2019armure remplac\u00e9 ensuite par une nouvelle armure et une cuirasse en beskar.. Chasseur de primes \u00e9m\u00e9rite, respect\u00e9 et appr\u00e9ci\u00e9, il demeure plut\u00f4t solitaire et sait par-dessus tout garder son calme dans les situations difficiles et dangereuses.<\/p>\n<p style=\"color: #ffffff;\">mando manda le mandalorien le mandalorian grogu the child<a href=\"https:\/\/attakus.art\/produit\/disney-lucas-attakus-star-wars-the-mandalorian-1-5e-classic\/\" target=\"_blank\" rel=\"noopener\"><em>Version 1\/5e disponible <strong>ICI<\/strong><\/em><\/a><\/p>","protected":false},"featured_media":21184,"comment_status":"closed","ping_status":"closed","template":"","meta":[],"product_brand":[],"product_cat":[117,116,106],"product_tag":[176],"class_list":{"0":"post-20667","1":"product","2":"type-product","3":"status-publish","4":"has-post-thumbnail","6":"product_cat-collection-elite-1-10e","7":"product_cat-star-wars","8":"product_cat-statues","9":"product_tag-176","11":"first","12":"instock","13":"taxable","14":"shipping-taxable","15":"purchasable","16":"product-type-simple"},"yoast_head":"<!-- This site is optimized with the Yoast SEO plugin v26.9 - https:\/\/yoast.com\/product\/yoast-seo-wordpress\/ -->\n<title>The Mandalorian, Din Djarin - comixburo.com - Statue de collection<\/title>\n<meta name=\"description\" content=\"Figurine de Din Djarin &quot;The Mandalorian&quot; tel qu&#039;il appara\u00eet dans la s\u00e9rie \u00e9ponyme, sculpt\u00e9 par Attakus dans sa collection Star Wars Elite.\" \/>\n<meta name=\"robots\" content=\"index, follow, max-snippet:-1, max-image-preview:large, max-video-preview:-1\" \/>\n<link rel=\"canonical\" href=\"https:\/\/comixburo.com\/en\/product\/din-djarin-the-mandalorian-1-10e-the-mandalorian\/\" \/>\n<meta property=\"og:locale\" content=\"en_GB\" \/>\n<meta property=\"og:type\" content=\"article\" \/>\n<meta property=\"og:title\" content=\"The Mandalorian, Din Djarin - comixburo.com - Statue de collection\" \/>\n<meta property=\"og:description\" content=\"Figurine de Din Djarin &quot;The Mandalorian&quot; tel qu&#039;il appara\u00eet dans la s\u00e9rie \u00e9ponyme, sculpt\u00e9 par Attakus dans sa collection Star Wars Elite.\" \/>\n<meta property=\"og:url\" content=\"https:\/\/comixburo.com\/en\/product\/din-djarin-the-mandalorian-1-10e-the-mandalorian\/\" \/>\n<meta property=\"og:site_name\" content=\"comixburo.com\" \/>\n<meta property=\"article:publisher\" content=\"https:\/\/www.facebook.com\/comixburo\" \/>\n<meta property=\"article:modified_time\" content=\"2025-09-26T07:24:33+00:00\" \/>\n<meta property=\"og:image\" content=\"https:\/\/comixburo.com\/wp-content\/uploads\/2025\/07\/sw064-mandalorian-5eme-attakus-figurine-starwars.webp\" \/>\n\t<meta property=\"og:image:width\" content=\"674\" \/>\n\t<meta property=\"og:image:height\" content=\"1000\" \/>\n\t<meta property=\"og:image:type\" content=\"image\/webp\" \/>\n<meta name=\"twitter:card\" content=\"summary_large_image\" \/>\n<meta name=\"twitter:label1\" content=\"Estimated reading time\" \/>\n\t<meta name=\"twitter:data1\" content=\"2 minutes\" \/>\n<script type=\"application\/ld+json\" class=\"yoast-schema-graph\">{\"@context\":\"https:\/\/schema.org\",\"@graph\":[{\"@type\":\"WebPage\",\"@id\":\"https:\/\/comixburo.com\/produit\/din-djarin-the-mandalorian-1-10e-the-mandalorian\/\",\"url\":\"https:\/\/comixburo.com\/produit\/din-djarin-the-mandalorian-1-10e-the-mandalorian\/\",\"name\":\"The Mandalorian, Din Djarin - comixburo.com - Statue de collection\",\"isPartOf\":{\"@id\":\"https:\/\/comixburo.com\/#website\"},\"primaryImageOfPage\":{\"@id\":\"https:\/\/comixburo.com\/produit\/din-djarin-the-mandalorian-1-10e-the-mandalorian\/#primaryimage\"},\"image\":{\"@id\":\"https:\/\/comixburo.com\/produit\/din-djarin-the-mandalorian-1-10e-the-mandalorian\/#primaryimage\"},\"thumbnailUrl\":\"https:\/\/comixburo.com\/wp-content\/uploads\/2025\/07\/sw064-mandalorian-5eme-attakus-figurine-starwars.webp\",\"datePublished\":\"2025-07-18T08:16:51+00:00\",\"dateModified\":\"2025-09-26T07:24:33+00:00\",\"description\":\"Figurine de Din Djarin \\\"The Mandalorian\\\" tel qu'il appara\u00eet dans la s\u00e9rie \u00e9ponyme, sculpt\u00e9 par Attakus dans sa collection Star Wars Elite.\",\"breadcrumb\":{\"@id\":\"https:\/\/comixburo.com\/produit\/din-djarin-the-mandalorian-1-10e-the-mandalorian\/#breadcrumb\"},\"inLanguage\":\"en-GB\",\"potentialAction\":[{\"@type\":\"ReadAction\",\"target\":[\"https:\/\/comixburo.com\/produit\/din-djarin-the-mandalorian-1-10e-the-mandalorian\/\"]}]},{\"@type\":\"ImageObject\",\"inLanguage\":\"en-GB\",\"@id\":\"https:\/\/comixburo.com\/produit\/din-djarin-the-mandalorian-1-10e-the-mandalorian\/#primaryimage\",\"url\":\"https:\/\/comixburo.com\/wp-content\/uploads\/2025\/07\/sw064-mandalorian-5eme-attakus-figurine-starwars.webp\",\"contentUrl\":\"https:\/\/comixburo.com\/wp-content\/uploads\/2025\/07\/sw064-mandalorian-5eme-attakus-figurine-starwars.webp\",\"width\":674,\"height\":1000},{\"@type\":\"BreadcrumbList\",\"@id\":\"https:\/\/comixburo.com\/produit\/din-djarin-the-mandalorian-1-10e-the-mandalorian\/#breadcrumb\",\"itemListElement\":[{\"@type\":\"ListItem\",\"position\":1,\"name\":\"Home\",\"item\":\"https:\/\/comixburo.com\/\"},{\"@type\":\"ListItem\",\"position\":2,\"name\":\"La boutique Comix Buro\",\"item\":\"https:\/\/comixburo.com\/la-boutique-comix-buro\/\"},{\"@type\":\"ListItem\",\"position\":3,\"name\":\"Din Djarin, The Mandalorian 1\/10e &#8211; The Mandalorian\"}]},{\"@type\":\"WebSite\",\"@id\":\"https:\/\/comixburo.com\/#website\",\"url\":\"https:\/\/comixburo.com\/\",\"name\":\"comixburo.com\",\"description\":\"Cr\u00e9ateur de projets : Sketchbook d&#039;artistes !\",\"publisher\":{\"@id\":\"https:\/\/comixburo.com\/#organization\"},\"alternateName\":\"Comix Buro\",\"potentialAction\":[{\"@type\":\"SearchAction\",\"target\":{\"@type\":\"EntryPoint\",\"urlTemplate\":\"https:\/\/comixburo.com\/?s={search_term_string}\"},\"query-input\":{\"@type\":\"PropertyValueSpecification\",\"valueRequired\":true,\"valueName\":\"search_term_string\"}}],\"inLanguage\":\"en-GB\"},{\"@type\":\"Organization\",\"@id\":\"https:\/\/comixburo.com\/#organization\",\"name\":\"comixburo.com\",\"url\":\"https:\/\/comixburo.com\/\",\"logo\":{\"@type\":\"ImageObject\",\"inLanguage\":\"en-GB\",\"@id\":\"https:\/\/comixburo.com\/#\/schema\/logo\/image\/\",\"url\":\"https:\/\/comixburo.com\/wp-content\/uploads\/2025\/04\/logo-cxb-ROND.webp\",\"contentUrl\":\"https:\/\/comixburo.com\/wp-content\/uploads\/2025\/04\/logo-cxb-ROND.webp\",\"width\":200,\"height\":200,\"caption\":\"comixburo.com\"},\"image\":{\"@id\":\"https:\/\/comixburo.com\/#\/schema\/logo\/image\/\"},\"sameAs\":[\"https:\/\/www.facebook.com\/comixburo\",\"https:\/\/www.instagram.com\/comixburo\/\"]}]}<\/script>\n<!-- \/ Yoast SEO plugin. -->","yoast_head_json":{"title":"The Mandalorian, Din Djarin - comixburo.com - Statue de collection","description":"Figurine de Din Djarin \"The Mandalorian\" tel qu'il appara\u00eet dans la s\u00e9rie \u00e9ponyme, sculpt\u00e9 par Attakus dans sa collection Star Wars Elite.","robots":{"index":"index","follow":"follow","max-snippet":"max-snippet:-1","max-image-preview":"max-image-preview:large","max-video-preview":"max-video-preview:-1"},"canonical":"https:\/\/comixburo.com\/en\/product\/din-djarin-the-mandalorian-1-10e-the-mandalorian\/","og_locale":"en_GB","og_type":"article","og_title":"The Mandalorian, Din Djarin - comixburo.com - Statue de collection","og_description":"Figurine de Din Djarin \"The Mandalorian\" tel qu'il appara\u00eet dans la s\u00e9rie \u00e9ponyme, sculpt\u00e9 par Attakus dans sa collection Star Wars Elite.","og_url":"https:\/\/comixburo.com\/en\/product\/din-djarin-the-mandalorian-1-10e-the-mandalorian\/","og_site_name":"comixburo.com","article_publisher":"https:\/\/www.facebook.com\/comixburo","article_modified_time":"2025-09-26T07:24:33+00:00","og_image":[{"width":674,"height":1000,"url":"https:\/\/comixburo.com\/wp-content\/uploads\/2025\/07\/sw064-mandalorian-5eme-attakus-figurine-starwars.webp","type":"image\/webp"}],"twitter_card":"summary_large_image","twitter_misc":{"Estimated reading time":"2 minutes"},"schema":{"@context":"https:\/\/schema.org","@graph":[{"@type":"WebPage","@id":"https:\/\/comixburo.com\/produit\/din-djarin-the-mandalorian-1-10e-the-mandalorian\/","url":"https:\/\/comixburo.com\/produit\/din-djarin-the-mandalorian-1-10e-the-mandalorian\/","name":"The Mandalorian, Din Djarin - comixburo.com - Statue de collection","isPartOf":{"@id":"https:\/\/comixburo.com\/#website"},"primaryImageOfPage":{"@id":"https:\/\/comixburo.com\/produit\/din-djarin-the-mandalorian-1-10e-the-mandalorian\/#primaryimage"},"image":{"@id":"https:\/\/comixburo.com\/produit\/din-djarin-the-mandalorian-1-10e-the-mandalorian\/#primaryimage"},"thumbnailUrl":"https:\/\/comixburo.com\/wp-content\/uploads\/2025\/07\/sw064-mandalorian-5eme-attakus-figurine-starwars.webp","datePublished":"2025-07-18T08:16:51+00:00","dateModified":"2025-09-26T07:24:33+00:00","description":"Figurine de Din Djarin \"The Mandalorian\" tel qu'il appara\u00eet dans la s\u00e9rie \u00e9ponyme, sculpt\u00e9 par Attakus dans sa collection Star Wars Elite.","breadcrumb":{"@id":"https:\/\/comixburo.com\/produit\/din-djarin-the-mandalorian-1-10e-the-mandalorian\/#breadcrumb"},"inLanguage":"en-GB","potentialAction":[{"@type":"ReadAction","target":["https:\/\/comixburo.com\/produit\/din-djarin-the-mandalorian-1-10e-the-mandalorian\/"]}]},{"@type":"ImageObject","inLanguage":"en-GB","@id":"https:\/\/comixburo.com\/produit\/din-djarin-the-mandalorian-1-10e-the-mandalorian\/#primaryimage","url":"https:\/\/comixburo.com\/wp-content\/uploads\/2025\/07\/sw064-mandalorian-5eme-attakus-figurine-starwars.webp","contentUrl":"https:\/\/comixburo.com\/wp-content\/uploads\/2025\/07\/sw064-mandalorian-5eme-attakus-figurine-starwars.webp","width":674,"height":1000},{"@type":"BreadcrumbList","@id":"https:\/\/comixburo.com\/produit\/din-djarin-the-mandalorian-1-10e-the-mandalorian\/#breadcrumb","itemListElement":[{"@type":"ListItem","position":1,"name":"Home","item":"https:\/\/comixburo.com\/"},{"@type":"ListItem","position":2,"name":"La boutique Comix Buro","item":"https:\/\/comixburo.com\/la-boutique-comix-buro\/"},{"@type":"ListItem","position":3,"name":"Din Djarin, The Mandalorian 1\/10e &#8211; The Mandalorian"}]},{"@type":"WebSite","@id":"https:\/\/comixburo.com\/#website","url":"https:\/\/comixburo.com\/","name":"comixburo.com","description":"Cr\u00e9ateur de projets : Sketchbook d&#039;artistes !","publisher":{"@id":"https:\/\/comixburo.com\/#organization"},"alternateName":"Comix Buro","potentialAction":[{"@type":"SearchAction","target":{"@type":"EntryPoint","urlTemplate":"https:\/\/comixburo.com\/?s={search_term_string}"},"query-input":{"@type":"PropertyValueSpecification","valueRequired":true,"valueName":"search_term_string"}}],"inLanguage":"en-GB"},{"@type":"Organization","@id":"https:\/\/comixburo.com\/#organization","name":"comixburo.com","url":"https:\/\/comixburo.com\/","logo":{"@type":"ImageObject","inLanguage":"en-GB","@id":"https:\/\/comixburo.com\/#\/schema\/logo\/image\/","url":"https:\/\/comixburo.com\/wp-content\/uploads\/2025\/04\/logo-cxb-ROND.webp","contentUrl":"https:\/\/comixburo.com\/wp-content\/uploads\/2025\/04\/logo-cxb-ROND.webp","width":200,"height":200,"caption":"comixburo.com"},"image":{"@id":"https:\/\/comixburo.com\/#\/schema\/logo\/image\/"},"sameAs":["https:\/\/www.facebook.com\/comixburo","https:\/\/www.instagram.com\/comixburo\/"]}]}},"jetpack_sharing_enabled":true,"_links":{"self":[{"href":"https:\/\/comixburo.com\/en\/wp-json\/wp\/v2\/product\/20667","targetHints":{"allow":["GET"]}}],"collection":[{"href":"https:\/\/comixburo.com\/en\/wp-json\/wp\/v2\/product"}],"about":[{"href":"https:\/\/comixburo.com\/en\/wp-json\/wp\/v2\/types\/product"}],"replies":[{"embeddable":true,"href":"https:\/\/comixburo.com\/en\/wp-json\/wp\/v2\/comments?post=20667"}],"version-history":[{"count":1,"href":"https:\/\/comixburo.com\/en\/wp-json\/wp\/v2\/product\/20667\/revisions"}],"predecessor-version":[{"id":20922,"href":"https:\/\/comixburo.com\/en\/wp-json\/wp\/v2\/product\/20667\/revisions\/20922"}],"wp:featuredmedia":[{"embeddable":true,"href":"https:\/\/comixburo.com\/en\/wp-json\/wp\/v2\/media\/21184"}],"wp:attachment":[{"href":"https:\/\/comixburo.com\/en\/wp-json\/wp\/v2\/media?parent=20667"}],"wp:term":[{"taxonomy":"product_brand","embeddable":true,"href":"https:\/\/comixburo.com\/en\/wp-json\/wp\/v2\/product_brand?post=20667"},{"taxonomy":"product_cat","embeddable":true,"href":"https:\/\/comixburo.com\/en\/wp-json\/wp\/v2\/product_cat?post=20667"},{"taxonomy":"product_tag","embeddable":true,"href":"https:\/\/comixburo.com\/en\/wp-json\/wp\/v2\/product_tag?post=20667"}],"curies":[{"name":"wp","href":"https:\/\/api.w.org\/{rel}","templated":true}]}}