{"id":20706,"date":"2025-07-18T10:17:46","date_gmt":"2025-07-18T08:17:46","guid":{"rendered":"https:\/\/comixburo.com\/?post_type=product&#038;p=20706"},"modified":"2025-09-26T09:23:41","modified_gmt":"2025-09-26T07:23:41","slug":"grogu-feeling-sad-1-5e-the-mandalorian","status":"publish","type":"product","link":"https:\/\/comixburo.com\/en\/product\/grogu-feeling-sad-1-5e-the-mandalorian\/","title":{"rendered":"Grogu \u00ab\u00a0Feeling sad\u00a0\u00bb 1\/5e &#8211; The Mandalorian"},"content":{"rendered":"<h3><strong>Statuette de collection de Grogu &#8211; Feeling sad &#8211; The Mandalorian<br \/>\n<\/strong><\/h3>\n<p>Grogu &#8211; Feeling sad<\/p>\n<p>Tirage: 999 ex.<br \/>\nHauteur: 9,6 cm<br \/>\nMati\u00e8re: r\u00e9sine<br \/>\nParution : 30 Octobre 2023<\/p>\n<p>&#8211; Plongez dans l&rsquo;univers Attakus de Star Wars et d\u00e9couvrez les statues de la collection Classique, \u00e0 l&rsquo;\u00e9chelle 1\/5\u00e8me !<\/p>\n<p>D\u00e9couvrez la s\u00e9rie Grogu 1\/5e ! Plusieurs poses et expressions seront disponibles ! Collectionnez les tous !<\/p>\n<p>&#8211; Collector num\u00e9rot\u00e9 et limit\u00e9 \u00e0 999 exemplaires dans le monde. Sculpt\u00e9 en France et peint \u00e0 la main. Livr\u00e9 avec son certificat d&rsquo;authenticit\u00e9 Attakus.<br \/>\n&#8211; Elles sont r\u00e9alis\u00e9es en r\u00e9sine et peintes \u00e0 la main.<\/p>\n<p>Figurine d\u00e9voil\u00e9e \u00e0 l&rsquo;occasion de l&rsquo;<a href=\"https:\/\/attakus.art\/2023\/02\/24\/programmes-des-sorties-attakus-2023-nouveautes\/\"><strong>ATTAKUS EVENT #1<\/strong><\/a><br \/>\n<img loading=\"lazy\" decoding=\"async\" class=\"arrondie aligncenter wp-image-13150 size-full\" src=\"https:\/\/attakus.art\/wp-content\/uploads\/2021\/07\/starwars-attakus-mege-menu-attakus-collection-statues-figurines-franco-belge-star-war.jpg\" alt=\"\" width=\"300\" height=\"250\" \/><\/p>","protected":false},"excerpt":{"rendered":"<p align=\"center\"><em><strong>Collection Classique 1\/5e.<\/strong> <\/em><\/p>\n<p>De la m\u00eame esp\u00e8ce que Ma\u00eetre Yoda, Grogu est un initi\u00e9 de l\u2019Ordre Jedi, entra\u00een\u00e9 par les plus grands.<br \/>\nPr\u00e9sent au Temple Jedi de Coruscant lors del\u2019ex\u00e9cution de l\u2019Ordre 66, il est myst\u00e9rieusement \u00e9vacu\u00e9 du b\u00e2timent pour ne pas \u00eatre tu\u00e9 par Dark Vador ou un clone de la 501\u00e8me L\u00e9gion. Il est alors cach\u00e9 des imp\u00e9riaux durant de tr\u00e8s nombreuses ann\u00e9es, si bien qu\u2019il oublie les voies de La Force et des Jedi que lui avaient enseign\u00e9 ses ma\u00eetres.<\/p>\n<p>Incapable de communiquer par la parole, trimbal\u00e9 d\u2019un c\u00f4t\u00e9 \u00e0 un autre, le nom de Grogu fut peu \u00e0 peu perdu et les individus le gardant finirent par le pr\u00e9nommer \u00ab l\u2019Enfant \u00bb.<\/p>\n<p style=\"color: #ffffff;\">mando manda le mandalorien le mandalorian grogu the child<\/p>","protected":false},"featured_media":21186,"comment_status":"closed","ping_status":"closed","template":"","meta":[],"product_brand":[],"product_cat":[123,186,116,106],"product_tag":[189],"class_list":{"0":"post-20706","1":"product","2":"type-product","3":"status-publish","4":"has-post-thumbnail","6":"product_cat-collection-classique-1-5e","7":"product_cat-grogu","8":"product_cat-star-wars","9":"product_cat-statues","10":"product_tag-189","12":"first","13":"instock","14":"taxable","15":"shipping-taxable","16":"purchasable","17":"product-type-simple"},"yoast_head":"<!-- This site is optimized with the Yoast SEO plugin v26.9 - https:\/\/yoast.com\/product\/yoast-seo-wordpress\/ -->\n<title>Grogu &quot;Feeling sad&quot; - The Mandalorian - comixburo.com<\/title>\n<meta name=\"description\" content=\"Figurine de Grogu &quot;Feeling sad&quot; tel qu&#039;il appara\u00eet dans la s\u00e9rie &quot;The Mandalorian&quot; , sculpt\u00e9 par Attakus dans sa collection Star Wars Classique1\/5e.\" \/>\n<meta name=\"robots\" content=\"index, follow, max-snippet:-1, max-image-preview:large, max-video-preview:-1\" \/>\n<link rel=\"canonical\" href=\"https:\/\/comixburo.com\/en\/product\/grogu-feeling-sad-1-5e-the-mandalorian\/\" \/>\n<meta property=\"og:locale\" content=\"en_GB\" \/>\n<meta property=\"og:type\" content=\"article\" \/>\n<meta property=\"og:title\" content=\"Grogu &quot;Feeling sad&quot; - The Mandalorian - comixburo.com\" \/>\n<meta property=\"og:description\" content=\"Figurine de Grogu &quot;Feeling sad&quot; tel qu&#039;il appara\u00eet dans la s\u00e9rie &quot;The Mandalorian&quot; , sculpt\u00e9 par Attakus dans sa collection Star Wars Classique1\/5e.\" \/>\n<meta property=\"og:url\" content=\"https:\/\/comixburo.com\/en\/product\/grogu-feeling-sad-1-5e-the-mandalorian\/\" \/>\n<meta property=\"og:site_name\" content=\"comixburo.com\" \/>\n<meta property=\"article:publisher\" content=\"https:\/\/www.facebook.com\/comixburo\" \/>\n<meta property=\"article:modified_time\" content=\"2025-09-26T07:23:41+00:00\" \/>\n<meta property=\"og:image\" content=\"https:\/\/comixburo.com\/wp-content\/uploads\/2025\/07\/GRO03-grogu-sad-5eme-attakus-figurine-starwars.webp\" \/>\n\t<meta property=\"og:image:width\" content=\"674\" \/>\n\t<meta property=\"og:image:height\" content=\"1000\" \/>\n\t<meta property=\"og:image:type\" content=\"image\/webp\" \/>\n<meta name=\"twitter:card\" content=\"summary_large_image\" \/>\n<meta name=\"twitter:label1\" content=\"Estimated reading time\" \/>\n\t<meta name=\"twitter:data1\" content=\"1 minute\" \/>\n<script type=\"application\/ld+json\" class=\"yoast-schema-graph\">{\"@context\":\"https:\/\/schema.org\",\"@graph\":[{\"@type\":\"WebPage\",\"@id\":\"https:\/\/comixburo.com\/produit\/grogu-feeling-sad-1-5e-the-mandalorian\/\",\"url\":\"https:\/\/comixburo.com\/produit\/grogu-feeling-sad-1-5e-the-mandalorian\/\",\"name\":\"Grogu \\\"Feeling sad\\\" - The Mandalorian - comixburo.com\",\"isPartOf\":{\"@id\":\"https:\/\/comixburo.com\/#website\"},\"primaryImageOfPage\":{\"@id\":\"https:\/\/comixburo.com\/produit\/grogu-feeling-sad-1-5e-the-mandalorian\/#primaryimage\"},\"image\":{\"@id\":\"https:\/\/comixburo.com\/produit\/grogu-feeling-sad-1-5e-the-mandalorian\/#primaryimage\"},\"thumbnailUrl\":\"https:\/\/comixburo.com\/wp-content\/uploads\/2025\/07\/GRO03-grogu-sad-5eme-attakus-figurine-starwars.webp\",\"datePublished\":\"2025-07-18T08:17:46+00:00\",\"dateModified\":\"2025-09-26T07:23:41+00:00\",\"description\":\"Figurine de Grogu \\\"Feeling sad\\\" tel qu'il appara\u00eet dans la s\u00e9rie \\\"The Mandalorian\\\" , sculpt\u00e9 par Attakus dans sa collection Star Wars Classique1\/5e.\",\"breadcrumb\":{\"@id\":\"https:\/\/comixburo.com\/produit\/grogu-feeling-sad-1-5e-the-mandalorian\/#breadcrumb\"},\"inLanguage\":\"en-GB\",\"potentialAction\":[{\"@type\":\"ReadAction\",\"target\":[\"https:\/\/comixburo.com\/produit\/grogu-feeling-sad-1-5e-the-mandalorian\/\"]}]},{\"@type\":\"ImageObject\",\"inLanguage\":\"en-GB\",\"@id\":\"https:\/\/comixburo.com\/produit\/grogu-feeling-sad-1-5e-the-mandalorian\/#primaryimage\",\"url\":\"https:\/\/comixburo.com\/wp-content\/uploads\/2025\/07\/GRO03-grogu-sad-5eme-attakus-figurine-starwars.webp\",\"contentUrl\":\"https:\/\/comixburo.com\/wp-content\/uploads\/2025\/07\/GRO03-grogu-sad-5eme-attakus-figurine-starwars.webp\",\"width\":674,\"height\":1000},{\"@type\":\"BreadcrumbList\",\"@id\":\"https:\/\/comixburo.com\/produit\/grogu-feeling-sad-1-5e-the-mandalorian\/#breadcrumb\",\"itemListElement\":[{\"@type\":\"ListItem\",\"position\":1,\"name\":\"Home\",\"item\":\"https:\/\/comixburo.com\/\"},{\"@type\":\"ListItem\",\"position\":2,\"name\":\"La boutique Comix Buro\",\"item\":\"https:\/\/comixburo.com\/la-boutique-comix-buro\/\"},{\"@type\":\"ListItem\",\"position\":3,\"name\":\"Grogu \u00ab\u00a0Feeling sad\u00a0\u00bb 1\/5e &#8211; The Mandalorian\"}]},{\"@type\":\"WebSite\",\"@id\":\"https:\/\/comixburo.com\/#website\",\"url\":\"https:\/\/comixburo.com\/\",\"name\":\"comixburo.com\",\"description\":\"Cr\u00e9ateur de projets : Sketchbook d&#039;artistes !\",\"publisher\":{\"@id\":\"https:\/\/comixburo.com\/#organization\"},\"alternateName\":\"Comix Buro\",\"potentialAction\":[{\"@type\":\"SearchAction\",\"target\":{\"@type\":\"EntryPoint\",\"urlTemplate\":\"https:\/\/comixburo.com\/?s={search_term_string}\"},\"query-input\":{\"@type\":\"PropertyValueSpecification\",\"valueRequired\":true,\"valueName\":\"search_term_string\"}}],\"inLanguage\":\"en-GB\"},{\"@type\":\"Organization\",\"@id\":\"https:\/\/comixburo.com\/#organization\",\"name\":\"comixburo.com\",\"url\":\"https:\/\/comixburo.com\/\",\"logo\":{\"@type\":\"ImageObject\",\"inLanguage\":\"en-GB\",\"@id\":\"https:\/\/comixburo.com\/#\/schema\/logo\/image\/\",\"url\":\"https:\/\/comixburo.com\/wp-content\/uploads\/2025\/04\/logo-cxb-ROND.webp\",\"contentUrl\":\"https:\/\/comixburo.com\/wp-content\/uploads\/2025\/04\/logo-cxb-ROND.webp\",\"width\":200,\"height\":200,\"caption\":\"comixburo.com\"},\"image\":{\"@id\":\"https:\/\/comixburo.com\/#\/schema\/logo\/image\/\"},\"sameAs\":[\"https:\/\/www.facebook.com\/comixburo\",\"https:\/\/www.instagram.com\/comixburo\/\"]}]}<\/script>\n<!-- \/ Yoast SEO plugin. -->","yoast_head_json":{"title":"Grogu \"Feeling sad\" - The Mandalorian - comixburo.com","description":"Figurine de Grogu \"Feeling sad\" tel qu'il appara\u00eet dans la s\u00e9rie \"The Mandalorian\" , sculpt\u00e9 par Attakus dans sa collection Star Wars Classique1\/5e.","robots":{"index":"index","follow":"follow","max-snippet":"max-snippet:-1","max-image-preview":"max-image-preview:large","max-video-preview":"max-video-preview:-1"},"canonical":"https:\/\/comixburo.com\/en\/product\/grogu-feeling-sad-1-5e-the-mandalorian\/","og_locale":"en_GB","og_type":"article","og_title":"Grogu \"Feeling sad\" - The Mandalorian - comixburo.com","og_description":"Figurine de Grogu \"Feeling sad\" tel qu'il appara\u00eet dans la s\u00e9rie \"The Mandalorian\" , sculpt\u00e9 par Attakus dans sa collection Star Wars Classique1\/5e.","og_url":"https:\/\/comixburo.com\/en\/product\/grogu-feeling-sad-1-5e-the-mandalorian\/","og_site_name":"comixburo.com","article_publisher":"https:\/\/www.facebook.com\/comixburo","article_modified_time":"2025-09-26T07:23:41+00:00","og_image":[{"width":674,"height":1000,"url":"https:\/\/comixburo.com\/wp-content\/uploads\/2025\/07\/GRO03-grogu-sad-5eme-attakus-figurine-starwars.webp","type":"image\/webp"}],"twitter_card":"summary_large_image","twitter_misc":{"Estimated reading time":"1 minute"},"schema":{"@context":"https:\/\/schema.org","@graph":[{"@type":"WebPage","@id":"https:\/\/comixburo.com\/produit\/grogu-feeling-sad-1-5e-the-mandalorian\/","url":"https:\/\/comixburo.com\/produit\/grogu-feeling-sad-1-5e-the-mandalorian\/","name":"Grogu \"Feeling sad\" - The Mandalorian - comixburo.com","isPartOf":{"@id":"https:\/\/comixburo.com\/#website"},"primaryImageOfPage":{"@id":"https:\/\/comixburo.com\/produit\/grogu-feeling-sad-1-5e-the-mandalorian\/#primaryimage"},"image":{"@id":"https:\/\/comixburo.com\/produit\/grogu-feeling-sad-1-5e-the-mandalorian\/#primaryimage"},"thumbnailUrl":"https:\/\/comixburo.com\/wp-content\/uploads\/2025\/07\/GRO03-grogu-sad-5eme-attakus-figurine-starwars.webp","datePublished":"2025-07-18T08:17:46+00:00","dateModified":"2025-09-26T07:23:41+00:00","description":"Figurine de Grogu \"Feeling sad\" tel qu'il appara\u00eet dans la s\u00e9rie \"The Mandalorian\" , sculpt\u00e9 par Attakus dans sa collection Star Wars Classique1\/5e.","breadcrumb":{"@id":"https:\/\/comixburo.com\/produit\/grogu-feeling-sad-1-5e-the-mandalorian\/#breadcrumb"},"inLanguage":"en-GB","potentialAction":[{"@type":"ReadAction","target":["https:\/\/comixburo.com\/produit\/grogu-feeling-sad-1-5e-the-mandalorian\/"]}]},{"@type":"ImageObject","inLanguage":"en-GB","@id":"https:\/\/comixburo.com\/produit\/grogu-feeling-sad-1-5e-the-mandalorian\/#primaryimage","url":"https:\/\/comixburo.com\/wp-content\/uploads\/2025\/07\/GRO03-grogu-sad-5eme-attakus-figurine-starwars.webp","contentUrl":"https:\/\/comixburo.com\/wp-content\/uploads\/2025\/07\/GRO03-grogu-sad-5eme-attakus-figurine-starwars.webp","width":674,"height":1000},{"@type":"BreadcrumbList","@id":"https:\/\/comixburo.com\/produit\/grogu-feeling-sad-1-5e-the-mandalorian\/#breadcrumb","itemListElement":[{"@type":"ListItem","position":1,"name":"Home","item":"https:\/\/comixburo.com\/"},{"@type":"ListItem","position":2,"name":"La boutique Comix Buro","item":"https:\/\/comixburo.com\/la-boutique-comix-buro\/"},{"@type":"ListItem","position":3,"name":"Grogu \u00ab\u00a0Feeling sad\u00a0\u00bb 1\/5e &#8211; The Mandalorian"}]},{"@type":"WebSite","@id":"https:\/\/comixburo.com\/#website","url":"https:\/\/comixburo.com\/","name":"comixburo.com","description":"Cr\u00e9ateur de projets : Sketchbook d&#039;artistes !","publisher":{"@id":"https:\/\/comixburo.com\/#organization"},"alternateName":"Comix Buro","potentialAction":[{"@type":"SearchAction","target":{"@type":"EntryPoint","urlTemplate":"https:\/\/comixburo.com\/?s={search_term_string}"},"query-input":{"@type":"PropertyValueSpecification","valueRequired":true,"valueName":"search_term_string"}}],"inLanguage":"en-GB"},{"@type":"Organization","@id":"https:\/\/comixburo.com\/#organization","name":"comixburo.com","url":"https:\/\/comixburo.com\/","logo":{"@type":"ImageObject","inLanguage":"en-GB","@id":"https:\/\/comixburo.com\/#\/schema\/logo\/image\/","url":"https:\/\/comixburo.com\/wp-content\/uploads\/2025\/04\/logo-cxb-ROND.webp","contentUrl":"https:\/\/comixburo.com\/wp-content\/uploads\/2025\/04\/logo-cxb-ROND.webp","width":200,"height":200,"caption":"comixburo.com"},"image":{"@id":"https:\/\/comixburo.com\/#\/schema\/logo\/image\/"},"sameAs":["https:\/\/www.facebook.com\/comixburo","https:\/\/www.instagram.com\/comixburo\/"]}]}},"jetpack_sharing_enabled":true,"_links":{"self":[{"href":"https:\/\/comixburo.com\/en\/wp-json\/wp\/v2\/product\/20706","targetHints":{"allow":["GET"]}}],"collection":[{"href":"https:\/\/comixburo.com\/en\/wp-json\/wp\/v2\/product"}],"about":[{"href":"https:\/\/comixburo.com\/en\/wp-json\/wp\/v2\/types\/product"}],"replies":[{"embeddable":true,"href":"https:\/\/comixburo.com\/en\/wp-json\/wp\/v2\/comments?post=20706"}],"version-history":[{"count":1,"href":"https:\/\/comixburo.com\/en\/wp-json\/wp\/v2\/product\/20706\/revisions"}],"predecessor-version":[{"id":20973,"href":"https:\/\/comixburo.com\/en\/wp-json\/wp\/v2\/product\/20706\/revisions\/20973"}],"wp:featuredmedia":[{"embeddable":true,"href":"https:\/\/comixburo.com\/en\/wp-json\/wp\/v2\/media\/21186"}],"wp:attachment":[{"href":"https:\/\/comixburo.com\/en\/wp-json\/wp\/v2\/media?parent=20706"}],"wp:term":[{"taxonomy":"product_brand","embeddable":true,"href":"https:\/\/comixburo.com\/en\/wp-json\/wp\/v2\/product_brand?post=20706"},{"taxonomy":"product_cat","embeddable":true,"href":"https:\/\/comixburo.com\/en\/wp-json\/wp\/v2\/product_cat?post=20706"},{"taxonomy":"product_tag","embeddable":true,"href":"https:\/\/comixburo.com\/en\/wp-json\/wp\/v2\/product_tag?post=20706"}],"curies":[{"name":"wp","href":"https:\/\/api.w.org\/{rel}","templated":true}]}}