{"id":20799,"date":"2025-07-18T10:20:26","date_gmt":"2025-07-18T08:20:26","guid":{"rendered":"https:\/\/comixburo.com\/?post_type=product&#038;p=20799"},"modified":"2026-02-14T09:55:12","modified_gmt":"2026-02-14T08:55:12","slug":"diorama-snoke-et-deux-gardes-praetoriens-1-10e-star-wars","status":"publish","type":"product","link":"https:\/\/comixburo.com\/en\/product\/diorama-snoke-et-deux-gardes-praetoriens-1-10e-star-wars\/","title":{"rendered":"Diorama &#8211; Snoke et deux Gardes Praetoriens 1\/10e &#8211; Star wars"},"content":{"rendered":"<h3><strong>Diorama &#8211; Snoke sur son tr\u00f4ne et deux Gardes Praetoriens &#8211; Star wars<\/strong><\/h3>\n<p><strong>Snoke (290 \u20ac TTC)<br \/>\n<\/strong><\/p>\n<p>Tirage: 666 ex.<br \/>\nHauteur: 27,5 cm \/ 10,6\u2033 Tall<br \/>\nSocle: 34 x 21,5 cm<br \/>\nMati\u00e8re: r\u00e9sine porcelaine<\/p>\n<p><strong>Garde Praetorien d&rsquo;\u00e9lite x 2 (135 \u20ac TTC)<br \/>\n<\/strong><\/p>\n<p>Tirage: 999 ex.<br \/>\nHauteur: 19,5 cm \/ 7,68\u2033 Tall<br \/>\nMati\u00e8re: r\u00e9sine<\/p>\n<p>&nbsp;<\/p>\n<p>Plongez dans l\u2019univers Attakus de Star Wars et d\u00e9couvrez les statues de la collection Elite, \u00e0 l\u2019\u00e9chelle 1\/10\u00e8me !<br \/>\nDiorama &#8211; Snoke sur son tr\u00f4ne entour\u00e9 de deux de ses Gardes Praeotiens, tels qu\u2019ils apparaissent dans l\u2019\u00e9pisode VIII de la saga Star Wars (Les derniers Jedi)<\/p>\n<p>Collection phare chez Attakus, la collection STAR WARS ELITE propose des statues de collection \u00e0 l\u2019\u00e9chelle 1\/10\u00e8me, soit une vingtaine de centim\u00e8tres pour la majorit\u00e9 des personnages. Elles sont r\u00e9alis\u00e9es en r\u00e9sine et peintes \u00e0 la main.<\/p>\n<p>Snoke est un puissant personnage poss\u00e9dant une forte connaissance du C\u00f4t\u00e9 Obscur de la Force au point de pouvoir g\u00e9n\u00e9rer des \u00ab\u00a0\u00c9clairs de Force\u00a0\u00bb \u00e0 l&rsquo;instar de Dark Sidious. Il est le supr\u00eame leader du Premier Ordre jusqu&rsquo;\u00e0 sa mort. Snoke a lui-m\u00eame fait basculer Ben Solo du c\u00f4t\u00e9 obscur de la Force sous le nom de Kylo Ren, pour emp\u00eacher la naissance du Nouvel Ordre Jedi.<\/p>\n<p><img loading=\"lazy\" decoding=\"async\" class=\"arrondie aligncenter wp-image-13150 size-full\" src=\"https:\/\/attakus.art\/wp-content\/uploads\/2021\/07\/starwars-attakus-mege-menu-attakus-collection-statues-figurines-franco-belge-star-war.jpg\" alt=\"\" width=\"300\" height=\"250\" \/><\/p>","protected":false},"excerpt":{"rendered":"<p>&nbsp;<\/p>\n<p style=\"text-align: left;\" align=\"center\">Ce pack contient :<\/p>\n<ul>\n<li>La statue de Snoke sur son tr\u00f4ne (290\u20ac), 666 ex. d&rsquo;une valeur de 290 \u20ac. Sculpt\u00e9e en France et peinte \u00e0 la main, livr\u00e9e avec certificat d&rsquo;authenticit\u00e9<\/li>\n<li>Deux statues du Garde Pr\u00e9torien,(2 x 135 \u20ac) 999 ex. Sculpt\u00e9e en France et peinte \u00e0 la main, livr\u00e9e avec certificat d&rsquo;authenticit\u00e9.<\/li>\n<\/ul>","protected":false},"featured_media":21222,"comment_status":"closed","ping_status":"closed","template":"","meta":[],"product_brand":[],"product_cat":[117,116,106],"product_tag":[144,208,209,210],"class_list":{"0":"post-20799","1":"product","2":"type-product","3":"status-publish","4":"has-post-thumbnail","6":"product_cat-collection-elite-1-10e","7":"product_cat-star-wars","8":"product_cat-statues","9":"product_tag-144","10":"product_tag-208","11":"product_tag-bundle","12":"product_tag-bundles","14":"first","15":"instock","16":"sale","17":"taxable","18":"shipping-taxable","19":"purchasable","20":"product-type-simple"},"yoast_head":"<!-- This site is optimized with the Yoast SEO plugin v26.9 - https:\/\/yoast.com\/product\/yoast-seo-wordpress\/ -->\n<title>Diorama - Snoke et deux Gardes Praetoriens 1\/10e - Star wars - comixburo.com<\/title>\n<meta name=\"description\" content=\"Diorama de Snoke sur son tr\u00f4ne, entour\u00e9 de deux gardes Praetoriens tels qu\u2019il apparaissent dans l\u2019\u00e9pisode VIII de la saga Star Wars.\" \/>\n<meta name=\"robots\" content=\"index, follow, max-snippet:-1, max-image-preview:large, max-video-preview:-1\" \/>\n<link rel=\"canonical\" href=\"https:\/\/comixburo.com\/en\/product\/diorama-snoke-et-deux-gardes-praetoriens-1-10e-star-wars\/\" \/>\n<meta property=\"og:locale\" content=\"en_GB\" \/>\n<meta property=\"og:type\" content=\"article\" \/>\n<meta property=\"og:title\" content=\"Diorama - Snoke et deux Gardes Praetoriens 1\/10e - Star wars - comixburo.com\" \/>\n<meta property=\"og:description\" content=\"Diorama de Snoke sur son tr\u00f4ne, entour\u00e9 de deux gardes Praetoriens tels qu\u2019il apparaissent dans l\u2019\u00e9pisode VIII de la saga Star Wars.\" \/>\n<meta property=\"og:url\" content=\"https:\/\/comixburo.com\/en\/product\/diorama-snoke-et-deux-gardes-praetoriens-1-10e-star-wars\/\" \/>\n<meta property=\"og:site_name\" content=\"comixburo.com\" \/>\n<meta property=\"article:publisher\" content=\"https:\/\/www.facebook.com\/comixburo\" \/>\n<meta property=\"article:modified_time\" content=\"2026-02-14T08:55:12+00:00\" \/>\n<meta property=\"og:image\" content=\"https:\/\/comixburo.com\/wp-content\/uploads\/2025\/07\/bundle-snoke-preatorian-10eme-attakus-figurine-starwars.webp\" \/>\n\t<meta property=\"og:image:width\" content=\"674\" \/>\n\t<meta property=\"og:image:height\" content=\"1000\" \/>\n\t<meta property=\"og:image:type\" content=\"image\/webp\" \/>\n<meta name=\"twitter:card\" content=\"summary_large_image\" \/>\n<meta name=\"twitter:label1\" content=\"Estimated reading time\" \/>\n\t<meta name=\"twitter:data1\" content=\"2 minutes\" \/>\n<script type=\"application\/ld+json\" class=\"yoast-schema-graph\">{\"@context\":\"https:\/\/schema.org\",\"@graph\":[{\"@type\":\"WebPage\",\"@id\":\"https:\/\/comixburo.com\/produit\/diorama-snoke-et-deux-gardes-praetoriens-1-10e-star-wars\/\",\"url\":\"https:\/\/comixburo.com\/produit\/diorama-snoke-et-deux-gardes-praetoriens-1-10e-star-wars\/\",\"name\":\"Diorama - Snoke et deux Gardes Praetoriens 1\/10e - Star wars - comixburo.com\",\"isPartOf\":{\"@id\":\"https:\/\/comixburo.com\/#website\"},\"primaryImageOfPage\":{\"@id\":\"https:\/\/comixburo.com\/produit\/diorama-snoke-et-deux-gardes-praetoriens-1-10e-star-wars\/#primaryimage\"},\"image\":{\"@id\":\"https:\/\/comixburo.com\/produit\/diorama-snoke-et-deux-gardes-praetoriens-1-10e-star-wars\/#primaryimage\"},\"thumbnailUrl\":\"https:\/\/comixburo.com\/wp-content\/uploads\/2025\/07\/bundle-snoke-preatorian-10eme-attakus-figurine-starwars.webp\",\"datePublished\":\"2025-07-18T08:20:26+00:00\",\"dateModified\":\"2026-02-14T08:55:12+00:00\",\"description\":\"Diorama de Snoke sur son tr\u00f4ne, entour\u00e9 de deux gardes Praetoriens tels qu\u2019il apparaissent dans l\u2019\u00e9pisode VIII de la saga Star Wars.\",\"breadcrumb\":{\"@id\":\"https:\/\/comixburo.com\/produit\/diorama-snoke-et-deux-gardes-praetoriens-1-10e-star-wars\/#breadcrumb\"},\"inLanguage\":\"en-GB\",\"potentialAction\":[{\"@type\":\"ReadAction\",\"target\":[\"https:\/\/comixburo.com\/produit\/diorama-snoke-et-deux-gardes-praetoriens-1-10e-star-wars\/\"]}]},{\"@type\":\"ImageObject\",\"inLanguage\":\"en-GB\",\"@id\":\"https:\/\/comixburo.com\/produit\/diorama-snoke-et-deux-gardes-praetoriens-1-10e-star-wars\/#primaryimage\",\"url\":\"https:\/\/comixburo.com\/wp-content\/uploads\/2025\/07\/bundle-snoke-preatorian-10eme-attakus-figurine-starwars.webp\",\"contentUrl\":\"https:\/\/comixburo.com\/wp-content\/uploads\/2025\/07\/bundle-snoke-preatorian-10eme-attakus-figurine-starwars.webp\",\"width\":674,\"height\":1000},{\"@type\":\"BreadcrumbList\",\"@id\":\"https:\/\/comixburo.com\/produit\/diorama-snoke-et-deux-gardes-praetoriens-1-10e-star-wars\/#breadcrumb\",\"itemListElement\":[{\"@type\":\"ListItem\",\"position\":1,\"name\":\"Home\",\"item\":\"https:\/\/comixburo.com\/\"},{\"@type\":\"ListItem\",\"position\":2,\"name\":\"La boutique Comix Buro\",\"item\":\"https:\/\/comixburo.com\/la-boutique-comix-buro\/\"},{\"@type\":\"ListItem\",\"position\":3,\"name\":\"Diorama &#8211; Snoke et deux Gardes Praetoriens 1\/10e &#8211; Star wars\"}]},{\"@type\":\"WebSite\",\"@id\":\"https:\/\/comixburo.com\/#website\",\"url\":\"https:\/\/comixburo.com\/\",\"name\":\"comixburo.com\",\"description\":\"Cr\u00e9ateur de projets : Sketchbook d&#039;artistes !\",\"publisher\":{\"@id\":\"https:\/\/comixburo.com\/#organization\"},\"alternateName\":\"Comix Buro\",\"potentialAction\":[{\"@type\":\"SearchAction\",\"target\":{\"@type\":\"EntryPoint\",\"urlTemplate\":\"https:\/\/comixburo.com\/?s={search_term_string}\"},\"query-input\":{\"@type\":\"PropertyValueSpecification\",\"valueRequired\":true,\"valueName\":\"search_term_string\"}}],\"inLanguage\":\"en-GB\"},{\"@type\":\"Organization\",\"@id\":\"https:\/\/comixburo.com\/#organization\",\"name\":\"comixburo.com\",\"url\":\"https:\/\/comixburo.com\/\",\"logo\":{\"@type\":\"ImageObject\",\"inLanguage\":\"en-GB\",\"@id\":\"https:\/\/comixburo.com\/#\/schema\/logo\/image\/\",\"url\":\"https:\/\/comixburo.com\/wp-content\/uploads\/2025\/04\/logo-cxb-ROND.webp\",\"contentUrl\":\"https:\/\/comixburo.com\/wp-content\/uploads\/2025\/04\/logo-cxb-ROND.webp\",\"width\":200,\"height\":200,\"caption\":\"comixburo.com\"},\"image\":{\"@id\":\"https:\/\/comixburo.com\/#\/schema\/logo\/image\/\"},\"sameAs\":[\"https:\/\/www.facebook.com\/comixburo\",\"https:\/\/www.instagram.com\/comixburo\/\"]}]}<\/script>\n<!-- \/ Yoast SEO plugin. -->","yoast_head_json":{"title":"Diorama - Snoke et deux Gardes Praetoriens 1\/10e - Star wars - comixburo.com","description":"Diorama de Snoke sur son tr\u00f4ne, entour\u00e9 de deux gardes Praetoriens tels qu\u2019il apparaissent dans l\u2019\u00e9pisode VIII de la saga Star Wars.","robots":{"index":"index","follow":"follow","max-snippet":"max-snippet:-1","max-image-preview":"max-image-preview:large","max-video-preview":"max-video-preview:-1"},"canonical":"https:\/\/comixburo.com\/en\/product\/diorama-snoke-et-deux-gardes-praetoriens-1-10e-star-wars\/","og_locale":"en_GB","og_type":"article","og_title":"Diorama - Snoke et deux Gardes Praetoriens 1\/10e - Star wars - comixburo.com","og_description":"Diorama de Snoke sur son tr\u00f4ne, entour\u00e9 de deux gardes Praetoriens tels qu\u2019il apparaissent dans l\u2019\u00e9pisode VIII de la saga Star Wars.","og_url":"https:\/\/comixburo.com\/en\/product\/diorama-snoke-et-deux-gardes-praetoriens-1-10e-star-wars\/","og_site_name":"comixburo.com","article_publisher":"https:\/\/www.facebook.com\/comixburo","article_modified_time":"2026-02-14T08:55:12+00:00","og_image":[{"width":674,"height":1000,"url":"https:\/\/comixburo.com\/wp-content\/uploads\/2025\/07\/bundle-snoke-preatorian-10eme-attakus-figurine-starwars.webp","type":"image\/webp"}],"twitter_card":"summary_large_image","twitter_misc":{"Estimated reading time":"2 minutes"},"schema":{"@context":"https:\/\/schema.org","@graph":[{"@type":"WebPage","@id":"https:\/\/comixburo.com\/produit\/diorama-snoke-et-deux-gardes-praetoriens-1-10e-star-wars\/","url":"https:\/\/comixburo.com\/produit\/diorama-snoke-et-deux-gardes-praetoriens-1-10e-star-wars\/","name":"Diorama - Snoke et deux Gardes Praetoriens 1\/10e - Star wars - comixburo.com","isPartOf":{"@id":"https:\/\/comixburo.com\/#website"},"primaryImageOfPage":{"@id":"https:\/\/comixburo.com\/produit\/diorama-snoke-et-deux-gardes-praetoriens-1-10e-star-wars\/#primaryimage"},"image":{"@id":"https:\/\/comixburo.com\/produit\/diorama-snoke-et-deux-gardes-praetoriens-1-10e-star-wars\/#primaryimage"},"thumbnailUrl":"https:\/\/comixburo.com\/wp-content\/uploads\/2025\/07\/bundle-snoke-preatorian-10eme-attakus-figurine-starwars.webp","datePublished":"2025-07-18T08:20:26+00:00","dateModified":"2026-02-14T08:55:12+00:00","description":"Diorama de Snoke sur son tr\u00f4ne, entour\u00e9 de deux gardes Praetoriens tels qu\u2019il apparaissent dans l\u2019\u00e9pisode VIII de la saga Star Wars.","breadcrumb":{"@id":"https:\/\/comixburo.com\/produit\/diorama-snoke-et-deux-gardes-praetoriens-1-10e-star-wars\/#breadcrumb"},"inLanguage":"en-GB","potentialAction":[{"@type":"ReadAction","target":["https:\/\/comixburo.com\/produit\/diorama-snoke-et-deux-gardes-praetoriens-1-10e-star-wars\/"]}]},{"@type":"ImageObject","inLanguage":"en-GB","@id":"https:\/\/comixburo.com\/produit\/diorama-snoke-et-deux-gardes-praetoriens-1-10e-star-wars\/#primaryimage","url":"https:\/\/comixburo.com\/wp-content\/uploads\/2025\/07\/bundle-snoke-preatorian-10eme-attakus-figurine-starwars.webp","contentUrl":"https:\/\/comixburo.com\/wp-content\/uploads\/2025\/07\/bundle-snoke-preatorian-10eme-attakus-figurine-starwars.webp","width":674,"height":1000},{"@type":"BreadcrumbList","@id":"https:\/\/comixburo.com\/produit\/diorama-snoke-et-deux-gardes-praetoriens-1-10e-star-wars\/#breadcrumb","itemListElement":[{"@type":"ListItem","position":1,"name":"Home","item":"https:\/\/comixburo.com\/"},{"@type":"ListItem","position":2,"name":"La boutique Comix Buro","item":"https:\/\/comixburo.com\/la-boutique-comix-buro\/"},{"@type":"ListItem","position":3,"name":"Diorama &#8211; Snoke et deux Gardes Praetoriens 1\/10e &#8211; Star wars"}]},{"@type":"WebSite","@id":"https:\/\/comixburo.com\/#website","url":"https:\/\/comixburo.com\/","name":"comixburo.com","description":"Cr\u00e9ateur de projets : Sketchbook d&#039;artistes !","publisher":{"@id":"https:\/\/comixburo.com\/#organization"},"alternateName":"Comix Buro","potentialAction":[{"@type":"SearchAction","target":{"@type":"EntryPoint","urlTemplate":"https:\/\/comixburo.com\/?s={search_term_string}"},"query-input":{"@type":"PropertyValueSpecification","valueRequired":true,"valueName":"search_term_string"}}],"inLanguage":"en-GB"},{"@type":"Organization","@id":"https:\/\/comixburo.com\/#organization","name":"comixburo.com","url":"https:\/\/comixburo.com\/","logo":{"@type":"ImageObject","inLanguage":"en-GB","@id":"https:\/\/comixburo.com\/#\/schema\/logo\/image\/","url":"https:\/\/comixburo.com\/wp-content\/uploads\/2025\/04\/logo-cxb-ROND.webp","contentUrl":"https:\/\/comixburo.com\/wp-content\/uploads\/2025\/04\/logo-cxb-ROND.webp","width":200,"height":200,"caption":"comixburo.com"},"image":{"@id":"https:\/\/comixburo.com\/#\/schema\/logo\/image\/"},"sameAs":["https:\/\/www.facebook.com\/comixburo","https:\/\/www.instagram.com\/comixburo\/"]}]}},"jetpack_sharing_enabled":true,"_links":{"self":[{"href":"https:\/\/comixburo.com\/en\/wp-json\/wp\/v2\/product\/20799","targetHints":{"allow":["GET"]}}],"collection":[{"href":"https:\/\/comixburo.com\/en\/wp-json\/wp\/v2\/product"}],"about":[{"href":"https:\/\/comixburo.com\/en\/wp-json\/wp\/v2\/types\/product"}],"replies":[{"embeddable":true,"href":"https:\/\/comixburo.com\/en\/wp-json\/wp\/v2\/comments?post=20799"}],"version-history":[{"count":1,"href":"https:\/\/comixburo.com\/en\/wp-json\/wp\/v2\/product\/20799\/revisions"}],"predecessor-version":[{"id":21025,"href":"https:\/\/comixburo.com\/en\/wp-json\/wp\/v2\/product\/20799\/revisions\/21025"}],"wp:featuredmedia":[{"embeddable":true,"href":"https:\/\/comixburo.com\/en\/wp-json\/wp\/v2\/media\/21222"}],"wp:attachment":[{"href":"https:\/\/comixburo.com\/en\/wp-json\/wp\/v2\/media?parent=20799"}],"wp:term":[{"taxonomy":"product_brand","embeddable":true,"href":"https:\/\/comixburo.com\/en\/wp-json\/wp\/v2\/product_brand?post=20799"},{"taxonomy":"product_cat","embeddable":true,"href":"https:\/\/comixburo.com\/en\/wp-json\/wp\/v2\/product_cat?post=20799"},{"taxonomy":"product_tag","embeddable":true,"href":"https:\/\/comixburo.com\/en\/wp-json\/wp\/v2\/product_tag?post=20799"}],"curies":[{"name":"wp","href":"https:\/\/api.w.org\/{rel}","templated":true}]}}