{"id":20839,"date":"2025-07-18T10:21:38","date_gmt":"2025-07-18T08:21:38","guid":{"rendered":"https:\/\/comixburo.com\/?post_type=product&#038;p=20839"},"modified":"2026-01-14T13:23:33","modified_gmt":"2026-01-14T12:23:33","slug":"the-mandalorian-grogu-summoning-the-force-1-5e-star-wars","status":"publish","type":"product","link":"https:\/\/comixburo.com\/en\/product\/the-mandalorian-grogu-summoning-the-force-1-5e-star-wars\/","title":{"rendered":"The Mandalorian &#038; Grogu &#8211; Summoning the Force 1\/5e &#8211; Star wars"},"content":{"rendered":"<h3>Prix du pack : 599 \u20ac TTC<\/h3>\n<h3><strong>The Mandalorian &amp; Grogu &#8211; Summoning the Force 1\/5e &#8211; Star wars<\/strong><\/h3>\n<p><strong>Din Djarin, The Mandalorian 1\/5e (489 \u20ac TTC)<br \/>\n<\/strong><\/p>\n<p>Tirage: 350 ex. Seulement<br \/>\nHauteur: 40,5 cm \/ 15.9\u2033 Tall<br \/>\nMati\u00e8re: r\u00e9sine<\/p>\n<p><strong>Grogu &#8211; Summoning the Force (139 <\/strong><strong>\u20ac TTC<\/strong><strong>)<br \/>\n<\/strong><\/p>\n<p>Tirage: 500 ex.<br \/>\nHauteur: 13 cm<br \/>\nLargeur: 20 cm<br \/>\nLivr\u00e9e avec son socle noir amovible.<br \/>\nMati\u00e8re: r\u00e9sine<\/p>\n<p>&nbsp;<\/p>\n<p>Plongez dans l\u2019univers Attakus de Star Wars et d\u00e9couvrez les statues de la collection Classique, \u00e0 l\u2019\u00e9chelle 1\/5\u00e8me !<br \/>\nThe Mandalorian &amp; Grogu tels qu&rsquo;ils apparaissent dans la s\u00e9rie The Mandalorian.<\/p>\n<p>Collection phare chez Attakus, la collection STAR WARS ELITE propose des statues de collection \u00e0 l\u2019\u00e9chelle 1\/10\u00e8me, soit une vingtaine de centim\u00e8tres pour la majorit\u00e9 des personnages. Elles sont r\u00e9alis\u00e9es en r\u00e9sine et peintes \u00e0 la main.<\/p>\n<p>&nbsp;<\/p>\n<p><img loading=\"lazy\" decoding=\"async\" class=\"arrondie aligncenter wp-image-13150 size-full\" src=\"https:\/\/attakus.art\/wp-content\/uploads\/2021\/07\/starwars-attakus-mege-menu-attakus-collection-statues-figurines-franco-belge-star-war.jpg\" alt=\"\" width=\"300\" height=\"250\" \/><\/p>","protected":false},"excerpt":{"rendered":"<p style=\"text-align: left;\" align=\"center\"><strong><span style=\"color: #ff0000;\">\u00a0<\/span><\/strong><\/p>\n<p style=\"text-align: left;\" align=\"center\">Ce pack contient :<\/p>\n<ul>\n<li>La statue de Din Djarin, The Mandalorian 1\/5e (489 \u20ac), 350 ex. Sculpt\u00e9e en France et peinte \u00e0 la main, livr\u00e9e avec certificat d&rsquo;authenticit\u00e9<\/li>\n<li>La statue de Grogu &#8211; Summoning the Force\u00a0 (139 \u20ac), 500 ex. Sculpt\u00e9e en France et peinte \u00e0 la main, livr\u00e9e avec certificat d&rsquo;authenticit\u00e9<\/li>\n<\/ul>","protected":false},"featured_media":21223,"comment_status":"closed","ping_status":"closed","template":"","meta":[],"product_brand":[],"product_cat":[123,186,116,106],"product_tag":[180,187,209,210],"class_list":{"0":"post-20839","1":"product","2":"type-product","3":"status-publish","4":"has-post-thumbnail","6":"product_cat-collection-classique-1-5e","7":"product_cat-grogu","8":"product_cat-star-wars","9":"product_cat-statues","10":"product_tag-180","11":"product_tag-187","12":"product_tag-bundle","13":"product_tag-bundles","15":"first","16":"instock","17":"taxable","18":"shipping-taxable","19":"purchasable","20":"product-type-simple"},"yoast_head":"<!-- This site is optimized with the Yoast SEO plugin v26.9 - https:\/\/yoast.com\/product\/yoast-seo-wordpress\/ -->\n<title>The Mandalorian &amp; Grogu - Summoning the Force 1\/5e - Star wars - comixburo.com<\/title>\n<meta name=\"description\" content=\"The Mandalorian &amp; Grogu ! Profitez d&#039;une remise pour l&#039;achat des deux statues ! Sculpt\u00e9es en France, peintes \u00e0 la main. D&#039;apr\u00e8s la s\u00e9rie The Mandalorian.\" \/>\n<meta name=\"robots\" content=\"index, follow, max-snippet:-1, max-image-preview:large, max-video-preview:-1\" \/>\n<link rel=\"canonical\" href=\"https:\/\/comixburo.com\/en\/product\/the-mandalorian-grogu-summoning-the-force-1-5e-star-wars\/\" \/>\n<meta property=\"og:locale\" content=\"en_GB\" \/>\n<meta property=\"og:type\" content=\"article\" \/>\n<meta property=\"og:title\" content=\"The Mandalorian &amp; Grogu - Summoning the Force 1\/5e - Star wars - comixburo.com\" \/>\n<meta property=\"og:description\" content=\"The Mandalorian &amp; Grogu ! Profitez d&#039;une remise pour l&#039;achat des deux statues ! Sculpt\u00e9es en France, peintes \u00e0 la main. D&#039;apr\u00e8s la s\u00e9rie The Mandalorian.\" \/>\n<meta property=\"og:url\" content=\"https:\/\/comixburo.com\/en\/product\/the-mandalorian-grogu-summoning-the-force-1-5e-star-wars\/\" \/>\n<meta property=\"og:site_name\" content=\"comixburo.com\" \/>\n<meta property=\"article:publisher\" content=\"https:\/\/www.facebook.com\/comixburo\" \/>\n<meta property=\"article:modified_time\" content=\"2026-01-14T12:23:33+00:00\" \/>\n<meta property=\"og:image\" content=\"https:\/\/comixburo.com\/wp-content\/uploads\/2025\/07\/bundle-mandalorian-grogu-10eme-attakus-figurine-starwars.webp\" \/>\n\t<meta property=\"og:image:width\" content=\"674\" \/>\n\t<meta property=\"og:image:height\" content=\"1000\" \/>\n\t<meta property=\"og:image:type\" content=\"image\/webp\" \/>\n<meta name=\"twitter:card\" content=\"summary_large_image\" \/>\n<meta name=\"twitter:label1\" content=\"Estimated reading time\" \/>\n\t<meta name=\"twitter:data1\" content=\"2 minutes\" \/>\n<script type=\"application\/ld+json\" class=\"yoast-schema-graph\">{\"@context\":\"https:\/\/schema.org\",\"@graph\":[{\"@type\":\"WebPage\",\"@id\":\"https:\/\/comixburo.com\/produit\/the-mandalorian-grogu-summoning-the-force-1-5e-star-wars\/\",\"url\":\"https:\/\/comixburo.com\/produit\/the-mandalorian-grogu-summoning-the-force-1-5e-star-wars\/\",\"name\":\"The Mandalorian & Grogu - Summoning the Force 1\/5e - Star wars - comixburo.com\",\"isPartOf\":{\"@id\":\"https:\/\/comixburo.com\/#website\"},\"primaryImageOfPage\":{\"@id\":\"https:\/\/comixburo.com\/produit\/the-mandalorian-grogu-summoning-the-force-1-5e-star-wars\/#primaryimage\"},\"image\":{\"@id\":\"https:\/\/comixburo.com\/produit\/the-mandalorian-grogu-summoning-the-force-1-5e-star-wars\/#primaryimage\"},\"thumbnailUrl\":\"https:\/\/comixburo.com\/wp-content\/uploads\/2025\/07\/bundle-mandalorian-grogu-10eme-attakus-figurine-starwars.webp\",\"datePublished\":\"2025-07-18T08:21:38+00:00\",\"dateModified\":\"2026-01-14T12:23:33+00:00\",\"description\":\"The Mandalorian & Grogu ! Profitez d'une remise pour l'achat des deux statues ! Sculpt\u00e9es en France, peintes \u00e0 la main. D'apr\u00e8s la s\u00e9rie The Mandalorian.\",\"breadcrumb\":{\"@id\":\"https:\/\/comixburo.com\/produit\/the-mandalorian-grogu-summoning-the-force-1-5e-star-wars\/#breadcrumb\"},\"inLanguage\":\"en-GB\",\"potentialAction\":[{\"@type\":\"ReadAction\",\"target\":[\"https:\/\/comixburo.com\/produit\/the-mandalorian-grogu-summoning-the-force-1-5e-star-wars\/\"]}]},{\"@type\":\"ImageObject\",\"inLanguage\":\"en-GB\",\"@id\":\"https:\/\/comixburo.com\/produit\/the-mandalorian-grogu-summoning-the-force-1-5e-star-wars\/#primaryimage\",\"url\":\"https:\/\/comixburo.com\/wp-content\/uploads\/2025\/07\/bundle-mandalorian-grogu-10eme-attakus-figurine-starwars.webp\",\"contentUrl\":\"https:\/\/comixburo.com\/wp-content\/uploads\/2025\/07\/bundle-mandalorian-grogu-10eme-attakus-figurine-starwars.webp\",\"width\":674,\"height\":1000},{\"@type\":\"BreadcrumbList\",\"@id\":\"https:\/\/comixburo.com\/produit\/the-mandalorian-grogu-summoning-the-force-1-5e-star-wars\/#breadcrumb\",\"itemListElement\":[{\"@type\":\"ListItem\",\"position\":1,\"name\":\"Home\",\"item\":\"https:\/\/comixburo.com\/\"},{\"@type\":\"ListItem\",\"position\":2,\"name\":\"La boutique Comix Buro\",\"item\":\"https:\/\/comixburo.com\/la-boutique-comix-buro\/\"},{\"@type\":\"ListItem\",\"position\":3,\"name\":\"The Mandalorian &#038; Grogu &#8211; Summoning the Force 1\/5e &#8211; Star wars\"}]},{\"@type\":\"WebSite\",\"@id\":\"https:\/\/comixburo.com\/#website\",\"url\":\"https:\/\/comixburo.com\/\",\"name\":\"comixburo.com\",\"description\":\"Cr\u00e9ateur de projets : Sketchbook d&#039;artistes !\",\"publisher\":{\"@id\":\"https:\/\/comixburo.com\/#organization\"},\"alternateName\":\"Comix Buro\",\"potentialAction\":[{\"@type\":\"SearchAction\",\"target\":{\"@type\":\"EntryPoint\",\"urlTemplate\":\"https:\/\/comixburo.com\/?s={search_term_string}\"},\"query-input\":{\"@type\":\"PropertyValueSpecification\",\"valueRequired\":true,\"valueName\":\"search_term_string\"}}],\"inLanguage\":\"en-GB\"},{\"@type\":\"Organization\",\"@id\":\"https:\/\/comixburo.com\/#organization\",\"name\":\"comixburo.com\",\"url\":\"https:\/\/comixburo.com\/\",\"logo\":{\"@type\":\"ImageObject\",\"inLanguage\":\"en-GB\",\"@id\":\"https:\/\/comixburo.com\/#\/schema\/logo\/image\/\",\"url\":\"https:\/\/comixburo.com\/wp-content\/uploads\/2025\/04\/logo-cxb-ROND.webp\",\"contentUrl\":\"https:\/\/comixburo.com\/wp-content\/uploads\/2025\/04\/logo-cxb-ROND.webp\",\"width\":200,\"height\":200,\"caption\":\"comixburo.com\"},\"image\":{\"@id\":\"https:\/\/comixburo.com\/#\/schema\/logo\/image\/\"},\"sameAs\":[\"https:\/\/www.facebook.com\/comixburo\",\"https:\/\/www.instagram.com\/comixburo\/\"]}]}<\/script>\n<!-- \/ Yoast SEO plugin. -->","yoast_head_json":{"title":"The Mandalorian & Grogu - Summoning the Force 1\/5e - Star wars - comixburo.com","description":"The Mandalorian & Grogu ! Profitez d'une remise pour l'achat des deux statues ! Sculpt\u00e9es en France, peintes \u00e0 la main. D'apr\u00e8s la s\u00e9rie The Mandalorian.","robots":{"index":"index","follow":"follow","max-snippet":"max-snippet:-1","max-image-preview":"max-image-preview:large","max-video-preview":"max-video-preview:-1"},"canonical":"https:\/\/comixburo.com\/en\/product\/the-mandalorian-grogu-summoning-the-force-1-5e-star-wars\/","og_locale":"en_GB","og_type":"article","og_title":"The Mandalorian & Grogu - Summoning the Force 1\/5e - Star wars - comixburo.com","og_description":"The Mandalorian & Grogu ! Profitez d'une remise pour l'achat des deux statues ! Sculpt\u00e9es en France, peintes \u00e0 la main. D'apr\u00e8s la s\u00e9rie The Mandalorian.","og_url":"https:\/\/comixburo.com\/en\/product\/the-mandalorian-grogu-summoning-the-force-1-5e-star-wars\/","og_site_name":"comixburo.com","article_publisher":"https:\/\/www.facebook.com\/comixburo","article_modified_time":"2026-01-14T12:23:33+00:00","og_image":[{"width":674,"height":1000,"url":"https:\/\/comixburo.com\/wp-content\/uploads\/2025\/07\/bundle-mandalorian-grogu-10eme-attakus-figurine-starwars.webp","type":"image\/webp"}],"twitter_card":"summary_large_image","twitter_misc":{"Estimated reading time":"2 minutes"},"schema":{"@context":"https:\/\/schema.org","@graph":[{"@type":"WebPage","@id":"https:\/\/comixburo.com\/produit\/the-mandalorian-grogu-summoning-the-force-1-5e-star-wars\/","url":"https:\/\/comixburo.com\/produit\/the-mandalorian-grogu-summoning-the-force-1-5e-star-wars\/","name":"The Mandalorian & Grogu - Summoning the Force 1\/5e - Star wars - comixburo.com","isPartOf":{"@id":"https:\/\/comixburo.com\/#website"},"primaryImageOfPage":{"@id":"https:\/\/comixburo.com\/produit\/the-mandalorian-grogu-summoning-the-force-1-5e-star-wars\/#primaryimage"},"image":{"@id":"https:\/\/comixburo.com\/produit\/the-mandalorian-grogu-summoning-the-force-1-5e-star-wars\/#primaryimage"},"thumbnailUrl":"https:\/\/comixburo.com\/wp-content\/uploads\/2025\/07\/bundle-mandalorian-grogu-10eme-attakus-figurine-starwars.webp","datePublished":"2025-07-18T08:21:38+00:00","dateModified":"2026-01-14T12:23:33+00:00","description":"The Mandalorian & Grogu ! Profitez d'une remise pour l'achat des deux statues ! Sculpt\u00e9es en France, peintes \u00e0 la main. D'apr\u00e8s la s\u00e9rie The Mandalorian.","breadcrumb":{"@id":"https:\/\/comixburo.com\/produit\/the-mandalorian-grogu-summoning-the-force-1-5e-star-wars\/#breadcrumb"},"inLanguage":"en-GB","potentialAction":[{"@type":"ReadAction","target":["https:\/\/comixburo.com\/produit\/the-mandalorian-grogu-summoning-the-force-1-5e-star-wars\/"]}]},{"@type":"ImageObject","inLanguage":"en-GB","@id":"https:\/\/comixburo.com\/produit\/the-mandalorian-grogu-summoning-the-force-1-5e-star-wars\/#primaryimage","url":"https:\/\/comixburo.com\/wp-content\/uploads\/2025\/07\/bundle-mandalorian-grogu-10eme-attakus-figurine-starwars.webp","contentUrl":"https:\/\/comixburo.com\/wp-content\/uploads\/2025\/07\/bundle-mandalorian-grogu-10eme-attakus-figurine-starwars.webp","width":674,"height":1000},{"@type":"BreadcrumbList","@id":"https:\/\/comixburo.com\/produit\/the-mandalorian-grogu-summoning-the-force-1-5e-star-wars\/#breadcrumb","itemListElement":[{"@type":"ListItem","position":1,"name":"Home","item":"https:\/\/comixburo.com\/"},{"@type":"ListItem","position":2,"name":"La boutique Comix Buro","item":"https:\/\/comixburo.com\/la-boutique-comix-buro\/"},{"@type":"ListItem","position":3,"name":"The Mandalorian &#038; Grogu &#8211; Summoning the Force 1\/5e &#8211; Star wars"}]},{"@type":"WebSite","@id":"https:\/\/comixburo.com\/#website","url":"https:\/\/comixburo.com\/","name":"comixburo.com","description":"Cr\u00e9ateur de projets : Sketchbook d&#039;artistes !","publisher":{"@id":"https:\/\/comixburo.com\/#organization"},"alternateName":"Comix Buro","potentialAction":[{"@type":"SearchAction","target":{"@type":"EntryPoint","urlTemplate":"https:\/\/comixburo.com\/?s={search_term_string}"},"query-input":{"@type":"PropertyValueSpecification","valueRequired":true,"valueName":"search_term_string"}}],"inLanguage":"en-GB"},{"@type":"Organization","@id":"https:\/\/comixburo.com\/#organization","name":"comixburo.com","url":"https:\/\/comixburo.com\/","logo":{"@type":"ImageObject","inLanguage":"en-GB","@id":"https:\/\/comixburo.com\/#\/schema\/logo\/image\/","url":"https:\/\/comixburo.com\/wp-content\/uploads\/2025\/04\/logo-cxb-ROND.webp","contentUrl":"https:\/\/comixburo.com\/wp-content\/uploads\/2025\/04\/logo-cxb-ROND.webp","width":200,"height":200,"caption":"comixburo.com"},"image":{"@id":"https:\/\/comixburo.com\/#\/schema\/logo\/image\/"},"sameAs":["https:\/\/www.facebook.com\/comixburo","https:\/\/www.instagram.com\/comixburo\/"]}]}},"jetpack_sharing_enabled":true,"_links":{"self":[{"href":"https:\/\/comixburo.com\/en\/wp-json\/wp\/v2\/product\/20839","targetHints":{"allow":["GET"]}}],"collection":[{"href":"https:\/\/comixburo.com\/en\/wp-json\/wp\/v2\/product"}],"about":[{"href":"https:\/\/comixburo.com\/en\/wp-json\/wp\/v2\/types\/product"}],"replies":[{"embeddable":true,"href":"https:\/\/comixburo.com\/en\/wp-json\/wp\/v2\/comments?post=20839"}],"version-history":[{"count":1,"href":"https:\/\/comixburo.com\/en\/wp-json\/wp\/v2\/product\/20839\/revisions"}],"predecessor-version":[{"id":21041,"href":"https:\/\/comixburo.com\/en\/wp-json\/wp\/v2\/product\/20839\/revisions\/21041"}],"wp:featuredmedia":[{"embeddable":true,"href":"https:\/\/comixburo.com\/en\/wp-json\/wp\/v2\/media\/21223"}],"wp:attachment":[{"href":"https:\/\/comixburo.com\/en\/wp-json\/wp\/v2\/media?parent=20839"}],"wp:term":[{"taxonomy":"product_brand","embeddable":true,"href":"https:\/\/comixburo.com\/en\/wp-json\/wp\/v2\/product_brand?post=20839"},{"taxonomy":"product_cat","embeddable":true,"href":"https:\/\/comixburo.com\/en\/wp-json\/wp\/v2\/product_cat?post=20839"},{"taxonomy":"product_tag","embeddable":true,"href":"https:\/\/comixburo.com\/en\/wp-json\/wp\/v2\/product_tag?post=20839"}],"curies":[{"name":"wp","href":"https:\/\/api.w.org\/{rel}","templated":true}]}}