{"id":20889,"date":"2025-07-18T10:23:10","date_gmt":"2025-07-18T08:23:10","guid":{"rendered":"https:\/\/comixburo.com\/?post_type=product&#038;p=20889"},"modified":"2025-10-04T00:39:53","modified_gmt":"2025-10-03T22:39:53","slug":"the-mandalorian-grogu-1-5e-diorama-collector-ultra-limite","status":"publish","type":"product","link":"https:\/\/comixburo.com\/en\/product\/the-mandalorian-grogu-1-5e-diorama-collector-ultra-limite\/","title":{"rendered":"The Mandalorian &#038; Grogu 1\/5e &#8211; Diorama Collector ULTRA LIMIT\u00c9"},"content":{"rendered":"<h2 style=\"text-align: center;\"><strong><span style=\"color: #ff0000;\">Seulement deux exemplaires disponibles !<\/span><\/strong><\/h2>\n<p style=\"text-align: center;\">The Mandalorian &amp; Grogu 1\/5e &#8211; Ultra collector Diorama<\/p>\n<ul>\n<li>\n<p data-start=\"571\" data-end=\"635\"><strong data-start=\"574\" data-end=\"633\">Ultra collector \u2013 seulement 2 exemplaires disponibles !<\/strong><\/p>\n<p data-start=\"637\" data-end=\"782\">D\u00e9couvrez ce spectaculaire <strong data-start=\"664\" data-end=\"699\">diorama The Mandalorian &amp; Grogu<\/strong>, \u00e0 l\u2019\u00e9chelle <strong data-start=\"713\" data-end=\"723\">1\/5\u00e8me<\/strong>, issu de la prestigieuse <strong data-start=\"749\" data-end=\"779\">collection Classic Attakus<\/strong>.<\/p>\n<p data-start=\"784\" data-end=\"969\"><strong data-start=\"787\" data-end=\"814\">\u00c9preuves d\u2019Artiste (EA)<\/strong> : tirage limit\u00e9 \u00e0 <strong data-start=\"833\" data-end=\"865\">20 exemplaires dans le monde<\/strong>.<br data-start=\"866\" data-end=\"869\" \/>La s\u00e9rie principale de <strong data-start=\"895\" data-end=\"921\">80 statues est \u00e9puis\u00e9e<\/strong>, faisant de cette pi\u00e8ce une v\u00e9ritable raret\u00e9.<\/p>\n<p data-start=\"971\" data-end=\"995\"><strong data-start=\"971\" data-end=\"993\">Caract\u00e9ristiques :<\/strong><\/p>\n<ul data-start=\"996\" data-end=\"1182\">\n<li data-start=\"996\" data-end=\"1015\">\n<p data-start=\"998\" data-end=\"1015\">Hauteur : 54 cm<\/p>\n<\/li>\n<li data-start=\"1016\" data-end=\"1055\">\n<p data-start=\"1018\" data-end=\"1055\">Socle rocheux : 42 cm de profondeur<\/p>\n<\/li>\n<li data-start=\"1056\" data-end=\"1093\">\n<p data-start=\"1058\" data-end=\"1093\">Mati\u00e8re : r\u00e9sine de haute qualit\u00e9<\/p>\n<\/li>\n<li data-start=\"1094\" data-end=\"1133\">\n<p data-start=\"1096\" data-end=\"1133\">Sculpt\u00e9 en France &amp; peint \u00e0 la main<\/p>\n<\/li>\n<li data-start=\"1134\" data-end=\"1182\">\n<p data-start=\"1136\" data-end=\"1182\">Livr\u00e9 avec certificat d\u2019authenticit\u00e9 Attakus<\/p>\n<\/li>\n<\/ul>\n<p data-start=\"1184\" data-end=\"1350\">\u00a0Fid\u00e8le \u00e0 l\u2019univers Star Wars, ce diorama capture l\u2019intensit\u00e9 du Mandalorien, sabre en main, accompagn\u00e9 de Grogu. Une <strong data-start=\"1303\" data-end=\"1322\">pi\u00e8ce ma\u00eetresse<\/strong> pour tout collectionneur.<\/p>\n<\/li>\n<\/ul>","protected":false},"excerpt":{"rendered":"<p align=\"center\"><em><strong>Collection Classique 1\/5e.<\/strong> <\/em><\/p>\n<p align=\"center\"><em><strong>LIVRAISON \u00c0 PARTIR DU 13 DECEMBRE 2024.<\/strong> <\/em><\/p>\n<p>Pi\u00e8ce r\u00e9alis\u00e9e pour les 25 ans d&rsquo;Attakus. Offrez-vous une pi\u00e8ce exceptionnelle qui incarne l&rsquo;histoire d&rsquo;Attakus avec la licence Star Wars, au travers d&rsquo;un tirage <strong>ULTRA CONFIDENTIEL<\/strong> (80 ex.)<\/p>\n<p><strong>Seulement quelques exemplaires disponibles.<strong><span style=\"color: #ffffff;\">mando manda le mandalorien le mandalorian grogu the child<br \/>\n<\/span><\/strong><\/strong><\/p>\n<p>&nbsp;<\/p>","protected":false},"featured_media":21193,"comment_status":"closed","ping_status":"closed","template":"","meta":[],"product_brand":[],"product_cat":[125,116,106],"product_tag":[180],"class_list":{"0":"post-20889","1":"product","2":"type-product","3":"status-publish","4":"has-post-thumbnail","6":"product_cat-collection-prestige","7":"product_cat-star-wars","8":"product_cat-statues","9":"product_tag-180","11":"first","12":"instock","13":"featured","14":"taxable","15":"shipping-taxable","16":"purchasable","17":"product-type-simple"},"yoast_head":"<!-- This site is optimized with the Yoast SEO plugin v26.9 - https:\/\/yoast.com\/product\/yoast-seo-wordpress\/ -->\n<title>The Mandalorian &amp; Grogu - comixburo.com - Statue de collection<\/title>\n<meta name=\"description\" content=\"Pi\u00e8ce exceptionnelle du Mandalorian avec Grogu de 54 cm, r\u00e9alis\u00e9e pour les 25 ans d&#039;Attakus. Tirage ultra confindentiel avec seulement 80 Ex dans le monde.\" \/>\n<meta name=\"robots\" content=\"index, follow, max-snippet:-1, max-image-preview:large, max-video-preview:-1\" \/>\n<link rel=\"canonical\" href=\"https:\/\/comixburo.com\/en\/product\/the-mandalorian-grogu-1-5e-diorama-collector-ultra-limite\/\" \/>\n<meta property=\"og:locale\" content=\"en_GB\" \/>\n<meta property=\"og:type\" content=\"article\" \/>\n<meta property=\"og:title\" content=\"The Mandalorian &amp; Grogu - comixburo.com - Statue de collection\" \/>\n<meta property=\"og:description\" content=\"Pi\u00e8ce exceptionnelle du Mandalorian avec Grogu de 54 cm, r\u00e9alis\u00e9e pour les 25 ans d&#039;Attakus. Tirage ultra confindentiel avec seulement 80 Ex dans le monde.\" \/>\n<meta property=\"og:url\" content=\"https:\/\/comixburo.com\/en\/product\/the-mandalorian-grogu-1-5e-diorama-collector-ultra-limite\/\" \/>\n<meta property=\"og:site_name\" content=\"comixburo.com\" \/>\n<meta property=\"article:publisher\" content=\"https:\/\/www.facebook.com\/comixburo\" \/>\n<meta property=\"article:modified_time\" content=\"2025-10-03T22:39:53+00:00\" \/>\n<meta property=\"og:image\" content=\"https:\/\/comixburo.com\/wp-content\/uploads\/2025\/07\/sw108-mandalorian-grogu-5eme-attakus-figurine-starwars.webp\" \/>\n\t<meta property=\"og:image:width\" content=\"674\" \/>\n\t<meta property=\"og:image:height\" content=\"1000\" \/>\n\t<meta property=\"og:image:type\" content=\"image\/webp\" \/>\n<meta name=\"twitter:card\" content=\"summary_large_image\" \/>\n<meta name=\"twitter:label1\" content=\"Estimated reading time\" \/>\n\t<meta name=\"twitter:data1\" content=\"1 minute\" \/>\n<script type=\"application\/ld+json\" class=\"yoast-schema-graph\">{\"@context\":\"https:\/\/schema.org\",\"@graph\":[{\"@type\":\"WebPage\",\"@id\":\"https:\/\/comixburo.com\/produit\/the-mandalorian-grogu-1-5e-diorama-collector-ultra-limite\/\",\"url\":\"https:\/\/comixburo.com\/produit\/the-mandalorian-grogu-1-5e-diorama-collector-ultra-limite\/\",\"name\":\"The Mandalorian & Grogu - comixburo.com - Statue de collection\",\"isPartOf\":{\"@id\":\"https:\/\/comixburo.com\/#website\"},\"primaryImageOfPage\":{\"@id\":\"https:\/\/comixburo.com\/produit\/the-mandalorian-grogu-1-5e-diorama-collector-ultra-limite\/#primaryimage\"},\"image\":{\"@id\":\"https:\/\/comixburo.com\/produit\/the-mandalorian-grogu-1-5e-diorama-collector-ultra-limite\/#primaryimage\"},\"thumbnailUrl\":\"https:\/\/comixburo.com\/wp-content\/uploads\/2025\/07\/sw108-mandalorian-grogu-5eme-attakus-figurine-starwars.webp\",\"datePublished\":\"2025-07-18T08:23:10+00:00\",\"dateModified\":\"2025-10-03T22:39:53+00:00\",\"description\":\"Pi\u00e8ce exceptionnelle du Mandalorian avec Grogu de 54 cm, r\u00e9alis\u00e9e pour les 25 ans d'Attakus. Tirage ultra confindentiel avec seulement 80 Ex dans le monde.\",\"breadcrumb\":{\"@id\":\"https:\/\/comixburo.com\/produit\/the-mandalorian-grogu-1-5e-diorama-collector-ultra-limite\/#breadcrumb\"},\"inLanguage\":\"en-GB\",\"potentialAction\":[{\"@type\":\"ReadAction\",\"target\":[\"https:\/\/comixburo.com\/produit\/the-mandalorian-grogu-1-5e-diorama-collector-ultra-limite\/\"]}]},{\"@type\":\"ImageObject\",\"inLanguage\":\"en-GB\",\"@id\":\"https:\/\/comixburo.com\/produit\/the-mandalorian-grogu-1-5e-diorama-collector-ultra-limite\/#primaryimage\",\"url\":\"https:\/\/comixburo.com\/wp-content\/uploads\/2025\/07\/sw108-mandalorian-grogu-5eme-attakus-figurine-starwars.webp\",\"contentUrl\":\"https:\/\/comixburo.com\/wp-content\/uploads\/2025\/07\/sw108-mandalorian-grogu-5eme-attakus-figurine-starwars.webp\",\"width\":674,\"height\":1000},{\"@type\":\"BreadcrumbList\",\"@id\":\"https:\/\/comixburo.com\/produit\/the-mandalorian-grogu-1-5e-diorama-collector-ultra-limite\/#breadcrumb\",\"itemListElement\":[{\"@type\":\"ListItem\",\"position\":1,\"name\":\"Home\",\"item\":\"https:\/\/comixburo.com\/\"},{\"@type\":\"ListItem\",\"position\":2,\"name\":\"La boutique Comix Buro\",\"item\":\"https:\/\/comixburo.com\/la-boutique-comix-buro\/\"},{\"@type\":\"ListItem\",\"position\":3,\"name\":\"The Mandalorian &#038; Grogu 1\/5e &#8211; Diorama Collector ULTRA LIMIT\u00c9\"}]},{\"@type\":\"WebSite\",\"@id\":\"https:\/\/comixburo.com\/#website\",\"url\":\"https:\/\/comixburo.com\/\",\"name\":\"comixburo.com\",\"description\":\"Cr\u00e9ateur de projets : Sketchbook d&#039;artistes !\",\"publisher\":{\"@id\":\"https:\/\/comixburo.com\/#organization\"},\"alternateName\":\"Comix Buro\",\"potentialAction\":[{\"@type\":\"SearchAction\",\"target\":{\"@type\":\"EntryPoint\",\"urlTemplate\":\"https:\/\/comixburo.com\/?s={search_term_string}\"},\"query-input\":{\"@type\":\"PropertyValueSpecification\",\"valueRequired\":true,\"valueName\":\"search_term_string\"}}],\"inLanguage\":\"en-GB\"},{\"@type\":\"Organization\",\"@id\":\"https:\/\/comixburo.com\/#organization\",\"name\":\"comixburo.com\",\"url\":\"https:\/\/comixburo.com\/\",\"logo\":{\"@type\":\"ImageObject\",\"inLanguage\":\"en-GB\",\"@id\":\"https:\/\/comixburo.com\/#\/schema\/logo\/image\/\",\"url\":\"https:\/\/comixburo.com\/wp-content\/uploads\/2025\/04\/logo-cxb-ROND.webp\",\"contentUrl\":\"https:\/\/comixburo.com\/wp-content\/uploads\/2025\/04\/logo-cxb-ROND.webp\",\"width\":200,\"height\":200,\"caption\":\"comixburo.com\"},\"image\":{\"@id\":\"https:\/\/comixburo.com\/#\/schema\/logo\/image\/\"},\"sameAs\":[\"https:\/\/www.facebook.com\/comixburo\",\"https:\/\/www.instagram.com\/comixburo\/\"]}]}<\/script>\n<!-- \/ Yoast SEO plugin. -->","yoast_head_json":{"title":"The Mandalorian & Grogu - comixburo.com - Statue de collection","description":"Pi\u00e8ce exceptionnelle du Mandalorian avec Grogu de 54 cm, r\u00e9alis\u00e9e pour les 25 ans d'Attakus. Tirage ultra confindentiel avec seulement 80 Ex dans le monde.","robots":{"index":"index","follow":"follow","max-snippet":"max-snippet:-1","max-image-preview":"max-image-preview:large","max-video-preview":"max-video-preview:-1"},"canonical":"https:\/\/comixburo.com\/en\/product\/the-mandalorian-grogu-1-5e-diorama-collector-ultra-limite\/","og_locale":"en_GB","og_type":"article","og_title":"The Mandalorian & Grogu - comixburo.com - Statue de collection","og_description":"Pi\u00e8ce exceptionnelle du Mandalorian avec Grogu de 54 cm, r\u00e9alis\u00e9e pour les 25 ans d'Attakus. Tirage ultra confindentiel avec seulement 80 Ex dans le monde.","og_url":"https:\/\/comixburo.com\/en\/product\/the-mandalorian-grogu-1-5e-diorama-collector-ultra-limite\/","og_site_name":"comixburo.com","article_publisher":"https:\/\/www.facebook.com\/comixburo","article_modified_time":"2025-10-03T22:39:53+00:00","og_image":[{"width":674,"height":1000,"url":"https:\/\/comixburo.com\/wp-content\/uploads\/2025\/07\/sw108-mandalorian-grogu-5eme-attakus-figurine-starwars.webp","type":"image\/webp"}],"twitter_card":"summary_large_image","twitter_misc":{"Estimated reading time":"1 minute"},"schema":{"@context":"https:\/\/schema.org","@graph":[{"@type":"WebPage","@id":"https:\/\/comixburo.com\/produit\/the-mandalorian-grogu-1-5e-diorama-collector-ultra-limite\/","url":"https:\/\/comixburo.com\/produit\/the-mandalorian-grogu-1-5e-diorama-collector-ultra-limite\/","name":"The Mandalorian & Grogu - comixburo.com - Statue de collection","isPartOf":{"@id":"https:\/\/comixburo.com\/#website"},"primaryImageOfPage":{"@id":"https:\/\/comixburo.com\/produit\/the-mandalorian-grogu-1-5e-diorama-collector-ultra-limite\/#primaryimage"},"image":{"@id":"https:\/\/comixburo.com\/produit\/the-mandalorian-grogu-1-5e-diorama-collector-ultra-limite\/#primaryimage"},"thumbnailUrl":"https:\/\/comixburo.com\/wp-content\/uploads\/2025\/07\/sw108-mandalorian-grogu-5eme-attakus-figurine-starwars.webp","datePublished":"2025-07-18T08:23:10+00:00","dateModified":"2025-10-03T22:39:53+00:00","description":"Pi\u00e8ce exceptionnelle du Mandalorian avec Grogu de 54 cm, r\u00e9alis\u00e9e pour les 25 ans d'Attakus. Tirage ultra confindentiel avec seulement 80 Ex dans le monde.","breadcrumb":{"@id":"https:\/\/comixburo.com\/produit\/the-mandalorian-grogu-1-5e-diorama-collector-ultra-limite\/#breadcrumb"},"inLanguage":"en-GB","potentialAction":[{"@type":"ReadAction","target":["https:\/\/comixburo.com\/produit\/the-mandalorian-grogu-1-5e-diorama-collector-ultra-limite\/"]}]},{"@type":"ImageObject","inLanguage":"en-GB","@id":"https:\/\/comixburo.com\/produit\/the-mandalorian-grogu-1-5e-diorama-collector-ultra-limite\/#primaryimage","url":"https:\/\/comixburo.com\/wp-content\/uploads\/2025\/07\/sw108-mandalorian-grogu-5eme-attakus-figurine-starwars.webp","contentUrl":"https:\/\/comixburo.com\/wp-content\/uploads\/2025\/07\/sw108-mandalorian-grogu-5eme-attakus-figurine-starwars.webp","width":674,"height":1000},{"@type":"BreadcrumbList","@id":"https:\/\/comixburo.com\/produit\/the-mandalorian-grogu-1-5e-diorama-collector-ultra-limite\/#breadcrumb","itemListElement":[{"@type":"ListItem","position":1,"name":"Home","item":"https:\/\/comixburo.com\/"},{"@type":"ListItem","position":2,"name":"La boutique Comix Buro","item":"https:\/\/comixburo.com\/la-boutique-comix-buro\/"},{"@type":"ListItem","position":3,"name":"The Mandalorian &#038; Grogu 1\/5e &#8211; Diorama Collector ULTRA LIMIT\u00c9"}]},{"@type":"WebSite","@id":"https:\/\/comixburo.com\/#website","url":"https:\/\/comixburo.com\/","name":"comixburo.com","description":"Cr\u00e9ateur de projets : Sketchbook d&#039;artistes !","publisher":{"@id":"https:\/\/comixburo.com\/#organization"},"alternateName":"Comix Buro","potentialAction":[{"@type":"SearchAction","target":{"@type":"EntryPoint","urlTemplate":"https:\/\/comixburo.com\/?s={search_term_string}"},"query-input":{"@type":"PropertyValueSpecification","valueRequired":true,"valueName":"search_term_string"}}],"inLanguage":"en-GB"},{"@type":"Organization","@id":"https:\/\/comixburo.com\/#organization","name":"comixburo.com","url":"https:\/\/comixburo.com\/","logo":{"@type":"ImageObject","inLanguage":"en-GB","@id":"https:\/\/comixburo.com\/#\/schema\/logo\/image\/","url":"https:\/\/comixburo.com\/wp-content\/uploads\/2025\/04\/logo-cxb-ROND.webp","contentUrl":"https:\/\/comixburo.com\/wp-content\/uploads\/2025\/04\/logo-cxb-ROND.webp","width":200,"height":200,"caption":"comixburo.com"},"image":{"@id":"https:\/\/comixburo.com\/#\/schema\/logo\/image\/"},"sameAs":["https:\/\/www.facebook.com\/comixburo","https:\/\/www.instagram.com\/comixburo\/"]}]}},"jetpack_sharing_enabled":true,"_links":{"self":[{"href":"https:\/\/comixburo.com\/en\/wp-json\/wp\/v2\/product\/20889","targetHints":{"allow":["GET"]}}],"collection":[{"href":"https:\/\/comixburo.com\/en\/wp-json\/wp\/v2\/product"}],"about":[{"href":"https:\/\/comixburo.com\/en\/wp-json\/wp\/v2\/types\/product"}],"replies":[{"embeddable":true,"href":"https:\/\/comixburo.com\/en\/wp-json\/wp\/v2\/comments?post=20889"}],"version-history":[{"count":5,"href":"https:\/\/comixburo.com\/en\/wp-json\/wp\/v2\/product\/20889\/revisions"}],"predecessor-version":[{"id":21234,"href":"https:\/\/comixburo.com\/en\/wp-json\/wp\/v2\/product\/20889\/revisions\/21234"}],"wp:featuredmedia":[{"embeddable":true,"href":"https:\/\/comixburo.com\/en\/wp-json\/wp\/v2\/media\/21193"}],"wp:attachment":[{"href":"https:\/\/comixburo.com\/en\/wp-json\/wp\/v2\/media?parent=20889"}],"wp:term":[{"taxonomy":"product_brand","embeddable":true,"href":"https:\/\/comixburo.com\/en\/wp-json\/wp\/v2\/product_brand?post=20889"},{"taxonomy":"product_cat","embeddable":true,"href":"https:\/\/comixburo.com\/en\/wp-json\/wp\/v2\/product_cat?post=20889"},{"taxonomy":"product_tag","embeddable":true,"href":"https:\/\/comixburo.com\/en\/wp-json\/wp\/v2\/product_tag?post=20889"}],"curies":[{"name":"wp","href":"https:\/\/api.w.org\/{rel}","templated":true}]}}