{"id":21335,"date":"2026-02-03T16:23:25","date_gmt":"2026-02-03T15:23:25","guid":{"rendered":"https:\/\/comixburo.com\/?post_type=product&#038;p=21335"},"modified":"2026-02-03T16:32:57","modified_gmt":"2026-02-03T15:32:57","slug":"tirage-de-luxe-les-aigles-de-rome-livre-iii","status":"publish","type":"product","link":"https:\/\/comixburo.com\/en\/product\/tirage-de-luxe-les-aigles-de-rome-livre-iii\/","title":{"rendered":"Tirage de luxe Les Aigles de Rome &#8211; Livre III"},"content":{"rendered":"<h3><strong>Tirage de luxe Les Aigles de Rome &#8211; Livre III &#8211; Marini<\/strong><\/h3>\n<p><strong>Tirage de luxe Les Aigles de Rome &#8211; Livre III<\/strong><\/p>\n<p>Auteur : Enrico Marini<br \/>\n\u00c9diteur : Khani \u00c9ditions<br \/>\nIsbn : 2-907159-96-8<br \/>\nDate de parution : 2011<br \/>\nFormat : 30,5 x 41 cm &#8211; Couverture cartonn\u00e9e et dos toil\u00e9<br \/>\nPagination : 116 pages couleurs<br \/>\nTirage : 500 exemplaires num\u00e9rot\u00e9s et sign\u00e9s accompagn\u00e9s d&rsquo;un\u00a0ex-libris num\u00e9rot\u00e9 et sign\u00e9 par Marini.<\/p>\n<p>***<br \/>\nTirage de luxe du troisi\u00e8me tome de la s\u00e9rie\u00a0Les Aigles de Rome\u00a0publi\u00e9 dans sa version courante aux \u00e9ditions Dargaud.<br \/>\n<strong>Caract\u00e9ristiques\u00a0<\/strong>:<br \/>\nLes pages de droite reprennent les planches telles que dessin\u00e9e par Marini, sans texte ni phylact\u00e8re.<br \/>\nLes pages de gauche reprennent le sc\u00e9nario original avec le d\u00e9coupage, des esquisses et crayonn\u00e9s de recherche.<br \/>\n1 ex-libris num\u00e9rot\u00e9 et sign\u00e9<br \/>\nCouverture en cuir avec le titre marqu\u00e9 \u00e0 chaud<\/p>\n<p>&nbsp;<\/p>","protected":false},"excerpt":{"rendered":"<h4 class=\"product_title entry-title wd-entities-title\" style=\"text-align: center;\">Tirage de luxe du troisi\u00e8me tome de la s\u00e9rie\u00a0<em>Les Aigles de Rome<\/em><\/h4>\n<h4 class=\"product_title entry-title wd-entities-title\" style=\"text-align: center;\">publi\u00e9 dans sa version courante aux \u00e9ditions Dargaud.<\/h4>","protected":false},"featured_media":21337,"comment_status":"open","ping_status":"closed","template":"","meta":[],"product_brand":[],"product_cat":[105,93],"product_tag":[],"class_list":{"0":"post-21335","1":"product","2":"type-product","3":"status-publish","4":"has-post-thumbnail","6":"product_cat-tirage-luxe","7":"product_cat-tous","9":"first","10":"instock","11":"sale","12":"taxable","13":"shipping-taxable","14":"purchasable","15":"product-type-simple"},"yoast_head":"<!-- This site is optimized with the Yoast SEO plugin v26.9 - https:\/\/yoast.com\/product\/yoast-seo-wordpress\/ -->\n<title>Tirage de luxe Les Aigles de Rome - Livre III - comixburo.com<\/title>\n<meta name=\"description\" content=\"Tirage de luxe Les Aigles de Rome - Livre III - 500 exemplaires num\u00e9rot\u00e9s et sign\u00e9s accompagn\u00e9s d&#039;un\u00a0ex-libris num\u00e9rot\u00e9 et sign\u00e9 par Marini.\" \/>\n<meta name=\"robots\" content=\"index, follow, max-snippet:-1, max-image-preview:large, max-video-preview:-1\" \/>\n<link rel=\"canonical\" href=\"https:\/\/comixburo.com\/en\/product\/tirage-de-luxe-les-aigles-de-rome-livre-iii\/\" \/>\n<meta property=\"og:locale\" content=\"en_GB\" \/>\n<meta property=\"og:type\" content=\"article\" \/>\n<meta property=\"og:title\" content=\"Tirage de luxe Les Aigles de Rome - Livre III - comixburo.com\" \/>\n<meta property=\"og:description\" content=\"Tirage de luxe Les Aigles de Rome - Livre III - 500 exemplaires num\u00e9rot\u00e9s et sign\u00e9s accompagn\u00e9s d&#039;un\u00a0ex-libris num\u00e9rot\u00e9 et sign\u00e9 par Marini.\" \/>\n<meta property=\"og:url\" content=\"https:\/\/comixburo.com\/en\/product\/tirage-de-luxe-les-aigles-de-rome-livre-iii\/\" \/>\n<meta property=\"og:site_name\" content=\"comixburo.com\" \/>\n<meta property=\"article:publisher\" content=\"https:\/\/www.facebook.com\/comixburo\" \/>\n<meta property=\"article:modified_time\" content=\"2026-02-03T15:32:57+00:00\" \/>\n<meta property=\"og:image\" content=\"https:\/\/comixburo.com\/wp-content\/uploads\/2026\/02\/t060-aigle-de-rome-khani-t3-marini-tirage-de-tete-1.jpeg\" \/>\n\t<meta property=\"og:image:width\" content=\"1000\" \/>\n\t<meta property=\"og:image:height\" content=\"820\" \/>\n\t<meta property=\"og:image:type\" content=\"image\/jpeg\" \/>\n<meta name=\"twitter:card\" content=\"summary_large_image\" \/>\n<meta name=\"twitter:label1\" content=\"Estimated reading time\" \/>\n\t<meta name=\"twitter:data1\" content=\"1 minute\" \/>\n<script type=\"application\/ld+json\" class=\"yoast-schema-graph\">{\"@context\":\"https:\/\/schema.org\",\"@graph\":[{\"@type\":\"WebPage\",\"@id\":\"https:\/\/comixburo.com\/produit\/tirage-de-luxe-les-aigles-de-rome-livre-iii\/\",\"url\":\"https:\/\/comixburo.com\/produit\/tirage-de-luxe-les-aigles-de-rome-livre-iii\/\",\"name\":\"Tirage de luxe Les Aigles de Rome - Livre III - comixburo.com\",\"isPartOf\":{\"@id\":\"https:\/\/comixburo.com\/#website\"},\"primaryImageOfPage\":{\"@id\":\"https:\/\/comixburo.com\/produit\/tirage-de-luxe-les-aigles-de-rome-livre-iii\/#primaryimage\"},\"image\":{\"@id\":\"https:\/\/comixburo.com\/produit\/tirage-de-luxe-les-aigles-de-rome-livre-iii\/#primaryimage\"},\"thumbnailUrl\":\"https:\/\/comixburo.com\/wp-content\/uploads\/2026\/02\/t060-aigle-de-rome-khani-t3-marini-tirage-de-tete-1.jpeg\",\"datePublished\":\"2026-02-03T15:23:25+00:00\",\"dateModified\":\"2026-02-03T15:32:57+00:00\",\"description\":\"Tirage de luxe Les Aigles de Rome - Livre III - 500 exemplaires num\u00e9rot\u00e9s et sign\u00e9s accompagn\u00e9s d'un\u00a0ex-libris num\u00e9rot\u00e9 et sign\u00e9 par Marini.\",\"breadcrumb\":{\"@id\":\"https:\/\/comixburo.com\/produit\/tirage-de-luxe-les-aigles-de-rome-livre-iii\/#breadcrumb\"},\"inLanguage\":\"en-GB\",\"potentialAction\":[{\"@type\":\"ReadAction\",\"target\":[\"https:\/\/comixburo.com\/produit\/tirage-de-luxe-les-aigles-de-rome-livre-iii\/\"]}]},{\"@type\":\"ImageObject\",\"inLanguage\":\"en-GB\",\"@id\":\"https:\/\/comixburo.com\/produit\/tirage-de-luxe-les-aigles-de-rome-livre-iii\/#primaryimage\",\"url\":\"https:\/\/comixburo.com\/wp-content\/uploads\/2026\/02\/t060-aigle-de-rome-khani-t3-marini-tirage-de-tete-1.jpeg\",\"contentUrl\":\"https:\/\/comixburo.com\/wp-content\/uploads\/2026\/02\/t060-aigle-de-rome-khani-t3-marini-tirage-de-tete-1.jpeg\",\"width\":1000,\"height\":820},{\"@type\":\"BreadcrumbList\",\"@id\":\"https:\/\/comixburo.com\/produit\/tirage-de-luxe-les-aigles-de-rome-livre-iii\/#breadcrumb\",\"itemListElement\":[{\"@type\":\"ListItem\",\"position\":1,\"name\":\"Home\",\"item\":\"https:\/\/comixburo.com\/\"},{\"@type\":\"ListItem\",\"position\":2,\"name\":\"La boutique Comix Buro\",\"item\":\"https:\/\/comixburo.com\/la-boutique-comix-buro\/\"},{\"@type\":\"ListItem\",\"position\":3,\"name\":\"Tirage de luxe Les Aigles de Rome &#8211; Livre III\"}]},{\"@type\":\"WebSite\",\"@id\":\"https:\/\/comixburo.com\/#website\",\"url\":\"https:\/\/comixburo.com\/\",\"name\":\"comixburo.com\",\"description\":\"Cr\u00e9ateur de projets : Sketchbook d&#039;artistes !\",\"publisher\":{\"@id\":\"https:\/\/comixburo.com\/#organization\"},\"alternateName\":\"Comix Buro\",\"potentialAction\":[{\"@type\":\"SearchAction\",\"target\":{\"@type\":\"EntryPoint\",\"urlTemplate\":\"https:\/\/comixburo.com\/?s={search_term_string}\"},\"query-input\":{\"@type\":\"PropertyValueSpecification\",\"valueRequired\":true,\"valueName\":\"search_term_string\"}}],\"inLanguage\":\"en-GB\"},{\"@type\":\"Organization\",\"@id\":\"https:\/\/comixburo.com\/#organization\",\"name\":\"comixburo.com\",\"url\":\"https:\/\/comixburo.com\/\",\"logo\":{\"@type\":\"ImageObject\",\"inLanguage\":\"en-GB\",\"@id\":\"https:\/\/comixburo.com\/#\/schema\/logo\/image\/\",\"url\":\"https:\/\/comixburo.com\/wp-content\/uploads\/2025\/04\/logo-cxb-ROND.webp\",\"contentUrl\":\"https:\/\/comixburo.com\/wp-content\/uploads\/2025\/04\/logo-cxb-ROND.webp\",\"width\":200,\"height\":200,\"caption\":\"comixburo.com\"},\"image\":{\"@id\":\"https:\/\/comixburo.com\/#\/schema\/logo\/image\/\"},\"sameAs\":[\"https:\/\/www.facebook.com\/comixburo\",\"https:\/\/www.instagram.com\/comixburo\/\"]}]}<\/script>\n<!-- \/ Yoast SEO plugin. -->","yoast_head_json":{"title":"Tirage de luxe Les Aigles de Rome - Livre III - comixburo.com","description":"Tirage de luxe Les Aigles de Rome - Livre III - 500 exemplaires num\u00e9rot\u00e9s et sign\u00e9s accompagn\u00e9s d'un\u00a0ex-libris num\u00e9rot\u00e9 et sign\u00e9 par Marini.","robots":{"index":"index","follow":"follow","max-snippet":"max-snippet:-1","max-image-preview":"max-image-preview:large","max-video-preview":"max-video-preview:-1"},"canonical":"https:\/\/comixburo.com\/en\/product\/tirage-de-luxe-les-aigles-de-rome-livre-iii\/","og_locale":"en_GB","og_type":"article","og_title":"Tirage de luxe Les Aigles de Rome - Livre III - comixburo.com","og_description":"Tirage de luxe Les Aigles de Rome - Livre III - 500 exemplaires num\u00e9rot\u00e9s et sign\u00e9s accompagn\u00e9s d'un\u00a0ex-libris num\u00e9rot\u00e9 et sign\u00e9 par Marini.","og_url":"https:\/\/comixburo.com\/en\/product\/tirage-de-luxe-les-aigles-de-rome-livre-iii\/","og_site_name":"comixburo.com","article_publisher":"https:\/\/www.facebook.com\/comixburo","article_modified_time":"2026-02-03T15:32:57+00:00","og_image":[{"width":1000,"height":820,"url":"https:\/\/comixburo.com\/wp-content\/uploads\/2026\/02\/t060-aigle-de-rome-khani-t3-marini-tirage-de-tete-1.jpeg","type":"image\/jpeg"}],"twitter_card":"summary_large_image","twitter_misc":{"Estimated reading time":"1 minute"},"schema":{"@context":"https:\/\/schema.org","@graph":[{"@type":"WebPage","@id":"https:\/\/comixburo.com\/produit\/tirage-de-luxe-les-aigles-de-rome-livre-iii\/","url":"https:\/\/comixburo.com\/produit\/tirage-de-luxe-les-aigles-de-rome-livre-iii\/","name":"Tirage de luxe Les Aigles de Rome - Livre III - comixburo.com","isPartOf":{"@id":"https:\/\/comixburo.com\/#website"},"primaryImageOfPage":{"@id":"https:\/\/comixburo.com\/produit\/tirage-de-luxe-les-aigles-de-rome-livre-iii\/#primaryimage"},"image":{"@id":"https:\/\/comixburo.com\/produit\/tirage-de-luxe-les-aigles-de-rome-livre-iii\/#primaryimage"},"thumbnailUrl":"https:\/\/comixburo.com\/wp-content\/uploads\/2026\/02\/t060-aigle-de-rome-khani-t3-marini-tirage-de-tete-1.jpeg","datePublished":"2026-02-03T15:23:25+00:00","dateModified":"2026-02-03T15:32:57+00:00","description":"Tirage de luxe Les Aigles de Rome - Livre III - 500 exemplaires num\u00e9rot\u00e9s et sign\u00e9s accompagn\u00e9s d'un\u00a0ex-libris num\u00e9rot\u00e9 et sign\u00e9 par Marini.","breadcrumb":{"@id":"https:\/\/comixburo.com\/produit\/tirage-de-luxe-les-aigles-de-rome-livre-iii\/#breadcrumb"},"inLanguage":"en-GB","potentialAction":[{"@type":"ReadAction","target":["https:\/\/comixburo.com\/produit\/tirage-de-luxe-les-aigles-de-rome-livre-iii\/"]}]},{"@type":"ImageObject","inLanguage":"en-GB","@id":"https:\/\/comixburo.com\/produit\/tirage-de-luxe-les-aigles-de-rome-livre-iii\/#primaryimage","url":"https:\/\/comixburo.com\/wp-content\/uploads\/2026\/02\/t060-aigle-de-rome-khani-t3-marini-tirage-de-tete-1.jpeg","contentUrl":"https:\/\/comixburo.com\/wp-content\/uploads\/2026\/02\/t060-aigle-de-rome-khani-t3-marini-tirage-de-tete-1.jpeg","width":1000,"height":820},{"@type":"BreadcrumbList","@id":"https:\/\/comixburo.com\/produit\/tirage-de-luxe-les-aigles-de-rome-livre-iii\/#breadcrumb","itemListElement":[{"@type":"ListItem","position":1,"name":"Home","item":"https:\/\/comixburo.com\/"},{"@type":"ListItem","position":2,"name":"La boutique Comix Buro","item":"https:\/\/comixburo.com\/la-boutique-comix-buro\/"},{"@type":"ListItem","position":3,"name":"Tirage de luxe Les Aigles de Rome &#8211; Livre III"}]},{"@type":"WebSite","@id":"https:\/\/comixburo.com\/#website","url":"https:\/\/comixburo.com\/","name":"comixburo.com","description":"Cr\u00e9ateur de projets : Sketchbook d&#039;artistes !","publisher":{"@id":"https:\/\/comixburo.com\/#organization"},"alternateName":"Comix Buro","potentialAction":[{"@type":"SearchAction","target":{"@type":"EntryPoint","urlTemplate":"https:\/\/comixburo.com\/?s={search_term_string}"},"query-input":{"@type":"PropertyValueSpecification","valueRequired":true,"valueName":"search_term_string"}}],"inLanguage":"en-GB"},{"@type":"Organization","@id":"https:\/\/comixburo.com\/#organization","name":"comixburo.com","url":"https:\/\/comixburo.com\/","logo":{"@type":"ImageObject","inLanguage":"en-GB","@id":"https:\/\/comixburo.com\/#\/schema\/logo\/image\/","url":"https:\/\/comixburo.com\/wp-content\/uploads\/2025\/04\/logo-cxb-ROND.webp","contentUrl":"https:\/\/comixburo.com\/wp-content\/uploads\/2025\/04\/logo-cxb-ROND.webp","width":200,"height":200,"caption":"comixburo.com"},"image":{"@id":"https:\/\/comixburo.com\/#\/schema\/logo\/image\/"},"sameAs":["https:\/\/www.facebook.com\/comixburo","https:\/\/www.instagram.com\/comixburo\/"]}]}},"jetpack_sharing_enabled":true,"_links":{"self":[{"href":"https:\/\/comixburo.com\/en\/wp-json\/wp\/v2\/product\/21335","targetHints":{"allow":["GET"]}}],"collection":[{"href":"https:\/\/comixburo.com\/en\/wp-json\/wp\/v2\/product"}],"about":[{"href":"https:\/\/comixburo.com\/en\/wp-json\/wp\/v2\/types\/product"}],"replies":[{"embeddable":true,"href":"https:\/\/comixburo.com\/en\/wp-json\/wp\/v2\/comments?post=21335"}],"version-history":[{"count":1,"href":"https:\/\/comixburo.com\/en\/wp-json\/wp\/v2\/product\/21335\/revisions"}],"predecessor-version":[{"id":21336,"href":"https:\/\/comixburo.com\/en\/wp-json\/wp\/v2\/product\/21335\/revisions\/21336"}],"wp:featuredmedia":[{"embeddable":true,"href":"https:\/\/comixburo.com\/en\/wp-json\/wp\/v2\/media\/21337"}],"wp:attachment":[{"href":"https:\/\/comixburo.com\/en\/wp-json\/wp\/v2\/media?parent=21335"}],"wp:term":[{"taxonomy":"product_brand","embeddable":true,"href":"https:\/\/comixburo.com\/en\/wp-json\/wp\/v2\/product_brand?post=21335"},{"taxonomy":"product_cat","embeddable":true,"href":"https:\/\/comixburo.com\/en\/wp-json\/wp\/v2\/product_cat?post=21335"},{"taxonomy":"product_tag","embeddable":true,"href":"https:\/\/comixburo.com\/en\/wp-json\/wp\/v2\/product_tag?post=21335"}],"curies":[{"name":"wp","href":"https:\/\/api.w.org\/{rel}","templated":true}]}}